{"id":9790,"date":"2024-09-12T06:47:06","date_gmt":"2024-09-12T06:47:06","guid":{"rendered":"https:\/\/nedes.significa.sk\/produkty\/ukoncovacie-viecko-pre-vonkajsie-podlahove-svietidla-lfl-cap1\/"},"modified":"2024-09-12T06:47:08","modified_gmt":"2024-09-12T06:47:08","slug":"ukoncovacie-viecko-pre-vonkajsie-podlahove-svietidla-lfl-cap1","status":"publish","type":"product","link":"https:\/\/nedes.significa.sk\/de\/produkty\/ukoncovacie-viecko-pre-vonkajsie-podlahove-svietidla-lfl-cap1\/","title":{"rendered":"Ukon\u010dovacie vie\u010dko pre vonkaj\u0161ie podlahov\u00e9 svietidl\u00e1 LFL- CAP1"},"content":{"rendered":"<p><span style=\"color: #000000;\"><strong>Ukon\u010dovacie vie\u010dko pre podlahov\u00e9 svietidl\u00e1 LFL series<\/strong> zna\u010dky <strong>NEDES<\/strong> sl\u00fa\u017ei na estetick\u00e9 a z\u00e1rove\u0148 praktick\u00e9 zakrytie konektorov a elektrick\u00fdch \u010dast\u00ed.<\/span><\/p>\n<p><span style=\"color: #000000;\">Poskytuje t\u00fdm dokon\u010den\u00fd vzh\u013ead.<\/span><\/p>\n<p><span style=\"color: #000000;\"><strong>Vie\u010dko<\/strong> chr\u00e1ni konektory pred prachom a vlhkos\u0165ou, minimalizuje tak riziko \u00farazu elektrick\u00fdm pr\u00fadom.<\/span><\/p>\n<p><span style=\"color: #000000;\">Na\u0161e <strong>svietidl\u00e1<\/strong> a ostatn\u00e9 v\u00fdrobky s\u00fa ob\u013e\u00faben\u00e9 na celom<strong> svete.<\/strong><\/span><\/p>\n<table style=\"height: 141px;\">\n<tbody>\n<tr style=\"height: 23px;\">\n<td style=\"width: 205px; height: 23px;\"><span style=\"text-decoration: underline; font-size: 16px;\"><strong><span style=\"color: #000000; text-decoration: underline;\">TECHNICK\u00c9 PARAMETRE<\/span><\/strong><\/span><\/td>\n<td style=\"width: 608px; height: 23px;\">&nbsp;<\/td>\n<\/tr>\n<tr style=\"height: 26px;\">\n<td style=\"width: 205px; height: 26px;\"><span style=\"color: #000000;\">krytie<\/span><\/td>\n<td style=\"width: 608px; height: 26px;\"><span style=\"color: #000000;\"><strong>IP67<\/strong><\/span><\/td>\n<\/tr>\n<tr style=\"height: 23px;\">\n<td style=\"width: 205px; height: 23px;\"><span style=\"color: #000000;\">pou\u017eitie pre<\/span><\/td>\n<td style=\"width: 608px; height: 23px;\"><span style=\"color: #000000;\"><strong>LFL series<\/strong><\/span><\/td>\n<\/tr>\n<tr style=\"height: 23px;\">\n<td style=\"width: 205px; height: 23px;\"><span style=\"color: #000000;\">balenie<\/span><\/td>\n<td style=\"width: 608px; height: 23px;\"><span style=\"color: #000000;\"><strong>10\/500<\/strong><\/span><\/td>\n<\/tr>\n<\/tbody>\n<\/table>\n","protected":false},"excerpt":{"rendered":"<p>Ukon\u010dovacie vie\u010dko pre podlahov\u00e9 svietidl\u00e1 LFL series zna\u010dky NEDES sl\u00fa\u017ei na estetick\u00e9 a z\u00e1rove\u0148 praktick\u00e9 zakrytie konektorov a elektrick\u00fdch \u010dast\u00ed. Poskytuje t\u00fdm dokon\u010den\u00fd vzh\u013ead. Vie\u010dko chr\u00e1ni konektory pred prachom a vlhkos\u0165ou, minimalizuje tak riziko \u00farazu elektrick\u00fdm pr\u00fadom. Na\u0161e svietidl\u00e1 a ostatn\u00e9 v\u00fdrobky s\u00fa ob\u013e\u00faben\u00e9 na celom svete. TECHNICK\u00c9 PARAMETRE &nbsp; krytie IP67 pou\u017eitie pre LFL [&hellip;]<\/p>\n","protected":false},"featured_media":9791,"comment_status":"closed","ping_status":"open","template":"","meta":[],"product_brand":[],"product_cat":[108],"product_tag":[],"class_list":{"0":"post-9790","1":"product","2":"type-product","3":"status-publish","4":"has-post-thumbnail","6":"product_cat-dc12v","8":"first","9":"instock","10":"purchasable","11":"product-type-simple"},"_links":{"self":[{"href":"https:\/\/nedes.significa.sk\/de\/wp-json\/wp\/v2\/product\/9790","targetHints":{"allow":["GET"]}}],"collection":[{"href":"https:\/\/nedes.significa.sk\/de\/wp-json\/wp\/v2\/product"}],"about":[{"href":"https:\/\/nedes.significa.sk\/de\/wp-json\/wp\/v2\/types\/product"}],"replies":[{"embeddable":true,"href":"https:\/\/nedes.significa.sk\/de\/wp-json\/wp\/v2\/comments?post=9790"}],"wp:featuredmedia":[{"embeddable":true,"href":"https:\/\/nedes.significa.sk\/de\/wp-json\/wp\/v2\/media\/9791"}],"wp:attachment":[{"href":"https:\/\/nedes.significa.sk\/de\/wp-json\/wp\/v2\/media?parent=9790"}],"wp:term":[{"taxonomy":"product_brand","embeddable":true,"href":"https:\/\/nedes.significa.sk\/de\/wp-json\/wp\/v2\/product_brand?post=9790"},{"taxonomy":"product_cat","embeddable":true,"href":"https:\/\/nedes.significa.sk\/de\/wp-json\/wp\/v2\/product_cat?post=9790"},{"taxonomy":"product_tag","embeddable":true,"href":"https:\/\/nedes.significa.sk\/de\/wp-json\/wp\/v2\/product_tag?post=9790"}],"curies":[{"name":"wp","href":"https:\/\/api.w.org\/{rel}","templated":true}]}}