{"id":9933,"date":"2024-09-12T06:47:52","date_gmt":"2024-09-12T06:47:52","guid":{"rendered":"https:\/\/nedes.significa.sk\/produkty\/naklopny-drziak-60-60-pre-led-poulicne-svietidla-aas03\/"},"modified":"2024-09-12T06:48:10","modified_gmt":"2024-09-12T06:48:10","slug":"naklopny-drziak-60-60-pre-led-poulicne-svietidla-aas03","status":"publish","type":"product","link":"https:\/\/nedes.significa.sk\/de\/produkty\/naklopny-drziak-60-60-pre-led-poulicne-svietidla-aas03\/","title":{"rendered":"N\u00e1klopn\u00fd dr\u017eiak 60 &#8211; 60 pre LED pouli\u010dn\u00e9 svietidl\u00e1 &#8211; AAS03"},"content":{"rendered":"<p><span style=\"color: #000000;\"><strong>N\u00e1klopn\u00fd dr\u017eiak <\/strong>60 &#8211; 60 pre<strong> LED pouli\u010dn\u00e9 svietidl\u00e1 <\/strong>zna\u010dky<strong> Nedes, <\/strong>je mo\u017en\u00e9 si zak\u00fapi\u0165 k <strong>LED pouli\u010dn\u00fdm svetl\u00e1m<\/strong> LSL121, LSL222, LSL422, LSL423, LSL321N a LSL323N. <\/span><\/p>\n<p><span style=\"color: #000000;\">Na\u0161e <strong>svietidl\u00e1<\/strong> a ostatn\u00e9 v\u00fdrobky s\u00fa v\u010faka svojej n\u00edzkej spotrebe energie ob\u013e\u00faben\u00e9 na celom <strong>svete.<\/strong><\/span><\/p>\n<table style=\"height: 442px;\">\n<tbody>\n<tr style=\"height: 23px;\">\n<td style=\"width: 205px; height: 23px;\"><span style=\"text-decoration: underline; font-size: 16px;\"><strong><span style=\"color: #000000; text-decoration: underline;\">TECHNICK\u00c9 PARAMETRE<\/span><\/strong><\/span><\/td>\n<td style=\"width: 608px; height: 23px;\">&nbsp;<\/td>\n<\/tr>\n<tr style=\"height: 23px;\">\n<td style=\"width: 205px; height: 65px;\"><span style=\"color: #000000;\">nakl\u00e1panie<\/span><\/td>\n<td style=\"width: 608px; height: 65px;\"><span style=\"color: #000000;\"><strong>180\u00b0<\/strong><\/span><\/td>\n<\/tr>\n<tr style=\"height: 68px;\">\n<td style=\"width: 205px; height: 68px;\"><span style=\"color: #000000;\">uchytenie na<\/span><\/td>\n<td style=\"width: 608px; height: 68px;\"><span style=\"color: #000000;\"><strong>v\u00fdlo\u017en\u00edk s&nbsp;\u00d8 60mm<\/strong><\/span><\/td>\n<\/tr>\n<tr style=\"height: 23px;\">\n<td style=\"width: 205px; height: 75px;\"><span style=\"color: #000000;\">pou\u017eitie pre<\/span><\/td>\n<td style=\"width: 608px; height: 75px;\"><span style=\"color: #000000;\"><strong>svietidl\u00e1 s dierou \u00d8 60mm (LSL121, LSL222, LSL422, LSL423,LSL321N,LSL323N)<\/strong><\/span><\/td>\n<\/tr>\n<tr style=\"height: 69px;\">\n<td style=\"width: 205px; height: 69px;\"><span style=\"color: #000000;\">rozmer (mm)<\/span><\/td>\n<td style=\"width: 608px; height: 69px;\"><span style=\"color: #000000;\"><strong>80 x 267<\/strong><\/span><\/td>\n<\/tr>\n<tr style=\"height: 72px;\">\n<td style=\"width: 205px; height: 72px;\"><span style=\"color: #000000;\">farba<\/span><\/td>\n<td style=\"width: 608px; height: 72px;\"><span style=\"color: #000000;\"><strong>\u0161ed\u00e1<\/strong><\/span><\/td>\n<\/tr>\n<tr style=\"height: 23px;\">\n<td style=\"width: 205px; height: 70px;\"><span style=\"color: #000000;\">balenie<\/span><\/td>\n<td style=\"width: 608px; height: 70px;\"><span style=\"color: #000000;\"><strong>1\/16<\/strong><\/span><\/td>\n<\/tr>\n<\/tbody>\n<\/table>\n","protected":false},"excerpt":{"rendered":"<p>N\u00e1klopn\u00fd dr\u017eiak 60 &#8211; 60 pre LED pouli\u010dn\u00e9 svietidl\u00e1 zna\u010dky Nedes, je mo\u017en\u00e9 si zak\u00fapi\u0165 k LED pouli\u010dn\u00fdm svetl\u00e1m LSL121, LSL222, LSL422, LSL423, LSL321N a LSL323N. Na\u0161e svietidl\u00e1 a ostatn\u00e9 v\u00fdrobky s\u00fa v\u010faka svojej n\u00edzkej spotrebe energie ob\u013e\u00faben\u00e9 na celom svete. TECHNICK\u00c9 PARAMETRE &nbsp; nakl\u00e1panie 180\u00b0 uchytenie na v\u00fdlo\u017en\u00edk s&nbsp;\u00d8 60mm pou\u017eitie pre svietidl\u00e1 s [&hellip;]<\/p>\n","protected":false},"featured_media":9934,"comment_status":"closed","ping_status":"open","template":"","meta":[],"product_brand":[],"product_cat":[119],"product_tag":[],"class_list":{"0":"post-9933","1":"product","2":"type-product","3":"status-publish","4":"has-post-thumbnail","6":"product_cat-prislusenstvo-led-verejne-osvetlenie","8":"first","9":"instock","10":"purchasable","11":"product-type-simple"},"_links":{"self":[{"href":"https:\/\/nedes.significa.sk\/de\/wp-json\/wp\/v2\/product\/9933","targetHints":{"allow":["GET"]}}],"collection":[{"href":"https:\/\/nedes.significa.sk\/de\/wp-json\/wp\/v2\/product"}],"about":[{"href":"https:\/\/nedes.significa.sk\/de\/wp-json\/wp\/v2\/types\/product"}],"replies":[{"embeddable":true,"href":"https:\/\/nedes.significa.sk\/de\/wp-json\/wp\/v2\/comments?post=9933"}],"wp:featuredmedia":[{"embeddable":true,"href":"https:\/\/nedes.significa.sk\/de\/wp-json\/wp\/v2\/media\/9934"}],"wp:attachment":[{"href":"https:\/\/nedes.significa.sk\/de\/wp-json\/wp\/v2\/media?parent=9933"}],"wp:term":[{"taxonomy":"product_brand","embeddable":true,"href":"https:\/\/nedes.significa.sk\/de\/wp-json\/wp\/v2\/product_brand?post=9933"},{"taxonomy":"product_cat","embeddable":true,"href":"https:\/\/nedes.significa.sk\/de\/wp-json\/wp\/v2\/product_cat?post=9933"},{"taxonomy":"product_tag","embeddable":true,"href":"https:\/\/nedes.significa.sk\/de\/wp-json\/wp\/v2\/product_tag?post=9933"}],"curies":[{"name":"wp","href":"https:\/\/api.w.org\/{rel}","templated":true}]}}