{"id":10296,"date":"2024-09-12T06:50:23","date_gmt":"2024-09-12T06:50:23","guid":{"rendered":"https:\/\/nedes.significa.sk\/produkty\/izolacna-paska-19mm-20m-zlto-zelena-tp1920-yg\/"},"modified":"2024-09-12T06:50:47","modified_gmt":"2024-09-12T06:50:47","slug":"izolacna-paska-19mm-20m-zlto-zelena-tp1920-yg","status":"publish","type":"product","link":"https:\/\/nedes.significa.sk\/en\/produkty\/izolacna-paska-19mm-20m-zlto-zelena-tp1920-yg\/","title":{"rendered":"Izola\u010dn\u00e1 p\u00e1ska 19mm \/ 20m \u017elto \/ zelen\u00e1 &#8211; TP1920\/YG"},"content":{"rendered":"<p><span style=\"color: #000000;\"><strong>Izola\u010dn\u00e1 p\u00e1ska PVC<\/strong> zna\u010dky<strong> NEDES<\/strong>, v <strong>\u017elto-zelenom<\/strong> farebnom preveden\u00ed, je praktick\u00fdm a v\u0161estrann\u00fdm rie\u0161en\u00edm pre <strong>izol\u00e1ciu<\/strong> a <strong>ozna\u010dovanie<\/strong> v elektrick\u00fdch a in\u00fdch aplika\u010dn\u00fdch oblastaich. <\/span><\/p>\n<p><span style=\"color: #000000;\">Umo\u017e\u0148uje jasn\u00fa identifik\u00e1ciu a ozna\u010dovanie vodi\u010dov a in\u00fdch komponentov.<\/span><\/p>\n<p><span style=\"color: #000000;\"> P\u00e1ska je \u013eahko manipulovate\u013en\u00e1, odoln\u00e1 vo\u010di poveternostn\u00fdm vplyvom a poskytuje spo\u013eahliv\u00fa izol\u00e1ciu. <\/span><\/p>\n<p><span style=\"color: #000000;\">Ide\u00e1lne pre profesion\u00e1lych elektrik\u00e1rov a dom\u00e1cich majstrov, ktor\u00ed h\u013eadaj\u00fa efekt\u00edvne rie\u0161enie pre izola\u010dn\u00e9 \u00fa\u010dely. <\/span><\/p>\n<p><span style=\"color: #000000;\">Na\u0161e produkty s\u00fa ob\u013e\u00faben\u00e9 na celom <strong>svete.<\/strong><\/span><\/p>\n<table style=\"height: 235px;\">\n<tbody>\n<tr style=\"height: 23px;\">\n<td style=\"width: 192.359375px; height: 23px;\"><span style=\"text-decoration: underline; font-size: 16px;\"><strong><span style=\"color: #000000; text-decoration: underline;\">TECHNICK\u00c9 PARAMETRE<\/span><\/strong><\/span><\/td>\n<td style=\"width: 537.59375px; height: 23px;\">&nbsp;<\/td>\n<\/tr>\n<tr style=\"height: 23px;\">\n<td style=\"width: 192.359375px; height: 23px;\"><span style=\"color: #000000;\">rozmer<\/span><\/td>\n<td style=\"width: 537.59375px; height: 23px;\"><span style=\"color: #000000;\"><strong>19mm x 20m x 0,13mm<\/strong><\/span><\/td>\n<\/tr>\n<tr style=\"height: 23px;\">\n<td style=\"width: 192.359375px; height: 23px;\"><span style=\"color: #000000;\">farba<\/span><\/td>\n<td style=\"width: 537.59375px; height: 23px;\"><span style=\"background-color: #ffffff; color: #000000;\"><strong>\u017elto\/zelen\u00e1<\/strong><\/span><\/td>\n<\/tr>\n<tr style=\"height: 23px;\">\n<td style=\"width: 192.359375px; height: 23px;\"><span style=\"color: #000000;\">materi\u00e1l<\/span><\/td>\n<td style=\"width: 537.59375px; height: 23px;\"><span style=\"color: #000000;\"><strong>PVC<\/strong><\/span><\/td>\n<\/tr>\n<tr style=\"height: 23px;\">\n<td style=\"width: 192.359375px; height: 23px;\"><span style=\"color: #000000;\">min. elektrick\u00e1 pevnos\u0165<\/span><\/td>\n<td style=\"width: 537.59375px; height: 23px;\"><strong><span style=\"color: #000000;\">40kV\/mm<\/span><\/strong><\/td>\n<\/tr>\n<tr style=\"height: 23px;\">\n<td style=\"width: 192.359375px; height: 23px;\"><span style=\"color: #000000;\">min. pred\u013a\u017eenie<\/span><\/td>\n<td style=\"width: 537.59375px; height: 23px;\"><span style=\"color: #000000;\"><strong>125%<\/strong><\/span><\/td>\n<\/tr>\n<tr style=\"height: 23px;\">\n<td style=\"width: 192.359375px; height: 23px;\"><span style=\"color: #000000;\">vodotesn\u00fd spoj<\/span><\/td>\n<td style=\"width: 537.59375px; height: 23px;\"><span style=\"color: #000000;\"><strong>\u00e1no<\/strong><\/span><\/td>\n<\/tr>\n<tr style=\"height: 23px;\">\n<td style=\"width: 192.359375px; height: 28px;\"><span style=\"color: #000000;\">pevnos\u0165 v \u0165ahu<\/span><\/td>\n<td style=\"width: 537.59375px; height: 28px;\"><span style=\"color: #000000;\"><strong>150N\/10mm<\/strong><\/span><\/td>\n<\/tr>\n<tr style=\"height: 23px;\">\n<td style=\"width: 192.359375px; height: 23px;\"><span style=\"color: #000000;\">pr\u00edpustn\u00e1 teplota okolia<\/span><\/td>\n<td style=\"width: 537.59375px; height: 23px;\"><strong><span style=\"color: #000000;\">-25\u00b0 &#8211; +90\u00b0C<\/span><\/strong><\/td>\n<\/tr>\n<tr style=\"height: 23px;\">\n<td style=\"width: 192.359375px; height: 23px;\"><span style=\"color: #000000;\">balenie<\/span><\/td>\n<td style=\"width: 537.59375px; height: 23px;\"><span style=\"color: #000000;\"><strong>1\/10\/300<\/strong><\/span><\/td>\n<\/tr>\n<\/tbody>\n<\/table>\n","protected":false},"excerpt":{"rendered":"<p>Izola\u010dn\u00e1 p\u00e1ska PVC zna\u010dky NEDES, v \u017elto-zelenom farebnom preveden\u00ed, je praktick\u00fdm a v\u0161estrann\u00fdm rie\u0161en\u00edm pre izol\u00e1ciu a ozna\u010dovanie v elektrick\u00fdch a in\u00fdch aplika\u010dn\u00fdch oblastaich. Umo\u017e\u0148uje jasn\u00fa identifik\u00e1ciu a ozna\u010dovanie vodi\u010dov a in\u00fdch komponentov. P\u00e1ska je \u013eahko manipulovate\u013en\u00e1, odoln\u00e1 vo\u010di poveternostn\u00fdm vplyvom a poskytuje spo\u013eahliv\u00fa izol\u00e1ciu. Ide\u00e1lne pre profesion\u00e1lych elektrik\u00e1rov a dom\u00e1cich majstrov, ktor\u00ed h\u013eadaj\u00fa efekt\u00edvne [&hellip;]<\/p>\n","protected":false},"featured_media":10297,"comment_status":"closed","ping_status":"open","template":"","meta":[],"product_brand":[],"product_cat":[133],"product_tag":[],"class_list":{"0":"post-10296","1":"product","2":"type-product","3":"status-publish","4":"has-post-thumbnail","6":"product_cat-izolacne-pasky-pvc","8":"first","9":"instock","10":"purchasable","11":"product-type-simple"},"_links":{"self":[{"href":"https:\/\/nedes.significa.sk\/en\/wp-json\/wp\/v2\/product\/10296","targetHints":{"allow":["GET"]}}],"collection":[{"href":"https:\/\/nedes.significa.sk\/en\/wp-json\/wp\/v2\/product"}],"about":[{"href":"https:\/\/nedes.significa.sk\/en\/wp-json\/wp\/v2\/types\/product"}],"replies":[{"embeddable":true,"href":"https:\/\/nedes.significa.sk\/en\/wp-json\/wp\/v2\/comments?post=10296"}],"wp:featuredmedia":[{"embeddable":true,"href":"https:\/\/nedes.significa.sk\/en\/wp-json\/wp\/v2\/media\/10297"}],"wp:attachment":[{"href":"https:\/\/nedes.significa.sk\/en\/wp-json\/wp\/v2\/media?parent=10296"}],"wp:term":[{"taxonomy":"product_brand","embeddable":true,"href":"https:\/\/nedes.significa.sk\/en\/wp-json\/wp\/v2\/product_brand?post=10296"},{"taxonomy":"product_cat","embeddable":true,"href":"https:\/\/nedes.significa.sk\/en\/wp-json\/wp\/v2\/product_cat?post=10296"},{"taxonomy":"product_tag","embeddable":true,"href":"https:\/\/nedes.significa.sk\/en\/wp-json\/wp\/v2\/product_tag?post=10296"}],"curies":[{"name":"wp","href":"https:\/\/api.w.org\/{rel}","templated":true}]}}