{"id":10305,"date":"2024-09-12T06:50:50","date_gmt":"2024-09-12T06:50:50","guid":{"rendered":"https:\/\/nedes.significa.sk\/produkty\/led-podlinkove-svietidlo-15w-ip44-lb04-600-smd-4000k-ch-lnl7521-ch\/"},"modified":"2024-09-12T06:50:52","modified_gmt":"2024-09-12T06:50:52","slug":"led-podlinkove-svietidlo-15w-ip44-lb04-600-smd-4000k-ch-lnl7521-ch","status":"publish","type":"product","link":"https:\/\/nedes.significa.sk\/en\/produkty\/led-podlinkove-svietidlo-15w-ip44-lb04-600-smd-4000k-ch-lnl7521-ch\/","title":{"rendered":"LED podlinkov\u00e9 svietidlo 15W \/ IP44 LB04 \/ 600 \/ SMD \/ 4000K \/ CH &#8211; LNL7521\/CH"},"content":{"rendered":"<p><span style=\"color: #000000;\"><strong>LED line\u00e1rne svietidlo<\/strong>&nbsp;zna\u010dky<strong> NEDES<\/strong>&nbsp;je v\u00fdbornou vo\u013ebou pre <strong>interi\u00e9rov\u00e9<\/strong><strong>&nbsp;osvetlenie<\/strong>.<\/span><\/p>\n<p><span style=\"color: #000000;\">Svieti jasnou l\u00edniou v neutr\u00e1lnej bielej farbe svetla. <\/span><\/p>\n<p><span style=\"color: #000000;\">V\u010faka svojej n\u00edzkej spotrebe energie s\u00fa tieto <strong>svietidl\u00e1 <\/strong>ob\u013e\u00faben\u00e9 na celom <strong>svete.<\/strong><\/span><\/p>\n<table style=\"height: 465px;\">\n<tbody>\n<tr style=\"height: 23px;\">\n<td style=\"width: 205px; height: 23px;\"><span style=\"text-decoration: underline; font-size: 16px;\"><strong><span style=\"color: #000000; text-decoration: underline;\">TECHNICK\u00c9 PARAMETRE<\/span><\/strong><\/span><\/td>\n<td style=\"width: 608px; height: 23px;\">&nbsp;<\/td>\n<\/tr>\n<tr style=\"height: 23px;\">\n<td style=\"width: 205px; height: 23px;\"><span style=\"color: #000000;\">spotreba<\/span><\/td>\n<td style=\"width: 608px; height: 23px;\"><span style=\"color: #000000;\"><strong>15W<\/strong><\/span><\/td>\n<\/tr>\n<tr style=\"height: 23px;\">\n<td style=\"width: 205px; height: 23px;\"><span style=\"color: #000000;\">sveteln\u00fd tok<\/span><\/td>\n<td style=\"width: 608px; height: 23px;\"><span style=\"color: #000000;\"><strong>1400Lm<\/strong><\/span><\/td>\n<\/tr>\n<tr style=\"height: 23px;\">\n<td style=\"width: 205px; height: 23px;\"><span style=\"color: #000000;\">krytie<\/span><\/td>\n<td style=\"width: 608px; height: 23px;\"><span style=\"color: #000000;\"><strong>IP44<\/strong><\/span><\/td>\n<\/tr>\n<tr style=\"height: 23px;\">\n<td style=\"width: 205px; height: 23px;\"><span style=\"color: #000000;\">chromati\u010dnos\u0165 (farba svetla)<\/span><\/td>\n<td style=\"width: 608px; height: 23px;\"><span style=\"color: #000000;\"><strong>4000K &#8211; neutr\u00e1lna biela<\/strong><\/span><\/td>\n<\/tr>\n<tr style=\"height: 23px;\">\n<td style=\"width: 205px; height: 23px;\"><span style=\"color: #000000;\">stupe\u0148 mechanickej ochrany<\/span><\/td>\n<td style=\"width: 608px; height: 23px;\"><span style=\"color: #000000;\"><strong>IK08<\/strong><\/span><\/td>\n<\/tr>\n<tr style=\"height: 23px;\">\n<td style=\"width: 205px; height: 23px;\"><span style=\"color: #000000;\">uhol svetla<\/span><\/td>\n<td style=\"width: 608px; height: 23px;\"><span style=\"color: #000000;\"><strong>150\u00b0<\/strong><\/span><\/td>\n<\/tr>\n<tr style=\"height: 23px;\">\n<td style=\"width: 205px; height: 23px;\"><span style=\"color: #000000;\">rozmer (mm)<\/span><\/td>\n<td style=\"width: 608px; height: 23px;\"><span style=\"color: #000000;\"><strong>565 x 44 x 64<\/strong><\/span><\/td>\n<\/tr>\n<tr style=\"height: 23px;\">\n<td style=\"width: 205px; height: 23px;\"><span style=\"color: #000000;\">senzor<\/span><\/td>\n<td style=\"width: 608px; height: 23px;\"><span style=\"color: #000000;\"><strong>&#8211;<\/strong><\/span><\/td>\n<\/tr>\n<tr style=\"height: 23px;\">\n<td style=\"width: 205px; height: 23px;\"><span style=\"color: #000000;\">nadp\u00e1jateln\u00e9<\/span><\/td>\n<td style=\"width: 608px; height: 23px;\"><strong><span style=\"color: #000000;\">&#8211;<\/span><\/strong><\/td>\n<\/tr>\n<tr style=\"height: 23px;\">\n<td style=\"width: 205px; height: 23px;\"><span style=\"color: #000000;\">vyp\u00edna\u010d<\/span><\/td>\n<td style=\"width: 608px; height: 23px;\"><span style=\"color: #000000;\"><strong>&#8211;<\/strong><\/span><\/td>\n<\/tr>\n<tr style=\"height: 23px;\">\n<td style=\"width: 205px; height: 23px;\"><span style=\"color: #000000;\">nap\u00e4tie <\/span><\/td>\n<td style=\"width: 608px; height: 23px;\"><span style=\"color: #000000;\"><strong>AC180 &#8211; 265V<\/strong><\/span><\/td>\n<\/tr>\n<tr style=\"height: 23px;\">\n<td style=\"width: 205px; height: 23px;\"><span style=\"color: #000000;\">\u017eivotnos\u0165<\/span><\/td>\n<td style=\"width: 608px; height: 23px;\"><span style=\"color: #000000;\"><strong>30 000h<\/strong><\/span><\/td>\n<\/tr>\n<tr style=\"height: 23px;\">\n<td style=\"width: 205px; height: 23px;\"><span style=\"color: #000000;\">sp\u00ednac\u00ed cyklus<\/span><\/td>\n<td style=\"width: 608px; height: 23px;\"><span style=\"color: #000000;\"><strong>15 000 x<\/strong><\/span><\/td>\n<\/tr>\n<tr style=\"height: 23px;\">\n<td style=\"width: 205px; height: 23px;\"><span style=\"color: #000000;\">hmotnos\u0165 netto (g)<\/span><\/td>\n<td style=\"width: 608px; height: 23px;\"><span style=\"color: #000000;\"><strong>412<\/strong><\/span><\/td>\n<\/tr>\n<tr style=\"height: 23px;\">\n<td style=\"width: 205px; height: 28px;\"><span style=\"color: #000000;\">stmievate\u013en\u00e1<\/span><\/td>\n<td style=\"width: 608px; height: 28px;\"><span style=\"color: #000000;\"><strong>nie<\/strong><\/span><\/td>\n<\/tr>\n<tr style=\"height: 23px;\">\n<td style=\"width: 205px; height: 23px;\"><span style=\"color: #000000;\">materi\u00e1l<\/span><\/td>\n<td style=\"width: 608px; height: 23px;\"><strong><span style=\"color: #000000;\">aluminium + chrom. kryty<\/span><\/strong><\/td>\n<\/tr>\n<tr style=\"height: 23px;\">\n<td style=\"width: 205px; height: 23px;\"><span style=\"color: #000000;\">typ dif\u00fazora<\/span><\/td>\n<td style=\"width: 608px; height: 23px;\"><strong><span style=\"color: #000000;\">op\u00e1lov\u00fd<\/span><\/strong><\/td>\n<\/tr>\n<tr style=\"height: 23px;\">\n<td style=\"width: 205px; height: 23px;\"><span style=\"color: #000000;\">balenie<\/span><\/td>\n<td style=\"width: 608px; height: 23px;\"><span style=\"color: #000000;\"><strong>1\/50<\/strong><\/span><\/td>\n<\/tr>\n<tr>\n<td style=\"width: 205px;\"><span style=\"color: #000000;\">LED s\u00fa nevymenite\u013en\u00e9<\/span><span style=\"color: #000000;\"><br \/><\/span><\/td>\n<td style=\"width: 608px;\"><span style=\"color: #000000;\"><strong>&nbsp;<\/strong><\/span><\/td>\n<\/tr>\n<\/tbody>\n<\/table>\n<p>-cena produktu zah\u0155\u0148a recykla\u010dn\u00fd poplatok v hodnote 0,40\u20ac bez DPH (0,48\u20ac s DPH)<\/p>\n","protected":false},"excerpt":{"rendered":"<p>LED line\u00e1rne svietidlo&nbsp;zna\u010dky NEDES&nbsp;je v\u00fdbornou vo\u013ebou pre interi\u00e9rov\u00e9&nbsp;osvetlenie. Svieti jasnou l\u00edniou v neutr\u00e1lnej bielej farbe svetla. V\u010faka svojej n\u00edzkej spotrebe energie s\u00fa tieto svietidl\u00e1 ob\u013e\u00faben\u00e9 na celom svete. TECHNICK\u00c9 PARAMETRE &nbsp; spotreba 15W sveteln\u00fd tok 1400Lm krytie IP44 chromati\u010dnos\u0165 (farba svetla) 4000K &#8211; neutr\u00e1lna biela stupe\u0148 mechanickej ochrany IK08 uhol svetla 150\u00b0 rozmer (mm) 565 [&hellip;]<\/p>\n","protected":false},"featured_media":10306,"comment_status":"closed","ping_status":"open","template":"","meta":[],"product_brand":[],"product_cat":[104],"product_tag":[],"class_list":{"0":"post-10305","1":"product","2":"type-product","3":"status-publish","4":"has-post-thumbnail","6":"product_cat-led-linear-ip44","8":"first","9":"instock","10":"purchasable","11":"product-type-simple"},"_links":{"self":[{"href":"https:\/\/nedes.significa.sk\/en\/wp-json\/wp\/v2\/product\/10305","targetHints":{"allow":["GET"]}}],"collection":[{"href":"https:\/\/nedes.significa.sk\/en\/wp-json\/wp\/v2\/product"}],"about":[{"href":"https:\/\/nedes.significa.sk\/en\/wp-json\/wp\/v2\/types\/product"}],"replies":[{"embeddable":true,"href":"https:\/\/nedes.significa.sk\/en\/wp-json\/wp\/v2\/comments?post=10305"}],"wp:featuredmedia":[{"embeddable":true,"href":"https:\/\/nedes.significa.sk\/en\/wp-json\/wp\/v2\/media\/10306"}],"wp:attachment":[{"href":"https:\/\/nedes.significa.sk\/en\/wp-json\/wp\/v2\/media?parent=10305"}],"wp:term":[{"taxonomy":"product_brand","embeddable":true,"href":"https:\/\/nedes.significa.sk\/en\/wp-json\/wp\/v2\/product_brand?post=10305"},{"taxonomy":"product_cat","embeddable":true,"href":"https:\/\/nedes.significa.sk\/en\/wp-json\/wp\/v2\/product_cat?post=10305"},{"taxonomy":"product_tag","embeddable":true,"href":"https:\/\/nedes.significa.sk\/en\/wp-json\/wp\/v2\/product_tag?post=10305"}],"curies":[{"name":"wp","href":"https:\/\/api.w.org\/{rel}","templated":true}]}}