{"id":10450,"date":"2024-09-12T06:51:42","date_gmt":"2024-09-12T06:51:42","guid":{"rendered":"https:\/\/nedes.significa.sk\/produkty\/vonkajsi-led-profi-reflektor-s-wifi-a-bluetooth-30w-3000k-6500k-rgb-bk-lf6033w\/"},"modified":"2024-09-12T06:51:55","modified_gmt":"2024-09-12T06:51:55","slug":"vonkajsi-led-profi-reflektor-s-wifi-a-bluetooth-30w-3000k-6500k-rgb-bk-lf6033w","status":"publish","type":"product","link":"https:\/\/nedes.significa.sk\/en\/produkty\/vonkajsi-led-profi-reflektor-s-wifi-a-bluetooth-30w-3000k-6500k-rgb-bk-lf6033w\/","title":{"rendered":"Vonkaj\u0161\u00ed LED PROFI reflektor s WIFI a BLUETOOTH 30W \/ 3000K &#8211; 6500K + RGB \/ BK &#8211; LF6033W"},"content":{"rendered":"<p><span style=\"color: #000000;\"><strong>LED reflektor <\/strong>zna\u010dky <strong>NEDES <\/strong>v \u010diernom farebnom preveden\u00ed disponuje<strong>&nbsp;<\/strong><strong>dr\u017eiakom <\/strong>a vysokokvalitn\u00fdmi <strong>LED \u010dipmi.<\/strong><\/span><\/p>\n<p><span style=\"color: #000000;\">Mo\u017enos\u0165 pripojenia cez <strong>WIFI, Bluetooth <\/strong>a<strong> TUYA Smart, <\/strong>\u010do umo\u017e\u0148uje ovl\u00e1danie<strong> cez aplik\u00e1ciu<\/strong>. <\/span><\/p>\n<p><span style=\"color: #000000;\">Je vhodn\u00fd <strong>do interi\u00e9ru<\/strong> napr. do gar\u00e1\u017ee, na stavby a <strong>exteri\u00e9ru<\/strong> napr. na osvetlenie z\u00e1hrad, domov alebo dvorov. <\/span><\/p>\n<p><span style=\"color: #000000;\">Je vyroben\u00fd z kvalitn\u00fdch a odoln\u00fdch materi\u00e1lov. <\/span><\/p>\n<p><span style=\"color: #000000;\">Disponuje mo\u017enos\u0165ou <strong>zmeny farby svetla<\/strong> od<strong> teplej<\/strong>, cez <strong>neutr\u00e1lnu <\/strong>a\u017e <strong>studen\u00fa<\/strong><strong> bielu farbu, stmievan\u00edm, <\/strong><strong>no\u010dn\u00fdm re\u017eimom, <\/strong>d<\/span><span style=\"color: #000000;\">okonca je vybaven\u00fd aj <strong>funkciou RGB.<\/strong> <\/span><\/p>\n<p><span style=\"color: #000000;\"><strong>Reflektor<\/strong> m\u00e1<strong> p<\/strong><span style=\"font-size: 0.875rem;\"><strong>am\u00e4\u0165 posledn\u00e9ho nastavenia po vypnut\u00ed vyp\u00edna\u010dom<\/strong>, za podmienky, \u017ee svietidlo po poslednom nastaven\u00ed min.10sec svieti a n\u00e1sledne je min. 10sec vo vypnutom stave a tie\u017e <\/span><span style=\"font-size: 0.875rem;\"><strong>pam\u00e4\u0165 posledn\u00e9ho nastavenia po vypnut\u00ed v aplik\u00e1cii<\/strong>.&nbsp;<\/span><\/span><\/p>\n<p><span style=\"color: #000000;\">Tento produkt m\u00e1 najmodernej\u0161\u00ed dizajn, ktor\u00fd zais\u0165uje <strong>bezpe\u010dn\u00fa<\/strong> a <strong>bezprobl\u00e9mov\u00fa in\u0161tal\u00e1ciu<\/strong>.<\/span><\/p>\n<p><span style=\"color: #000000;\"> V\u010faka svojej n\u00edzkej spotrebe energie s\u00fa na\u0161e <strong>svietidl\u00e1 <\/strong>ob\u013e\u00faben\u00e9 na celom <strong>svete.<\/strong><\/span><\/p>\n<div>&nbsp;<\/div>\n<div><span style=\"color: #000000;\">SMART LED-Wifi 2,4GHz ( TUYA\/SmartLife App &#8211; AMAZON ALEXA \/ GOOGLE HOME ) + BT ( BLE )<\/span><br \/><span style=\"color: #000000;\">-stmievanie<\/span><br \/><span style=\"color: #000000;\">-no\u010dn\u00fd re\u017eim<\/span><br \/><span style=\"color: #000000;\">-zmena farby svetla ( 3000K \u2013 6500K + RGB )<\/span><br \/><span style=\"color: #000000;\">-pam\u00e4\u0165 posledn\u00e9ho nastavenia po vypnut\u00ed vyp\u00edna\u010dom ( za podmienky, \u017ee svietidlo po poslednom nastaven\u00ed min.10sec svieti a n\u00e1sledne je min. 10sec vo vypnutom stave )<\/span><\/div>\n<div><span style=\"color: #000000;\">-pam\u00e4\u0165 posledn\u00e9ho nastavenia po vypnut\u00ed v APP<\/span><\/div>\n<div><span style=\"color: #000000;\">-jednoduch\u00e1 &nbsp;mont\u00e1\u017e<\/span><\/div>\n<div><span style=\"color: #000000;\">-LED s\u00fa nevymenite\u013en\u00e9<\/span><\/div>\n<table style=\"height: 419px;\">\n<tbody>\n<tr style=\"height: 23px;\">\n<td style=\"width: 205.265625px; height: 23px;\"><span style=\"text-decoration: underline; font-size: 16px;\"><strong><span style=\"color: #000000; text-decoration: underline;\">TECHNICK\u00c9 PARAMETRE<\/span><\/strong><\/span><\/td>\n<td style=\"width: 608.875px; height: 23px;\">&nbsp;<\/td>\n<\/tr>\n<tr style=\"height: 23px;\">\n<td style=\"width: 205.265625px; height: 23px;\"><span style=\"color: #000000;\">spotreba<\/span><\/td>\n<td style=\"width: 608.875px; height: 23px;\"><span style=\"color: #000000;\"><strong>30W<\/strong><\/span><\/td>\n<\/tr>\n<tr style=\"height: 23px;\">\n<td style=\"width: 205.265625px; height: 23px;\"><span style=\"color: #000000;\">sveteln\u00fd tok<\/span><\/td>\n<td style=\"width: 608.875px; height: 23px;\"><span style=\"color: #000000;\"><strong>\u03a6use 2800Lm (120\u00b0) total <img decoding=\"async\" src=\"\/storage\/lampa.png\" alt=\"\" width=\"13\" height=\"16\"> &#8211; 3000Lm<\/strong><\/span><\/td>\n<\/tr>\n<tr style=\"height: 23px;\">\n<td style=\"width: 205.265625px; height: 23px;\"><span style=\"color: #000000;\">krytie<\/span><\/td>\n<td style=\"width: 608.875px; height: 23px;\"><span style=\"color: #000000;\"><strong>IP65<\/strong><\/span><\/td>\n<\/tr>\n<tr style=\"height: 23px;\">\n<td style=\"width: 205.265625px; height: 23px;\"><span style=\"color: #000000;\">chromati\u010dnos\u0165 (farba svetla)<\/span><\/td>\n<td style=\"width: 608.875px; height: 23px;\"><span style=\"color: #000000;\"><strong>3000K-6500K+RGB<\/strong><\/span><\/td>\n<\/tr>\n<tr style=\"height: 23px;\">\n<td style=\"width: 205.265625px; height: 23px;\"><span style=\"color: #000000;\">stupe\u0148 mechanickej ochrany<\/span><\/td>\n<td style=\"width: 608.875px; height: 23px;\"><span style=\"color: #000000;\"><strong>IK08<\/strong><\/span><\/td>\n<\/tr>\n<tr style=\"height: 23px;\">\n<td style=\"width: 205.265625px; height: 23px;\"><span style=\"color: #000000;\">uhol svetla<\/span><\/td>\n<td style=\"width: 608.875px; height: 23px;\"><span style=\"color: #000000;\"><strong>110\u00b0<\/strong><\/span><\/td>\n<\/tr>\n<tr style=\"height: 23px;\">\n<td style=\"width: 205.265625px; height: 23px;\"><span style=\"color: #000000;\">rozmer (mm)<\/span><\/td>\n<td style=\"width: 608.875px; height: 23px;\"><span style=\"color: #000000;\"><strong>165 x 194 x 48<\/strong><\/span><\/td>\n<\/tr>\n<tr style=\"height: 23px;\">\n<td style=\"width: 205.265625px; height: 23px;\"><span style=\"color: #000000;\">senzor<\/span><\/td>\n<td style=\"width: 608.875px; height: 23px;\"><span style=\"color: #000000;\"><strong>&#8211;<\/strong><\/span><\/td>\n<\/tr>\n<tr style=\"height: 23px;\">\n<td style=\"width: 205.265625px; height: 23px;\"><span style=\"color: #000000;\">nap\u00e4tie <\/span><\/td>\n<td style=\"width: 608.875px; height: 23px;\"><span style=\"color: #000000;\"><strong>AC180 &#8211; 265V<\/strong><\/span><\/td>\n<\/tr>\n<tr style=\"height: 23px;\">\n<td style=\"width: 205.265625px; height: 23px;\"><span style=\"color: #000000;\">\u017eivotnos\u0165<\/span><\/td>\n<td style=\"width: 608.875px; height: 23px;\"><span style=\"color: #000000;\"><strong>30 000h<\/strong><\/span><\/td>\n<\/tr>\n<tr style=\"height: 23px;\">\n<td style=\"width: 205.265625px; height: 23px;\"><span style=\"color: #000000;\">sp\u00ednac\u00ed cyklus<\/span><\/td>\n<td style=\"width: 608.875px; height: 23px;\"><span style=\"color: #000000;\"><strong>25 000 x<\/strong><\/span><\/td>\n<\/tr>\n<tr style=\"height: 23px;\">\n<td style=\"width: 205.265625px; height: 23px;\"><span style=\"color: #000000;\">hmotnos\u0165 netto (g)<\/span><\/td>\n<td style=\"width: 608.875px; height: 23px;\"><span style=\"color: #000000;\"><strong>724<\/strong><\/span><\/td>\n<\/tr>\n<tr style=\"height: 23px;\">\n<td style=\"width: 205.265625px; height: 28px;\"><span style=\"color: #000000;\">stmievate\u013en\u00e1<\/span><\/td>\n<td style=\"width: 608.875px; height: 28px;\"><span style=\"color: #000000;\"><strong>\u00e1no(v APP)<\/strong><\/span><\/td>\n<\/tr>\n<tr style=\"height: 23px;\">\n<td style=\"width: 205.265625px; height: 23px;\"><span style=\"color: #000000;\">materi\u00e1l<\/span><\/td>\n<td style=\"width: 608.875px; height: 23px;\"><span style=\"color: #000000;\"><strong>HQ aluminium &#8211; matn\u00fd antikor\u00f3zny n\u00e1strek<\/strong><\/span><\/td>\n<\/tr>\n<tr style=\"height: 23px;\">\n<td style=\"width: 205.265625px; height: 23px;\"><span style=\"color: #000000;\">balenie<\/span><\/td>\n<td style=\"width: 608.875px; height: 23px;\"><span style=\"color: #000000;\"><strong>1\/20<\/strong><\/span><\/td>\n<\/tr>\n<tr>\n<td style=\"width: 205.266px;\"><span style=\"color: #000000;\">LED s\u00fa nevymenite\u013en\u00e9<\/span><span style=\"color: #000000;\"><br \/><\/span><\/td>\n<td style=\"width: 608.875px;\"><span style=\"color: #000000;\"><strong>&nbsp;<\/strong><\/span><\/td>\n<\/tr>\n<\/tbody>\n<\/table>\n<p>-cena produktu zah\u0155\u0148a recykla\u010dn\u00fd poplatok v hodnote 0,10\u20ac bez DPH (0,12\u20ac s DPH)<\/p>\n","protected":false},"excerpt":{"rendered":"<p>LED reflektor zna\u010dky NEDES v \u010diernom farebnom preveden\u00ed disponuje&nbsp;dr\u017eiakom a vysokokvalitn\u00fdmi LED \u010dipmi. Mo\u017enos\u0165 pripojenia cez WIFI, Bluetooth a TUYA Smart, \u010do umo\u017e\u0148uje ovl\u00e1danie cez aplik\u00e1ciu. Je vhodn\u00fd do interi\u00e9ru napr. do gar\u00e1\u017ee, na stavby a exteri\u00e9ru napr. na osvetlenie z\u00e1hrad, domov alebo dvorov. Je vyroben\u00fd z kvalitn\u00fdch a odoln\u00fdch materi\u00e1lov. Disponuje mo\u017enos\u0165ou zmeny farby [&hellip;]<\/p>\n","protected":false},"featured_media":10451,"comment_status":"closed","ping_status":"open","template":"","meta":[],"product_brand":[],"product_cat":[82],"product_tag":[],"class_list":{"0":"post-10450","1":"product","2":"type-product","3":"status-publish","4":"has-post-thumbnail","6":"product_cat-led-reflektory","8":"first","9":"instock","10":"purchasable","11":"product-type-simple"},"_links":{"self":[{"href":"https:\/\/nedes.significa.sk\/en\/wp-json\/wp\/v2\/product\/10450","targetHints":{"allow":["GET"]}}],"collection":[{"href":"https:\/\/nedes.significa.sk\/en\/wp-json\/wp\/v2\/product"}],"about":[{"href":"https:\/\/nedes.significa.sk\/en\/wp-json\/wp\/v2\/types\/product"}],"replies":[{"embeddable":true,"href":"https:\/\/nedes.significa.sk\/en\/wp-json\/wp\/v2\/comments?post=10450"}],"wp:featuredmedia":[{"embeddable":true,"href":"https:\/\/nedes.significa.sk\/en\/wp-json\/wp\/v2\/media\/10451"}],"wp:attachment":[{"href":"https:\/\/nedes.significa.sk\/en\/wp-json\/wp\/v2\/media?parent=10450"}],"wp:term":[{"taxonomy":"product_brand","embeddable":true,"href":"https:\/\/nedes.significa.sk\/en\/wp-json\/wp\/v2\/product_brand?post=10450"},{"taxonomy":"product_cat","embeddable":true,"href":"https:\/\/nedes.significa.sk\/en\/wp-json\/wp\/v2\/product_cat?post=10450"},{"taxonomy":"product_tag","embeddable":true,"href":"https:\/\/nedes.significa.sk\/en\/wp-json\/wp\/v2\/product_tag?post=10450"}],"curies":[{"name":"wp","href":"https:\/\/api.w.org\/{rel}","templated":true}]}}