{"id":11760,"date":"2024-09-12T07:01:51","date_gmt":"2024-09-12T07:01:51","guid":{"rendered":"https:\/\/nedes.significa.sk\/produkty\/zavesne-svietidlo-z-masivneho-dreva-e27-590-wre073\/"},"modified":"2024-09-12T07:01:58","modified_gmt":"2024-09-12T07:01:58","slug":"zavesne-svietidlo-z-masivneho-dreva-e27-590-wre073","status":"publish","type":"product","link":"https:\/\/nedes.significa.sk\/en\/produkty\/zavesne-svietidlo-z-masivneho-dreva-e27-590-wre073\/","title":{"rendered":"Z\u00e1vesn\u00e9 svietidlo z mas\u00edvneho dreva E27 \/ 590 &#8211; WRE073"},"content":{"rendered":"<div>\n<p style=\"text-align: justify;\"><span style=\"color: #000000;\"><strong>Z\u00e1vesn\u00e9 svietidlo<\/strong>&nbsp;zna\u010dky <strong>NEDES<\/strong>, je v\u010faka svojmu modern\u00e9mu a nad\u010dasov\u00e9mu dizajnu vhodn\u00e9 do ka\u017edej miestnosti, najm\u00e4 do sp\u00e1lne, jed\u00e1lne a ob\u00fdvacej izby.<\/span><\/p>\n<p style=\"text-align: justify;\"><span style=\"color: #000000;\">Je vyroben\u00e9 z kvalitn\u00e9ho <strong>mas\u00edvneho dreva <\/strong>vo farebnom preveden\u00ed <strong>op\u00e1len\u00e1 \u010dierna<\/strong>.<\/span><\/p>\n<p style=\"text-align: justify;\"><span style=\"color: #000000;\">Charakteristick\u00e9 dreven\u00e9 prevedenie je jedine\u010dn\u00e9, preto sa st\u00e1va dominantou priestoru.<\/span><\/p>\n<p style=\"text-align: justify;\"><span style=\"color: #000000;\">Svietidlo vyzdvihuje eleganciu a prirodzen\u00fa kr\u00e1su \u0161kandin\u00e1vskeho \u0161t\u00fdlu.<\/span><\/p>\n<p style=\"text-align: justify;\"><span style=\"color: #000000;\">Mo\u017enos\u0165 pou\u017eitia LED \u017eiarovky alebo filamentu s p\u00e4ticou <strong>E27<\/strong> z na\u0161ej ponuky.<\/span><\/p>\n<p style=\"text-align: justify;\"><span style=\"color: #000000;\">N\u00e1\u0161 produkt zabezpe\u010duje \u013eahk\u00fa a bezprobl\u00e9mov\u00fa in\u0161tal\u00e1ciu na strop, je v\u00fd\u0161kovo nastavite\u013en\u00e9.<\/span><\/p>\n<p style=\"text-align: justify;\"><span style=\"color: #000000;\">Nako\u013eko s\u00fa pri tomto druhu <strong>LED osvetlenia<\/strong> pou\u017eit\u00e9 pr\u00edrodn\u00e9 materi\u00e1ly, ide o osobit\u00fd vzh\u013ead. <\/span><\/p>\n<p style=\"text-align: justify;\"><span style=\"color: #000000;\">Charakteristick\u00e9 dreven\u00e9 rysy a \u0161trukt\u00fara s\u00fa z\u00e1rukou jedine\u010dnosti ka\u017ed\u00e9ho produktu a preto nemusia plne zodpoveda\u0165 obr\u00e1zku. <\/span><\/p>\n<p style=\"text-align: justify;\"><span style=\"color: #000000;\">Upozor\u0148ujeme preto na r\u00f4znorodos\u0165 pou\u017eit\u00e9ho pr\u00edrodn\u00e9ho materi\u00e1lu, na ktor\u00fd sa nevz\u0165ahuje reklam\u00e1cia.<\/span><\/p>\n<\/div>\n<table style=\"height: 207px; width: 813px;\">\n<tbody>\n<tr style=\"height: 23px;\">\n<td style=\"width: 204.844px; height: 23px;\"><span style=\"text-decoration: underline; font-size: 16px;\"><strong><span style=\"color: #000000; text-decoration: underline;\">TECHNICK\u00c9 PARAMETRE<\/span><\/strong><\/span><\/td>\n<td style=\"width: 607.156px; height: 23px;\">&nbsp;<\/td>\n<\/tr>\n<tr style=\"height: 23px;\">\n<td style=\"width: 204.844px; height: 23px;\"><span style=\"color: #000000;\">spotreba<\/span><\/td>\n<td style=\"width: 607.156px; height: 23px;\"><span style=\"color: #000000;\"><strong>max.60W<\/strong><\/span><\/td>\n<\/tr>\n<tr style=\"height: 23px;\">\n<td style=\"width: 204.844px; height: 23px;\"><span style=\"color: #000000;\">p\u00e4tica (z\u00e1vit)<\/span><\/td>\n<td style=\"width: 607.156px; height: 23px;\"><span style=\"color: #000000;\"><strong>1xE27<\/strong><\/span><\/td>\n<\/tr>\n<tr style=\"height: 23px;\">\n<td style=\"width: 204.844px; height: 23px;\"><span style=\"color: #000000;\">rozmer (mm)<\/span><\/td>\n<td style=\"width: 607.156px; height: 23px;\"><strong><span style=\"color: #000000;\">\u00d8590&#215;1500<\/span><\/strong><\/td>\n<\/tr>\n<tr style=\"height: 23px;\">\n<td style=\"width: 204.844px; height: 23px;\"><span style=\"color: #000000;\">nap\u00e4tie <\/span><\/td>\n<td style=\"width: 607.156px; height: 23px;\"><span style=\"color: #000000;\"><strong>AC220 &#8211; 240V<\/strong><\/span><\/td>\n<\/tr>\n<tr style=\"height: 23px;\">\n<td style=\"width: 204.844px; height: 23px;\"><span style=\"color: #000000;\">hmotnos\u0165 netto (g)<\/span><\/td>\n<td style=\"width: 607.156px; height: 23px;\"><span style=\"color: #000000;\"><strong>2360<\/strong><\/span><\/td>\n<\/tr>\n<tr style=\"height: 23px;\">\n<td style=\"width: 204.844px; height: 23px;\"><span style=\"color: #000000;\">krytie<\/span><\/td>\n<td style=\"width: 607.156px; height: 23px;\"><span style=\"color: #000000;\"><strong>IP20<\/strong><\/span><\/td>\n<\/tr>\n<tr style=\"height: 23px;\">\n<td style=\"width: 204.844px; height: 23px;\"><span style=\"color: #000000;\">materi\u00e1l<\/span><\/td>\n<td style=\"width: 607.156px; height: 23px;\"><span style=\"color: #000000;\"><strong>drevo &#8211; dyha ( podstava &#8211; kau\u010duk, k\u00e1bel &#8211; \u010dierny )<\/strong><\/span><\/td>\n<\/tr>\n<tr style=\"height: 23px;\">\n<td style=\"width: 204.844px; height: 23px;\"><span style=\"color: #000000;\">balenie<\/span><\/td>\n<td style=\"width: 607.156px; height: 23px;\"><span style=\"color: #000000;\"><strong>1<\/strong><\/span><\/td>\n<\/tr>\n<\/tbody>\n<\/table>\n<p>&nbsp;<\/p>\n","protected":false},"excerpt":{"rendered":"<p>Z\u00e1vesn\u00e9 svietidlo&nbsp;zna\u010dky NEDES, je v\u010faka svojmu modern\u00e9mu a nad\u010dasov\u00e9mu dizajnu vhodn\u00e9 do ka\u017edej miestnosti, najm\u00e4 do sp\u00e1lne, jed\u00e1lne a ob\u00fdvacej izby. Je vyroben\u00e9 z kvalitn\u00e9ho mas\u00edvneho dreva vo farebnom preveden\u00ed op\u00e1len\u00e1 \u010dierna. Charakteristick\u00e9 dreven\u00e9 prevedenie je jedine\u010dn\u00e9, preto sa st\u00e1va dominantou priestoru. Svietidlo vyzdvihuje eleganciu a prirodzen\u00fa kr\u00e1su \u0161kandin\u00e1vskeho \u0161t\u00fdlu. Mo\u017enos\u0165 pou\u017eitia LED \u017eiarovky alebo [&hellip;]<\/p>\n","protected":false},"featured_media":11761,"comment_status":"closed","ping_status":"open","template":"","meta":[],"product_brand":[],"product_cat":[41],"product_tag":[],"class_list":{"0":"post-11760","1":"product","2":"type-product","3":"status-publish","4":"has-post-thumbnail","6":"product_cat-led-design-svietidla","8":"first","9":"instock","10":"purchasable","11":"product-type-simple"},"_links":{"self":[{"href":"https:\/\/nedes.significa.sk\/en\/wp-json\/wp\/v2\/product\/11760","targetHints":{"allow":["GET"]}}],"collection":[{"href":"https:\/\/nedes.significa.sk\/en\/wp-json\/wp\/v2\/product"}],"about":[{"href":"https:\/\/nedes.significa.sk\/en\/wp-json\/wp\/v2\/types\/product"}],"replies":[{"embeddable":true,"href":"https:\/\/nedes.significa.sk\/en\/wp-json\/wp\/v2\/comments?post=11760"}],"wp:featuredmedia":[{"embeddable":true,"href":"https:\/\/nedes.significa.sk\/en\/wp-json\/wp\/v2\/media\/11761"}],"wp:attachment":[{"href":"https:\/\/nedes.significa.sk\/en\/wp-json\/wp\/v2\/media?parent=11760"}],"wp:term":[{"taxonomy":"product_brand","embeddable":true,"href":"https:\/\/nedes.significa.sk\/en\/wp-json\/wp\/v2\/product_brand?post=11760"},{"taxonomy":"product_cat","embeddable":true,"href":"https:\/\/nedes.significa.sk\/en\/wp-json\/wp\/v2\/product_cat?post=11760"},{"taxonomy":"product_tag","embeddable":true,"href":"https:\/\/nedes.significa.sk\/en\/wp-json\/wp\/v2\/product_tag?post=11760"}],"curies":[{"name":"wp","href":"https:\/\/api.w.org\/{rel}","templated":true}]}}