{"id":11943,"date":"2024-09-12T07:03:12","date_gmt":"2024-09-12T07:03:12","guid":{"rendered":"https:\/\/nedes.significa.sk\/produkty\/led-pracovne-nabijacie-svietidlo-reflektor-20w-wl22r\/"},"modified":"2024-09-12T07:03:20","modified_gmt":"2024-09-12T07:03:20","slug":"led-pracovne-nabijacie-svietidlo-reflektor-20w-wl22r","status":"publish","type":"product","link":"https:\/\/nedes.significa.sk\/en\/produkty\/led-pracovne-nabijacie-svietidlo-reflektor-20w-wl22r\/","title":{"rendered":"LED pracovn\u00e9 nab\u00edjacie svietidlo \/ reflektor 20W &#8211; WL22R"},"content":{"rendered":"<p><span style=\"color: #000000;\">LED<strong> pracovn\u00e9 nab\u00edjacie svietidlo<\/strong> zna\u010dky <strong>NEDES <\/strong>s kryt\u00edm<strong> IP54<\/strong>, je vhodn\u00e9 na pou\u017eitie <strong>do exteri\u00e9ru<\/strong> na osvetlenie r\u00f4znych pl\u00f4ch a <strong>interi\u00e9ru<\/strong> do h\u00e1l, tov\u00e1rn\u00ed, gar\u00e1\u017e\u00ed, alt\u00e1nkov a pr\u00edstre\u0161kov.<\/span><\/p>\n<p><span style=\"color: #000000;\">&#8211; pevn\u00e1 kon\u0161trukcia<\/span><\/p>\n<p><span style=\"color: #000000;\">&#8211; bat. <strong>Li-Ion 6600mAh<\/strong><\/span><\/p>\n<p><span style=\"color: #000000;\">&#8211; 100% &#8211; 2000Lm &#8211; 2h \/ 50% &#8211; 1000Lm &#8211; 4h \/ 10% &#8211; 200Lm &#8211; 10h<\/span><\/p>\n<p><span style=\"color: #000000;\">&#8211; LED<strong> indik\u00e1tor stavu bat\u00e9rie<\/strong><\/span><\/p>\n<p><span style=\"color: #000000;\">&#8211; <strong>zabudovan\u00fd h\u00e1k <\/strong>na zavesenie<\/span><\/p>\n<p><span style=\"color: #000000;\">&#8211; balenie obsahuje <strong>1m USB-C<\/strong> k\u00e1bel&nbsp;<\/span><\/p>\n<p><span style=\"color: #000000;\">&#8211; \u013eahk\u00e9, r\u00fdchle a bezprobl\u00e9mov\u00e9 pou\u017eitie kamko\u013evek<\/span><\/p>\n<table style=\"height: 409px; width: 709px;\">\n<tbody>\n<tr style=\"height: 23px;\">\n<td style=\"width: 202px; height: 23px;\"><span style=\"text-decoration: underline; font-size: 16px;\"><strong><span style=\"color: #000000; text-decoration: underline;\">TECHNICK\u00c9 PARAMETRE<\/span><\/strong><\/span><\/td>\n<td style=\"width: 507px; height: 23px;\">&nbsp;<\/td>\n<\/tr>\n<tr style=\"height: 23px;\">\n<td style=\"width: 202px; height: 23px;\"><span style=\"color: #000000;\">zdroj svetla<\/span><\/td>\n<td style=\"width: 507px; height: 23px;\"><span style=\"background-color: #ffffff; color: #000000;\"><strong>20W&nbsp;<\/strong><\/span><\/td>\n<\/tr>\n<tr style=\"height: 23px;\">\n<td style=\"width: 202px; height: 23px;\"><span style=\"color: #000000;\">sveteln\u00fd tok<\/span><\/td>\n<td style=\"width: 507px; height: 23px;\"><span style=\"color: #000000;\"><strong>2000Lm<\/strong><\/span><\/td>\n<\/tr>\n<tr style=\"height: 23px;\">\n<td style=\"width: 202px; height: 23px;\"><span style=\"color: #000000;\">nap\u00e1janie<\/span><\/td>\n<td style=\"width: 507px; height: 23px;\"><span style=\"color: #000000;\"><strong>Li-Ion-6600mAh (obsahuje)<\/strong><\/span><\/td>\n<\/tr>\n<tr style=\"height: 23px;\">\n<td style=\"width: 202px; height: 23px;\"><span style=\"color: #000000;\">funkcie svetla<\/span><\/td>\n<td style=\"width: 507px; height: 23px;\"><span style=\"color: #000000;\"><strong>20W SMD 100% \/ 50% \/ 10% \/ vypnutie<\/strong><\/span><\/td>\n<\/tr>\n<tr style=\"height: 29px;\">\n<td style=\"width: 202px; height: 29px;\"><span style=\"color: #000000;\">powerbank<\/span><\/td>\n<td style=\"width: 507px; height: 29px;\"><span style=\"color: #000000;\"><strong>\u00e1no<\/strong><\/span><\/td>\n<\/tr>\n<tr style=\"height: 23px;\">\n<td style=\"width: 202px; height: 23px;\"><span style=\"color: #000000;\">senzor<\/span><\/td>\n<td style=\"width: 507px; height: 23px;\"><span style=\"color: #000000;\"><strong>nie<\/strong><\/span><\/td>\n<\/tr>\n<tr style=\"height: 23px;\">\n<td style=\"width: 202px; height: 23px;\"><span style=\"color: #000000;\">focus<\/span><\/td>\n<td style=\"width: 507px; height: 23px;\"><span style=\"color: #000000;\"><strong>nie<\/strong><\/span><\/td>\n<\/tr>\n<tr style=\"height: 23px;\">\n<td style=\"width: 202px; height: 23px;\"><span style=\"color: #000000;\">rozmer (mm)<\/span><\/td>\n<td style=\"width: 507px; height: 23px;\"><span style=\"color: #000000;\"><strong><span class=\"product_value\">178 x 129 x 45<\/span><\/strong><\/span><\/td>\n<\/tr>\n<tr style=\"height: 23px;\">\n<td style=\"width: 202px; height: 23px;\"><span style=\"color: #000000;\">chromati\u010dnos\u0165 (farba svetla)<\/span><\/td>\n<td style=\"width: 507px; height: 23px;\"><span style=\"color: #000000;\"><strong>biela<\/strong><\/span><\/td>\n<\/tr>\n<tr style=\"height: 23px;\">\n<td style=\"width: 202px; height: 23px;\"><span style=\"color: #000000;\">dosvit<\/span><\/td>\n<td style=\"width: 507px; height: 23px;\"><span style=\"color: #000000;\"><strong>&#8211;<\/strong><\/span><\/td>\n<\/tr>\n<tr style=\"height: 23px;\">\n<td style=\"width: 202px; height: 23px;\"><span style=\"color: #000000;\">krytie<\/span><\/td>\n<td style=\"width: 507px; height: 23px;\"><span style=\"color: #000000;\"><strong>IP54<\/strong><\/span><\/td>\n<\/tr>\n<tr style=\"height: 29px;\">\n<td style=\"width: 202px; height: 29px;\"><span style=\"color: #000000;\">hmotnos\u0165 netto (g)<\/span><\/td>\n<td style=\"width: 507px; height: 29px;\"><span style=\"color: #000000;\"><strong>600<\/strong><\/span><\/td>\n<\/tr>\n<tr style=\"height: 23px;\">\n<td style=\"width: 202px; height: 23px;\"><span style=\"color: #000000;\">materi\u00e1l<\/span><\/td>\n<td style=\"width: 507px; height: 23px;\"><span style=\"color: #000000;\"><strong>PC &#8211; ABS + AL pogumovan\u00e9<\/strong><\/span><\/td>\n<\/tr>\n<tr style=\"height: 23px;\">\n<td style=\"width: 202px; height: 23px;\"><span style=\"color: #000000;\">uchytenie<\/span><\/td>\n<td style=\"width: 507px; height: 23px;\"><span style=\"color: #000000;\"><strong>ru\u010dn\u00e9 \/ stojan \/ zavesenie \/ magnet<\/strong><\/span><\/td>\n<\/tr>\n<tr style=\"height: 23px;\">\n<td style=\"width: 202px; height: 23px;\"><span style=\"color: #000000;\">balenie<\/span><\/td>\n<td style=\"width: 507px; height: 23px;\"><span style=\"color: #000000;\"><strong>1\/15<\/strong><\/span><\/td>\n<\/tr>\n<tr style=\"height: 29px;\">\n<td style=\"width: 202px; height: 29px;\"><span style=\"color: #000000;\">LED s\u00fa nevymenite\u013en\u00e9<\/span><\/td>\n<td style=\"width: 507px; height: 29px;\"><span style=\"color: #000000;\"><strong>&nbsp;<\/strong><\/span><\/td>\n<\/tr>\n<\/tbody>\n<\/table>\n<p>&nbsp;<\/p>\n","protected":false},"excerpt":{"rendered":"<p>LED pracovn\u00e9 nab\u00edjacie svietidlo zna\u010dky NEDES s kryt\u00edm IP54, je vhodn\u00e9 na pou\u017eitie do exteri\u00e9ru na osvetlenie r\u00f4znych pl\u00f4ch a interi\u00e9ru do h\u00e1l, tov\u00e1rn\u00ed, gar\u00e1\u017e\u00ed, alt\u00e1nkov a pr\u00edstre\u0161kov. &#8211; pevn\u00e1 kon\u0161trukcia &#8211; bat. Li-Ion 6600mAh &#8211; 100% &#8211; 2000Lm &#8211; 2h \/ 50% &#8211; 1000Lm &#8211; 4h \/ 10% &#8211; 200Lm &#8211; 10h &#8211; LED [&hellip;]<\/p>\n","protected":false},"featured_media":11944,"comment_status":"closed","ping_status":"open","template":"","meta":[],"product_brand":[],"product_cat":[122],"product_tag":[],"class_list":{"0":"post-11943","1":"product","2":"type-product","3":"status-publish","4":"has-post-thumbnail","6":"product_cat-pracovne-svietidla","8":"first","9":"instock","10":"purchasable","11":"product-type-simple"},"_links":{"self":[{"href":"https:\/\/nedes.significa.sk\/en\/wp-json\/wp\/v2\/product\/11943","targetHints":{"allow":["GET"]}}],"collection":[{"href":"https:\/\/nedes.significa.sk\/en\/wp-json\/wp\/v2\/product"}],"about":[{"href":"https:\/\/nedes.significa.sk\/en\/wp-json\/wp\/v2\/types\/product"}],"replies":[{"embeddable":true,"href":"https:\/\/nedes.significa.sk\/en\/wp-json\/wp\/v2\/comments?post=11943"}],"wp:featuredmedia":[{"embeddable":true,"href":"https:\/\/nedes.significa.sk\/en\/wp-json\/wp\/v2\/media\/11944"}],"wp:attachment":[{"href":"https:\/\/nedes.significa.sk\/en\/wp-json\/wp\/v2\/media?parent=11943"}],"wp:term":[{"taxonomy":"product_brand","embeddable":true,"href":"https:\/\/nedes.significa.sk\/en\/wp-json\/wp\/v2\/product_brand?post=11943"},{"taxonomy":"product_cat","embeddable":true,"href":"https:\/\/nedes.significa.sk\/en\/wp-json\/wp\/v2\/product_cat?post=11943"},{"taxonomy":"product_tag","embeddable":true,"href":"https:\/\/nedes.significa.sk\/en\/wp-json\/wp\/v2\/product_tag?post=11943"}],"curies":[{"name":"wp","href":"https:\/\/api.w.org\/{rel}","templated":true}]}}