{"id":12057,"date":"2024-09-12T07:04:06","date_gmt":"2024-09-12T07:04:06","guid":{"rendered":"https:\/\/nedes.significa.sk\/produkty\/led-stropna-lampa-40w-4000k-lcl7521\/"},"modified":"2024-09-12T07:04:11","modified_gmt":"2024-09-12T07:04:11","slug":"led-stropna-lampa-40w-4000k-lcl7521","status":"publish","type":"product","link":"https:\/\/nedes.significa.sk\/en\/produkty\/led-stropna-lampa-40w-4000k-lcl7521\/","title":{"rendered":"LED stropn\u00e1 lampa 40W \/ 4000K &#8211; LCL7521"},"content":{"rendered":"<p><span style=\"color: #000000;\">LED <strong>svietidlo<\/strong> zna\u010dky <strong>NEDES<\/strong>, je v\u00fdnimo\u010dn\u00e9 svojou <strong>\u010distou jednoduchou l\u00edniou<\/strong> a <strong>priaznivou cenou<\/strong>.<\/span><\/p>\n<p><span style=\"color: #000000;\"><strong>Elegantn\u00fd dizajn<\/strong> svietidla sa zaru\u010dene prisp\u00f4sob\u00ed ka\u017ed\u00e9mu interi\u00e9ru.<\/span><\/p>\n<p><span style=\"color: #000000;\">Ve\u013ekou v\u00fdhodou je <strong>bezpe\u010dn\u00e1 a \u013eahk\u00e1 mont\u00e1\u017e.<\/strong><\/span><\/p>\n<table style=\"height: 397px;\">\n<tbody>\n<tr style=\"height: 23px;\">\n<td style=\"width: 205.266px; height: 23px;\"><span style=\"text-decoration: underline; font-size: 16px;\"><strong><span style=\"color: #000000; text-decoration: underline;\">TECHNICK\u00c9 PARAMETRE<\/span><\/strong><\/span><\/td>\n<td style=\"width: 608.875px; height: 23px;\">&nbsp;<\/td>\n<\/tr>\n<tr style=\"height: 23px;\">\n<td style=\"width: 205.266px; height: 23px;\"><span style=\"color: #000000;\">spotreba<\/span><\/td>\n<td style=\"width: 608.875px; height: 23px;\"><span style=\"color: #000000;\"><strong>40W<\/strong><\/span><\/td>\n<\/tr>\n<tr style=\"height: 23px;\">\n<td style=\"width: 205.266px; height: 23px;\"><span style=\"color: #000000;\">sveteln\u00fd tok<\/span><\/td>\n<td style=\"width: 608.875px; height: 23px;\"><span style=\"color: #000000;\"><strong>3200Lm<\/strong><\/span><\/td>\n<\/tr>\n<tr style=\"height: 23px;\">\n<td style=\"width: 205.266px; height: 23px;\"><span style=\"color: #000000;\">rozmer (mm)<\/span><\/td>\n<td style=\"width: 608.875px; height: 23px;\"><span style=\"color: #000000;\"><strong>600x100x80<\/strong><\/span><\/td>\n<\/tr>\n<tr style=\"height: 23px;\">\n<td style=\"width: 205.266px; height: 23px;\"><span style=\"color: #000000;\">chromati\u010dnos\u0165 (farba svetla)<\/span><\/td>\n<td style=\"width: 608.875px; height: 23px;\"><span style=\"color: #000000;\"><strong>4000K<\/strong><\/span><\/td>\n<\/tr>\n<tr style=\"height: 23px;\">\n<td style=\"width: 205.266px; height: 23px;\"><span style=\"color: #000000;\">stmievanie<\/span><\/td>\n<td style=\"width: 608.875px; height: 23px;\"><span style=\"color: #000000;\"><strong>nie<\/strong><\/span><\/td>\n<\/tr>\n<tr style=\"height: 23px;\">\n<td style=\"width: 205.266px; height: 23px;\"><span style=\"color: #000000;\">no\u010dn\u00fd re\u017eim<\/span><\/td>\n<td style=\"width: 608.875px; height: 23px;\"><span style=\"color: #000000;\"><strong>nie<\/strong><\/span><\/td>\n<\/tr>\n<tr style=\"height: 23px;\">\n<td style=\"width: 205.266px; height: 23px;\"><span style=\"color: #000000;\">dia\u013ekov\u00fd ovl\u00e1da\u010d<\/span><\/td>\n<td style=\"width: 608.875px; height: 23px;\"><span style=\"color: #000000;\"><strong>&#8211;<\/strong><\/span><\/td>\n<\/tr>\n<tr style=\"height: 23px;\">\n<td style=\"width: 205.266px; height: 23px;\"><span style=\"color: #000000;\">uhol svetla<\/span><\/td>\n<td style=\"width: 608.875px; height: 23px;\"><span style=\"color: #000000;\"><strong>120\u00b0<\/strong><\/span><\/td>\n<\/tr>\n<tr style=\"height: 23px;\">\n<td style=\"width: 205.266px; height: 23px;\"><span style=\"color: #000000;\">nap\u00e4tie <\/span><\/td>\n<td style=\"width: 608.875px; height: 23px;\"><span style=\"color: #000000;\"><strong>AC185 &#8211; 265V<\/strong><\/span><\/td>\n<\/tr>\n<tr style=\"height: 23px;\">\n<td style=\"width: 205.266px; height: 23px;\"><span style=\"color: #000000;\">\u017eivotnos\u0165<\/span><\/td>\n<td style=\"width: 608.875px; height: 23px;\"><span style=\"color: #000000;\"><strong>30 000h<\/strong><\/span><\/td>\n<\/tr>\n<tr style=\"height: 23px;\">\n<td style=\"width: 205.266px; height: 23px;\"><span style=\"color: #000000;\">sp\u00ednac\u00ed cyklus<\/span><\/td>\n<td style=\"width: 608.875px; height: 23px;\"><span style=\"color: #000000;\"><strong>25 000 x<\/strong><\/span><\/td>\n<\/tr>\n<tr style=\"height: 23px;\">\n<td style=\"width: 205.266px; height: 23px;\"><span style=\"color: #000000;\">hmotnos\u0165 netto (g)<\/span><\/td>\n<td style=\"width: 608.875px; height: 23px;\"><span style=\"color: #000000;\"><strong>2540<\/strong><\/span><\/td>\n<\/tr>\n<tr style=\"height: 23px;\">\n<td style=\"width: 205.266px; height: 23px;\"><span style=\"color: #000000;\">krytie<\/span><\/td>\n<td style=\"width: 608.875px; height: 23px;\"><span style=\"color: #000000;\"><strong>IP20<\/strong><\/span><\/td>\n<\/tr>\n<tr style=\"height: 23px;\">\n<td style=\"width: 205.266px; height: 23px;\"><span style=\"color: #000000;\">materi\u00e1l<\/span><\/td>\n<td style=\"width: 608.875px; height: 23px;\"><span style=\"color: #000000;\"><strong>metal\/acryl<\/strong><\/span><\/td>\n<\/tr>\n<tr style=\"height: 23px;\">\n<td style=\"width: 205.266px; height: 23px;\"><span style=\"color: #000000;\">balenie<\/span><\/td>\n<td style=\"width: 608.875px; height: 23px;\"><span style=\"color: #000000;\"><strong>1\/5<\/strong><\/span><\/td>\n<\/tr>\n<tr style=\"height: 29px;\">\n<td style=\"width: 205.266px; height: 29px;\"><span style=\"color: #000000;\">LED s\u00fa nevymenite\u013en\u00e9<\/span><\/td>\n<td style=\"width: 608.875px; height: 29px;\"><span style=\"color: #000000;\"><strong>&nbsp;<\/strong><\/span><\/td>\n<\/tr>\n<\/tbody>\n<\/table>\n<p>-cena produktu zah\u0155\u0148a recykla\u010dn\u00fd poplatok v hodnote 0,40\u20ac bez DPH (0,48\u20ac s DPH)<\/p>\n","protected":false},"excerpt":{"rendered":"<p>LED svietidlo zna\u010dky NEDES, je v\u00fdnimo\u010dn\u00e9 svojou \u010distou jednoduchou l\u00edniou a priaznivou cenou. Elegantn\u00fd dizajn svietidla sa zaru\u010dene prisp\u00f4sob\u00ed ka\u017ed\u00e9mu interi\u00e9ru. Ve\u013ekou v\u00fdhodou je bezpe\u010dn\u00e1 a \u013eahk\u00e1 mont\u00e1\u017e. TECHNICK\u00c9 PARAMETRE &nbsp; spotreba 40W sveteln\u00fd tok 3200Lm rozmer (mm) 600x100x80 chromati\u010dnos\u0165 (farba svetla) 4000K stmievanie nie no\u010dn\u00fd re\u017eim nie dia\u013ekov\u00fd ovl\u00e1da\u010d &#8211; uhol svetla 120\u00b0 nap\u00e4tie [&hellip;]<\/p>\n","protected":false},"featured_media":12058,"comment_status":"closed","ping_status":"open","template":"","meta":[],"product_brand":[],"product_cat":[41],"product_tag":[],"class_list":{"0":"post-12057","1":"product","2":"type-product","3":"status-publish","4":"has-post-thumbnail","6":"product_cat-led-design-svietidla","8":"first","9":"instock","10":"purchasable","11":"product-type-simple"},"_links":{"self":[{"href":"https:\/\/nedes.significa.sk\/en\/wp-json\/wp\/v2\/product\/12057","targetHints":{"allow":["GET"]}}],"collection":[{"href":"https:\/\/nedes.significa.sk\/en\/wp-json\/wp\/v2\/product"}],"about":[{"href":"https:\/\/nedes.significa.sk\/en\/wp-json\/wp\/v2\/types\/product"}],"replies":[{"embeddable":true,"href":"https:\/\/nedes.significa.sk\/en\/wp-json\/wp\/v2\/comments?post=12057"}],"wp:featuredmedia":[{"embeddable":true,"href":"https:\/\/nedes.significa.sk\/en\/wp-json\/wp\/v2\/media\/12058"}],"wp:attachment":[{"href":"https:\/\/nedes.significa.sk\/en\/wp-json\/wp\/v2\/media?parent=12057"}],"wp:term":[{"taxonomy":"product_brand","embeddable":true,"href":"https:\/\/nedes.significa.sk\/en\/wp-json\/wp\/v2\/product_brand?post=12057"},{"taxonomy":"product_cat","embeddable":true,"href":"https:\/\/nedes.significa.sk\/en\/wp-json\/wp\/v2\/product_cat?post=12057"},{"taxonomy":"product_tag","embeddable":true,"href":"https:\/\/nedes.significa.sk\/en\/wp-json\/wp\/v2\/product_tag?post=12057"}],"curies":[{"name":"wp","href":"https:\/\/api.w.org\/{rel}","templated":true}]}}