{"id":12111,"date":"2024-09-12T07:04:32","date_gmt":"2024-09-12T07:04:32","guid":{"rendered":"https:\/\/nedes.significa.sk\/produkty\/led-multifunkcna-nabijacia-baterka-fl07r\/"},"modified":"2024-09-12T07:04:35","modified_gmt":"2024-09-12T07:04:35","slug":"led-multifunkcna-nabijacia-baterka-fl07r","status":"publish","type":"product","link":"https:\/\/nedes.significa.sk\/en\/produkty\/led-multifunkcna-nabijacia-baterka-fl07r\/","title":{"rendered":"LED multifunk\u010dn\u00e1 nab\u00edjacia baterka &#8211; FL07R"},"content":{"rendered":"<p>LED<span style=\"color: #000000;\"><strong> pracovn\u00e9 nab\u00edjacie svietidlo<\/strong><\/span> zna\u010dky <span style=\"color: #000000;\"><strong>NEDES<\/strong> <\/span>s kryt\u00edm<span style=\"color: #000000;\"><strong> IP44<\/strong><\/span>, je vhodn\u00e9 na pou\u017eitie <span style=\"color: #000000;\"><strong>do exteri\u00e9ru<\/strong><\/span> na osvetlenie r\u00f4znych pl\u00f4ch a <span style=\"color: #000000;\"><strong>interi\u00e9ru<\/strong><\/span> do h\u00e1l, tov\u00e1rn\u00ed, gar\u00e1\u017e\u00ed, alt\u00e1nkov a pr\u00edstre\u0161kov.<\/p>\n<p>&#8211; pevn\u00e1 kon\u0161trukcia<\/p>\n<p>&#8211; bat. <span style=\"color: #000000;\"><strong>Li-Ion 400mAh<\/strong><\/span><\/p>\n<p>&#8211; <span style=\"color: #000000;\"><strong>5V\/1A input<\/strong><\/span><\/p>\n<p>&#8211; 1W SMD 100% &#8211; 50Lm &#8211; 5,5h \/ 1W SMD 30% &#8211; 15Lm &#8211; 9,5h \/ 5 SMD 100% &#8211; 75Lm &#8211; 3,5h \/ 5 SMD 30% &#8211; 25Lm &#8211; 6h<\/p>\n<p>&#8211; nab\u00edjac\u00ed \u010das 1,5h<\/p>\n<p>&#8211; zabudovan\u00fd<strong> <span style=\"color: #000000;\">siln\u00fd magnet<\/span><\/strong><\/p>\n<p>&#8211; <strong>\u0161n\u00farka<\/strong> na zavesenie<\/p>\n<p>&#8211; zabudovan\u00fd <strong>otv\u00e1ra\u010d na fla\u0161e<\/strong><\/p>\n<p>&#8211; zabudovan\u00fd<strong> n\u00fadzov\u00fd hrot na rozbitie skla <\/strong>na vrchu svietidla<\/p>\n<p>&#8211; zabudovan\u00e1<strong> p\u00ed\u0161\u0165alka<\/strong><\/p>\n<p>&#8211; balenie obsahuje <strong>30cm USB-C<\/strong> k\u00e1bel&nbsp;<\/p>\n<p>&#8211; \u013eahk\u00e9, r\u00fdchle a bezprobl\u00e9mov\u00e9 pou\u017eitie kamko\u013evek<\/p>\n<table style=\"height: 403px; width: 1040px;\">\n<tbody>\n<tr style=\"height: 23px;\">\n<td style=\"width: 202.847px; height: 23px;\"><span style=\"text-decoration: underline; font-size: 16px;\"><strong><span style=\"color: #000000; text-decoration: underline;\">TECHNICK\u00c9 PARAMETRE<\/span><\/strong><\/span><\/td>\n<td style=\"width: 836.042px; height: 23px;\">&nbsp;<\/td>\n<\/tr>\n<tr style=\"height: 23px;\">\n<td style=\"width: 202.847px; height: 23px;\"><span style=\"color: #000000;\">zdroj svetla<\/span><\/td>\n<td style=\"width: 836.042px; height: 23px;\"><strong>1W SMD<\/strong><\/td>\n<\/tr>\n<tr style=\"height: 23px;\">\n<td style=\"width: 202.847px; height: 23px;\"><span style=\"color: #000000;\">sveteln\u00fd tok<\/span><\/td>\n<td style=\"width: 836.042px; height: 23px;\"><span style=\"color: #000000;\"><strong>50Lm<\/strong><\/span><\/td>\n<\/tr>\n<tr style=\"height: 23px;\">\n<td style=\"width: 202.847px; height: 23px;\"><span style=\"color: #000000;\">nap\u00e1janie<\/span><\/td>\n<td style=\"width: 836.042px; height: 23px;\"><span style=\"color: #000000;\"><strong>1x Li-ion-400 mAh (obsahuje)<\/strong><\/span><\/td>\n<\/tr>\n<tr style=\"height: 23px;\">\n<td style=\"width: 202.847px; height: 23px;\"><span style=\"color: #000000;\">funkcie svetla<\/span><\/td>\n<td style=\"width: 836.042px; height: 23px;\"><span style=\"color: #000000;\"><strong>1W SMD 100% \/ 1W SMD 30% \/ 2ks SMD \u010derven\u00e9 + 2ks SMD modr\u00e9 &#8211; blikanie \/ 5ks SMD 100%<\/strong><\/span><span style=\"color: #000000;\"><strong> \/ 5ks SMD 30% \/ vypnutie<\/strong><\/span><\/td>\n<\/tr>\n<tr style=\"height: 23px;\">\n<td style=\"width: 202.847px; height: 23px;\"><span style=\"color: #000000;\">powerbank<\/span><\/td>\n<td style=\"width: 836.042px; height: 23px;\"><span style=\"color: #000000;\"><strong>nie<\/strong><\/span><\/td>\n<\/tr>\n<tr style=\"height: 23px;\">\n<td style=\"width: 202.847px; height: 23px;\"><span style=\"color: #000000;\">senzor<\/span><\/td>\n<td style=\"width: 836.042px; height: 23px;\"><span style=\"color: #000000;\"><strong>nie<\/strong><\/span><\/td>\n<\/tr>\n<tr style=\"height: 23px;\">\n<td style=\"width: 202.847px; height: 23px;\"><span style=\"color: #000000;\">focus<\/span><\/td>\n<td style=\"width: 836.042px; height: 23px;\"><span style=\"color: #000000;\"><strong>nie<\/strong><\/span><\/td>\n<\/tr>\n<tr style=\"height: 23px;\">\n<td style=\"width: 202.847px; height: 23px;\"><span style=\"color: #000000;\">rozmer (mm)<\/span><\/td>\n<td style=\"width: 836.042px; height: 23px;\"><span style=\"color: #000000;\"><strong><span class=\"product_value\">87 x 39 x 19<\/span><\/strong><\/span><\/td>\n<\/tr>\n<tr style=\"height: 23px;\">\n<td style=\"width: 202.847px; height: 23px;\"><span style=\"color: #000000;\">chromati\u010dnos\u0165 (farba svetla)<\/span><\/td>\n<td style=\"width: 836.042px; height: 23px;\"><span style=\"color: #000000;\"><strong>biela \/ \u010derven\u00e1 \/ modr\u00e1<\/strong><\/span><\/td>\n<\/tr>\n<tr style=\"height: 23px;\">\n<td style=\"width: 202.847px; height: 23px;\"><span style=\"color: #000000;\">dosvit<\/span><\/td>\n<td style=\"width: 836.042px; height: 23px;\"><strong><span style=\"color: #000000;\">&#8211;<\/span><\/strong><\/td>\n<\/tr>\n<tr style=\"height: 23px;\">\n<td style=\"width: 202.847px; height: 23px;\"><span style=\"color: #000000;\">krytie<\/span><\/td>\n<td style=\"width: 836.042px; height: 23px;\"><span style=\"color: #000000;\"><strong>IP44<\/strong><\/span><\/td>\n<\/tr>\n<tr style=\"height: 23px;\">\n<td style=\"width: 202.847px; height: 23px;\"><span style=\"color: #000000;\">materi\u00e1l<\/span><\/td>\n<td style=\"width: 836.042px; height: 23px;\"><span style=\"color: #000000;\"><strong>ABS + kov<\/strong><\/span><\/td>\n<\/tr>\n<tr style=\"height: 23px;\">\n<td style=\"width: 202.847px; height: 23px;\"><span style=\"color: #000000;\">uchytenie<\/span><\/td>\n<td style=\"width: 836.042px; height: 23px;\"><span style=\"color: #000000;\"><strong>ru\u010dn\u00e9 \/ z\u00e1vesn\u00e9 \/ magnet<\/strong><\/span><\/td>\n<\/tr>\n<tr style=\"height: 23px;\">\n<td style=\"width: 202.847px; height: 23px;\"><span style=\"color: #000000;\">balenie<\/span><\/td>\n<td style=\"width: 836.042px; height: 23px;\"><span style=\"color: #000000;\"><strong>1\/20\/80<\/strong><\/span><\/td>\n<\/tr>\n<tr style=\"height: 29px;\">\n<td style=\"width: 202.847px; height: 29px;\"><span style=\"color: #000000;\">hmotnos\u0165 netto (g)<\/span><\/td>\n<td style=\"width: 836.042px; height: 29px;\"><span style=\"color: #000000;\"><strong>62<\/strong><\/span><\/td>\n<\/tr>\n<tr style=\"height: 29px;\">\n<td style=\"width: 202.847px; height: 29px;\"><span style=\"color: #000000;\">LED s\u00fa nevymenite\u013en\u00e9<\/span><\/td>\n<td style=\"width: 836.042px; height: 29px;\"><span style=\"color: #000000;\"><strong>&nbsp;<\/strong><\/span><\/td>\n<\/tr>\n<\/tbody>\n<\/table>\n<p>&nbsp;<\/p>\n","protected":false},"excerpt":{"rendered":"<p>LED pracovn\u00e9 nab\u00edjacie svietidlo zna\u010dky NEDES s kryt\u00edm IP44, je vhodn\u00e9 na pou\u017eitie do exteri\u00e9ru na osvetlenie r\u00f4znych pl\u00f4ch a interi\u00e9ru do h\u00e1l, tov\u00e1rn\u00ed, gar\u00e1\u017e\u00ed, alt\u00e1nkov a pr\u00edstre\u0161kov. &#8211; pevn\u00e1 kon\u0161trukcia &#8211; bat. Li-Ion 400mAh &#8211; 5V\/1A input &#8211; 1W SMD 100% &#8211; 50Lm &#8211; 5,5h \/ 1W SMD 30% &#8211; 15Lm &#8211; 9,5h \/ [&hellip;]<\/p>\n","protected":false},"featured_media":12112,"comment_status":"closed","ping_status":"open","template":"","meta":[],"product_brand":[],"product_cat":[62],"product_tag":[],"class_list":{"0":"post-12111","1":"product","2":"type-product","3":"status-publish","4":"has-post-thumbnail","6":"product_cat-rucne-svietidla","8":"first","9":"instock","10":"purchasable","11":"product-type-simple"},"_links":{"self":[{"href":"https:\/\/nedes.significa.sk\/en\/wp-json\/wp\/v2\/product\/12111","targetHints":{"allow":["GET"]}}],"collection":[{"href":"https:\/\/nedes.significa.sk\/en\/wp-json\/wp\/v2\/product"}],"about":[{"href":"https:\/\/nedes.significa.sk\/en\/wp-json\/wp\/v2\/types\/product"}],"replies":[{"embeddable":true,"href":"https:\/\/nedes.significa.sk\/en\/wp-json\/wp\/v2\/comments?post=12111"}],"wp:featuredmedia":[{"embeddable":true,"href":"https:\/\/nedes.significa.sk\/en\/wp-json\/wp\/v2\/media\/12112"}],"wp:attachment":[{"href":"https:\/\/nedes.significa.sk\/en\/wp-json\/wp\/v2\/media?parent=12111"}],"wp:term":[{"taxonomy":"product_brand","embeddable":true,"href":"https:\/\/nedes.significa.sk\/en\/wp-json\/wp\/v2\/product_brand?post=12111"},{"taxonomy":"product_cat","embeddable":true,"href":"https:\/\/nedes.significa.sk\/en\/wp-json\/wp\/v2\/product_cat?post=12111"},{"taxonomy":"product_tag","embeddable":true,"href":"https:\/\/nedes.significa.sk\/en\/wp-json\/wp\/v2\/product_tag?post=12111"}],"curies":[{"name":"wp","href":"https:\/\/api.w.org\/{rel}","templated":true}]}}