{"id":12450,"date":"2024-09-12T07:06:50","date_gmt":"2024-09-12T07:06:50","guid":{"rendered":"https:\/\/nedes.significa.sk\/produkty\/zavesne-medene-kovove-svietidlo-4-x-e27-me0413-4-b\/"},"modified":"2024-09-12T07:07:11","modified_gmt":"2024-09-12T07:07:11","slug":"zavesne-medene-kovove-svietidlo-4-x-e27-me0413-4-b","status":"publish","type":"product","link":"https:\/\/nedes.significa.sk\/en\/produkty\/zavesne-medene-kovove-svietidlo-4-x-e27-me0413-4-b\/","title":{"rendered":"Z\u00e1vesn\u00e9 meden\u00e9 kovov\u00e9 svietidlo 4 x E27 &#8211; ME0413-4\/B"},"content":{"rendered":"<div>\n<p style=\"text-align: justify;\"><span style=\"color: #000000;\"><strong>Z\u00e1vesn\u00e9 svietidlo<\/strong>&nbsp;zna\u010dky <strong>NEDES<\/strong>, je v\u010faka svojmu modern\u00e9mu a nad\u010dasov\u00e9mu dizajnu vhodn\u00e9 do ka\u017edej miestnosti, najm\u00e4 do ob\u00fdva\u010dky a jed\u00e1lne.<\/span><\/p>\n<p style=\"text-align: justify;\"><span style=\"color: #000000;\">Je vyroben\u00e9 z kvalitn\u00e9ho<strong> kovu.<\/strong><\/span><\/p>\n<p style=\"text-align: justify;\"><span style=\"color: #000000;\">Svietidlo vyzdvihuje eleganciu a prirodzen\u00fa kr\u00e1su, preto sa st\u00e1va dominantou priestoru.<\/span><\/p>\n<p style=\"text-align: justify;\"><span style=\"color: #000000;\">Mo\u017enos\u0165 pou\u017eitia LED \u017eiarovky alebo filamentu s p\u00e4ticou <strong>E27<\/strong> z na\u0161ej ponuky.<\/span><\/p>\n<p style=\"text-align: justify;\"><span style=\"color: #000000;\">N\u00e1\u0161 produkt zabezpe\u010duje \u013eahk\u00fa a bezprobl\u00e9mov\u00fa in\u0161tal\u00e1ciu na strop, je v\u00fd\u0161kovo nastavite\u013en\u00e9.<\/span><\/p>\n<p style=\"text-align: justify;\"><span style=\"color: #000000;\">Charakteristick\u00e9 rysy a \u0161trukt\u00fara kvalitn\u00e9ho mas\u00edvneho dreva s\u00fa z\u00e1rukou jedine\u010dnosti ka\u017ed\u00e9ho produktu a preto nemusia plne zodpoveda\u0165 obr\u00e1zku. <\/span><\/p>\n<p style=\"text-align: justify;\"><span style=\"color: #000000;\">Upozor\u0148ujeme preto na r\u00f4znorodos\u0165 pou\u017eit\u00e9ho pr\u00edrodn\u00e9ho materi\u00e1lu, na ktor\u00fd sa nevz\u0165ahuje reklam\u00e1cia.<\/span><\/p>\n<\/div>\n<table style=\"height: 207px; width: 813px;\">\n<tbody>\n<tr style=\"height: 23px;\">\n<td style=\"width: 204.844px; height: 23px;\"><span style=\"text-decoration: underline; font-size: 16px;\"><strong><span style=\"color: #000000; text-decoration: underline;\">TECHNICK\u00c9 PARAMETRE<\/span><\/strong><\/span><\/td>\n<td style=\"width: 607.156px; height: 23px;\">&nbsp;<\/td>\n<\/tr>\n<tr style=\"height: 23px;\">\n<td style=\"width: 204.844px; height: 23px;\"><span style=\"color: #000000;\">spotreba<\/span><\/td>\n<td style=\"width: 607.156px; height: 23px;\"><span style=\"color: #000000;\"><strong>max.60W<\/strong><\/span><\/td>\n<\/tr>\n<tr style=\"height: 23px;\">\n<td style=\"width: 204.844px; height: 23px;\"><span style=\"color: #000000;\">p\u00e4tica (z\u00e1vit)<\/span><\/td>\n<td style=\"width: 607.156px; height: 23px;\"><span style=\"color: #000000;\"><strong>4xE27<\/strong><\/span><\/td>\n<\/tr>\n<tr style=\"height: 23px;\">\n<td style=\"width: 204.844px; height: 23px;\"><span style=\"color: #000000;\">rozmer (mm)<\/span><\/td>\n<td style=\"width: 607.156px; height: 23px;\"><span style=\"color: #000000;\"><strong>\u00d8150 x 240 x 2000<\/strong><\/span><\/td>\n<\/tr>\n<tr style=\"height: 23px;\">\n<td style=\"width: 204.844px; height: 23px;\"><span style=\"color: #000000;\">nap\u00e4tie <\/span><\/td>\n<td style=\"width: 607.156px; height: 23px;\"><span style=\"color: #000000;\"><strong>230V<\/strong><\/span><\/td>\n<\/tr>\n<tr style=\"height: 23px;\">\n<td style=\"width: 204.844px; height: 23px;\"><span style=\"color: #000000;\">hmotnos\u0165 netto (g)<\/span><\/td>\n<td style=\"width: 607.156px; height: 23px;\"><span style=\"color: #000000;\"><strong>2760<\/strong><\/span><\/td>\n<\/tr>\n<tr style=\"height: 23px;\">\n<td style=\"width: 204.844px; height: 23px;\"><span style=\"color: #000000;\">krytie<\/span><\/td>\n<td style=\"width: 607.156px; height: 23px;\"><span style=\"color: #000000;\"><strong>IP20<\/strong><\/span><\/td>\n<\/tr>\n<tr style=\"height: 23px;\">\n<td style=\"width: 204.844px; height: 23px;\"><span style=\"color: #000000;\">materi\u00e1l<\/span><\/td>\n<td style=\"width: 607.156px; height: 23px;\"><span style=\"color: #000000;\"><strong>kov &#8211; antick\u00e1 meden\u00e1 ( podstava \/ obj\u00edmka &#8211; \u010dierna , k\u00e1bel &#8211; \u010dierna )<\/strong><\/span><\/td>\n<\/tr>\n<tr style=\"height: 23px;\">\n<td style=\"width: 204.844px; height: 23px;\"><span style=\"color: #000000;\">balenie<\/span><\/td>\n<td style=\"width: 607.156px; height: 23px;\"><span style=\"color: #000000;\"><strong>1<\/strong><\/span><\/td>\n<\/tr>\n<\/tbody>\n<\/table>\n<p>&nbsp;<\/p>\n","protected":false},"excerpt":{"rendered":"<p>Z\u00e1vesn\u00e9 svietidlo&nbsp;zna\u010dky NEDES, je v\u010faka svojmu modern\u00e9mu a nad\u010dasov\u00e9mu dizajnu vhodn\u00e9 do ka\u017edej miestnosti, najm\u00e4 do ob\u00fdva\u010dky a jed\u00e1lne. Je vyroben\u00e9 z kvalitn\u00e9ho kovu. Svietidlo vyzdvihuje eleganciu a prirodzen\u00fa kr\u00e1su, preto sa st\u00e1va dominantou priestoru. Mo\u017enos\u0165 pou\u017eitia LED \u017eiarovky alebo filamentu s p\u00e4ticou E27 z na\u0161ej ponuky. N\u00e1\u0161 produkt zabezpe\u010duje \u013eahk\u00fa a bezprobl\u00e9mov\u00fa in\u0161tal\u00e1ciu na [&hellip;]<\/p>\n","protected":false},"featured_media":12451,"comment_status":"closed","ping_status":"open","template":"","meta":[],"product_brand":[],"product_cat":[41],"product_tag":[],"class_list":{"0":"post-12450","1":"product","2":"type-product","3":"status-publish","4":"has-post-thumbnail","6":"product_cat-led-design-svietidla","8":"first","9":"instock","10":"purchasable","11":"product-type-simple"},"_links":{"self":[{"href":"https:\/\/nedes.significa.sk\/en\/wp-json\/wp\/v2\/product\/12450","targetHints":{"allow":["GET"]}}],"collection":[{"href":"https:\/\/nedes.significa.sk\/en\/wp-json\/wp\/v2\/product"}],"about":[{"href":"https:\/\/nedes.significa.sk\/en\/wp-json\/wp\/v2\/types\/product"}],"replies":[{"embeddable":true,"href":"https:\/\/nedes.significa.sk\/en\/wp-json\/wp\/v2\/comments?post=12450"}],"wp:featuredmedia":[{"embeddable":true,"href":"https:\/\/nedes.significa.sk\/en\/wp-json\/wp\/v2\/media\/12451"}],"wp:attachment":[{"href":"https:\/\/nedes.significa.sk\/en\/wp-json\/wp\/v2\/media?parent=12450"}],"wp:term":[{"taxonomy":"product_brand","embeddable":true,"href":"https:\/\/nedes.significa.sk\/en\/wp-json\/wp\/v2\/product_brand?post=12450"},{"taxonomy":"product_cat","embeddable":true,"href":"https:\/\/nedes.significa.sk\/en\/wp-json\/wp\/v2\/product_cat?post=12450"},{"taxonomy":"product_tag","embeddable":true,"href":"https:\/\/nedes.significa.sk\/en\/wp-json\/wp\/v2\/product_tag?post=12450"}],"curies":[{"name":"wp","href":"https:\/\/api.w.org\/{rel}","templated":true}]}}