{"id":12489,"date":"2024-09-12T07:07:18","date_gmt":"2024-09-12T07:07:18","guid":{"rendered":"https:\/\/nedes.significa.sk\/produkty\/sosovka-36-pre-led-podhladove-svietidlo-ldl721-l70736\/"},"modified":"2024-09-12T07:07:28","modified_gmt":"2024-09-12T07:07:28","slug":"sosovka-36-pre-led-podhladove-svietidlo-ldl721-l70736","status":"publish","type":"product","link":"https:\/\/nedes.significa.sk\/en\/produkty\/sosovka-36-pre-led-podhladove-svietidlo-ldl721-l70736\/","title":{"rendered":"\u0160o\u0161ovka 36\u00b0 pre LED podh\u013eadov\u00e9 svietidlo LDL721 &#8211; L70736"},"content":{"rendered":"<p><span style=\"color: #000000;\"><strong>36\u00b0 \u0161o\u0161ovka<\/strong> vhodn\u00e1 k <strong>vsaden\u00e9mu<\/strong>&nbsp;<strong>LED svietidlu LDL721<\/strong>&nbsp;zna\u010dky <strong>NEDES<\/strong><strong>. <\/strong>Na\u0161e <strong>svietidl\u00e1<\/strong> a ostatn\u00e9 v\u00fdrobky&nbsp;s\u00fa ob\u013e\u00faben\u00e9 na celom <strong>svete.<\/strong><\/span><\/p>\n<table style=\"height: 442px;\">\n<tbody>\n<tr style=\"height: 23px;\">\n<td style=\"width: 205px; height: 23px;\"><span style=\"text-decoration: underline; font-size: 16px;\"><strong><span style=\"color: #000000; text-decoration: underline;\">TECHNICK\u00c9 PARAMETRE<\/span><\/strong><\/span><\/td>\n<td style=\"width: 608px; height: 23px;\">&nbsp;<\/td>\n<\/tr>\n<tr style=\"height: 23px;\">\n<td style=\"width: 205px; height: 23px;\"><span style=\"color: #000000;\">uhol svetla<\/span><\/td>\n<td style=\"width: 608px; height: 23px;\"><span style=\"color: #000000;\"><strong>36\u00b0<\/strong><\/span><\/td>\n<\/tr>\n<tr style=\"height: 23px;\">\n<td style=\"width: 205px; height: 23px;\"><span style=\"color: #000000;\">pou\u017eitie pre<\/span><\/td>\n<td style=\"width: 608px; height: 23px;\"><span style=\"color: #000000;\"><strong>LDL721<\/strong><\/span><\/td>\n<\/tr>\n<tr style=\"height: 23px;\">\n<td style=\"width: 205px; height: 23px;\"><span style=\"color: #000000;\">balenie<\/span><\/td>\n<td style=\"width: 608px; height: 23px;\"><span style=\"color: #000000;\"><strong>1\/1<\/strong><\/span><\/td>\n<\/tr>\n<\/tbody>\n<\/table>\n","protected":false},"excerpt":{"rendered":"<p>36\u00b0 \u0161o\u0161ovka vhodn\u00e1 k vsaden\u00e9mu&nbsp;LED svietidlu LDL721&nbsp;zna\u010dky NEDES. Na\u0161e svietidl\u00e1 a ostatn\u00e9 v\u00fdrobky&nbsp;s\u00fa ob\u013e\u00faben\u00e9 na celom svete. TECHNICK\u00c9 PARAMETRE &nbsp; uhol svetla 36\u00b0 pou\u017eitie pre LDL721 balenie 1\/1<\/p>\n","protected":false},"featured_media":12490,"comment_status":"closed","ping_status":"open","template":"","meta":[],"product_brand":[],"product_cat":[54],"product_tag":[],"class_list":{"0":"post-12489","1":"product","2":"type-product","3":"status-publish","4":"has-post-thumbnail","6":"product_cat-led-svietidla-vsadene","8":"first","9":"instock","10":"purchasable","11":"product-type-simple"},"_links":{"self":[{"href":"https:\/\/nedes.significa.sk\/en\/wp-json\/wp\/v2\/product\/12489","targetHints":{"allow":["GET"]}}],"collection":[{"href":"https:\/\/nedes.significa.sk\/en\/wp-json\/wp\/v2\/product"}],"about":[{"href":"https:\/\/nedes.significa.sk\/en\/wp-json\/wp\/v2\/types\/product"}],"replies":[{"embeddable":true,"href":"https:\/\/nedes.significa.sk\/en\/wp-json\/wp\/v2\/comments?post=12489"}],"wp:featuredmedia":[{"embeddable":true,"href":"https:\/\/nedes.significa.sk\/en\/wp-json\/wp\/v2\/media\/12490"}],"wp:attachment":[{"href":"https:\/\/nedes.significa.sk\/en\/wp-json\/wp\/v2\/media?parent=12489"}],"wp:term":[{"taxonomy":"product_brand","embeddable":true,"href":"https:\/\/nedes.significa.sk\/en\/wp-json\/wp\/v2\/product_brand?post=12489"},{"taxonomy":"product_cat","embeddable":true,"href":"https:\/\/nedes.significa.sk\/en\/wp-json\/wp\/v2\/product_cat?post=12489"},{"taxonomy":"product_tag","embeddable":true,"href":"https:\/\/nedes.significa.sk\/en\/wp-json\/wp\/v2\/product_tag?post=12489"}],"curies":[{"name":"wp","href":"https:\/\/api.w.org\/{rel}","templated":true}]}}