{"id":12533,"date":"2024-09-12T07:07:44","date_gmt":"2024-09-12T07:07:44","guid":{"rendered":"https:\/\/nedes.significa.sk\/produkty\/dialkovy-ovladac-pre-led-linearne-svietidlo-lnl126-rlnl126\/"},"modified":"2024-09-12T07:07:48","modified_gmt":"2024-09-12T07:07:48","slug":"dialkovy-ovladac-pre-led-linearne-svietidlo-lnl126-rlnl126","status":"publish","type":"product","link":"https:\/\/nedes.significa.sk\/en\/produkty\/dialkovy-ovladac-pre-led-linearne-svietidlo-lnl126-rlnl126\/","title":{"rendered":"Dia\u013ekov\u00fd ovl\u00e1da\u010d pre LED line\u00e1rne svietidlo LNL126 &#8211; RLNL126"},"content":{"rendered":"<p><span style=\"color: #000000;\">Tento <strong>dia\u013ekov\u00fd ovl\u00e1da\u010d<\/strong> je ur\u010den\u00fd pre pou\u017eitie s line\u00e1rnym svietidlom <strong>LNL126<\/strong>, umo\u017e\u0148uj\u00facim jednoduch\u00e9 a pohodln\u00e9 ovl\u00e1danie osvetlenia na dia\u013eku. V\u010faka tomuto ovl\u00e1da\u010du m\u00f4\u017eete plne vyu\u017e\u00edva\u0165 v\u0161etky funkcie svietidla bez nutnosti manu\u00e1lneho nastavovania.<\/span><\/p>\n<p><span style=\"color: #000000;\"><strong>Hlavn\u00e9 vlastnosti:<\/strong><\/span><\/p>\n<ul>\n<li><span style=\"color: #000000;\"><strong>Jednoduch\u00e9 ovl\u00e1danie:<\/strong> Umo\u017e\u0148uje zapnutie a vypnutie svietidla, nastavenie intenzity osvetlenia (stmievanie).<\/span><\/li>\n<li><span style=\"color: #000000;\"><strong>Funkcie: <\/strong>Mo\u017enos\u0165 nastavenia citlivosti senzora, intenzity svetla, \u010dasu vypnutia svetla, stand-by m\u00f3du.<\/span><\/li>\n<li><span style=\"color: #000000;\"><strong>Pam\u00e4\u0165 posledn\u00e9ho nastavenia:<\/strong> Svietidlo si pam\u00e4t\u00e1 posledn\u00e9 nastavenie osvetlenia aj po vypnut\u00ed, \u010do zabezpe\u010duje konzistentn\u00e9 osvetlenie pod\u013ea va\u0161ich preferenci\u00ed.<\/span><\/li>\n<li><span style=\"color: #000000;\"><strong>Mo\u017enos\u0165 ovl\u00e1dania viacer\u00fdch svietidiel:<\/strong> Jeden ovl\u00e1da\u010d m\u00f4\u017ee by\u0165 pou\u017eit\u00fd na ovl\u00e1danie viacer\u00fdch line\u00e1rnych svietidiel LNL126 v jednej miestnosti alebo priestore.<\/span><\/li>\n<li><span style=\"color: #000000;\"><strong>Jednoduch\u00e1 in\u0161tal\u00e1cia:<\/strong> Ovl\u00e1da\u010d sa \u013eahko synchronizuje so svietidlom LNL126 a nevy\u017eaduje si \u017eiadne zlo\u017eit\u00e9 nastavenia.<\/span><\/li>\n<\/ul>\n<p><span style=\"color: #000000;\">Tento dia\u013ekov\u00fd ovl\u00e1da\u010d poskytuje maxim\u00e1lny komfort a flexibilitu pri ovl\u00e1dan\u00ed line\u00e1rneho svietidla LNL126, \u010d\u00edm prispieva k vytvoreniu ide\u00e1lnej atmosf\u00e9ry v priestore.<\/span><\/p>\n<p><span style=\"color: #000000;\"><strong>Upozor\u0148ujeme, \u017ee je nutn\u00e9 zak\u00fapi\u0165 spolu so stmievate\u013en\u00fdm driverom DD126 a senzorom SM126<\/strong>.<\/span><\/p>\n<table style=\"height: 92px;\">\n<tbody>\n<tr style=\"height: 23px;\">\n<td style=\"width: 195.609px; height: 23px;\"><span style=\"text-decoration: underline; font-size: 16px;\"><strong><span style=\"color: #000000; text-decoration: underline;\">TECHNICK\u00c9 PARAMETRE<\/span><\/strong><\/span><\/td>\n<td style=\"width: 557.984px; height: 23px;\">&nbsp;<\/td>\n<\/tr>\n<tr style=\"height: 23px;\">\n<td style=\"width: 195.609px; height: 23px;\"><span style=\"color: #000000;\">nap\u00e1janie<\/span><\/td>\n<td style=\"width: 557.984px; height: 23px;\"><span style=\"color: #000000;\"><strong>2 x AAA ( nie s\u00fa s\u00fa\u010das\u0165ou balenia )<\/strong><\/span><\/td>\n<\/tr>\n<tr style=\"height: 23px;\">\n<td style=\"width: 195.609px; height: 23px;\"><span style=\"color: #000000;\">pou\u017eitie pre<\/span><\/td>\n<td style=\"width: 557.984px; height: 23px;\"><span style=\"color: #000000;\"><strong>SM126<\/strong><\/span><\/td>\n<\/tr>\n<tr style=\"height: 23px;\">\n<td style=\"width: 195.609px; height: 23px;\"><span style=\"color: #000000;\">balenie<\/span><\/td>\n<td style=\"width: 557.984px; height: 23px;\"><span style=\"color: #000000;\"><strong>1\/100<\/strong><\/span><\/td>\n<\/tr>\n<\/tbody>\n<\/table>\n","protected":false},"excerpt":{"rendered":"<p>Tento dia\u013ekov\u00fd ovl\u00e1da\u010d je ur\u010den\u00fd pre pou\u017eitie s line\u00e1rnym svietidlom LNL126, umo\u017e\u0148uj\u00facim jednoduch\u00e9 a pohodln\u00e9 ovl\u00e1danie osvetlenia na dia\u013eku. V\u010faka tomuto ovl\u00e1da\u010du m\u00f4\u017eete plne vyu\u017e\u00edva\u0165 v\u0161etky funkcie svietidla bez nutnosti manu\u00e1lneho nastavovania. Hlavn\u00e9 vlastnosti: Jednoduch\u00e9 ovl\u00e1danie: Umo\u017e\u0148uje zapnutie a vypnutie svietidla, nastavenie intenzity osvetlenia (stmievanie). Funkcie: Mo\u017enos\u0165 nastavenia citlivosti senzora, intenzity svetla, \u010dasu vypnutia svetla, [&hellip;]<\/p>\n","protected":false},"featured_media":12534,"comment_status":"closed","ping_status":"open","template":"","meta":[],"product_brand":[],"product_cat":[103],"product_tag":[],"class_list":{"0":"post-12533","1":"product","2":"type-product","3":"status-publish","4":"has-post-thumbnail","6":"product_cat-led-linear-ip20","8":"first","9":"instock","10":"purchasable","11":"product-type-simple"},"_links":{"self":[{"href":"https:\/\/nedes.significa.sk\/en\/wp-json\/wp\/v2\/product\/12533","targetHints":{"allow":["GET"]}}],"collection":[{"href":"https:\/\/nedes.significa.sk\/en\/wp-json\/wp\/v2\/product"}],"about":[{"href":"https:\/\/nedes.significa.sk\/en\/wp-json\/wp\/v2\/types\/product"}],"replies":[{"embeddable":true,"href":"https:\/\/nedes.significa.sk\/en\/wp-json\/wp\/v2\/comments?post=12533"}],"wp:featuredmedia":[{"embeddable":true,"href":"https:\/\/nedes.significa.sk\/en\/wp-json\/wp\/v2\/media\/12534"}],"wp:attachment":[{"href":"https:\/\/nedes.significa.sk\/en\/wp-json\/wp\/v2\/media?parent=12533"}],"wp:term":[{"taxonomy":"product_brand","embeddable":true,"href":"https:\/\/nedes.significa.sk\/en\/wp-json\/wp\/v2\/product_brand?post=12533"},{"taxonomy":"product_cat","embeddable":true,"href":"https:\/\/nedes.significa.sk\/en\/wp-json\/wp\/v2\/product_cat?post=12533"},{"taxonomy":"product_tag","embeddable":true,"href":"https:\/\/nedes.significa.sk\/en\/wp-json\/wp\/v2\/product_tag?post=12533"}],"curies":[{"name":"wp","href":"https:\/\/api.w.org\/{rel}","templated":true}]}}