{"id":12536,"date":"2024-09-12T07:07:44","date_gmt":"2024-09-12T07:07:44","guid":{"rendered":"https:\/\/nedes.significa.sk\/produkty\/senzor-pre-led-linearne-svietidlo-lnl126-sm126\/"},"modified":"2024-09-12T07:07:49","modified_gmt":"2024-09-12T07:07:49","slug":"senzor-pre-led-linearne-svietidlo-lnl126-sm126","status":"publish","type":"product","link":"https:\/\/nedes.significa.sk\/en\/produkty\/senzor-pre-led-linearne-svietidlo-lnl126-sm126\/","title":{"rendered":"Senzor pre LED line\u00e1rne svietidlo LNL126 &#8211; SM126"},"content":{"rendered":"<p><span style=\"color: #000000;\">Tento <strong>senzor<\/strong> je \u0161peci\u00e1lne navrhnut\u00fd pre pou\u017eitie s line\u00e1rnym svietidlom <strong>LNL126<\/strong>. Jeho hlavnou \u00falohou je zabezpe\u010di\u0165 automatick\u00e9 ovl\u00e1danie osvetlenia na z\u00e1klade detekcie pohybu, \u010do prispieva k vy\u0161\u0161ej energetickej efektivite a pohodliu.<\/span><\/p>\n<p><span style=\"color: #000000;\"><strong>Hlavn\u00e9 vlastnosti:<\/strong><\/span><\/p>\n<ul>\n<li><span style=\"color: #000000;\"><strong>Automatick\u00e9 ovl\u00e1danie osvetlenia:<\/strong> Svetlo sa zapne pri detekcii pohybu a automaticky sa vypne po ur\u010ditej dobe, ke\u010f u\u017e pohyb nie je detekovan\u00fd.<\/span><\/li>\n<li><span style=\"color: #000000;\"><strong>Jednoduch\u00e1 in\u0161tal\u00e1cia:<\/strong> Senzor sa \u013eahko pripoj\u00ed k line\u00e1rnemu svietidlu LNL126.&nbsp;<\/span><\/li>\n<li><span style=\"color: #000000;\"><strong>Energetick\u00e1 \u00faspora:<\/strong> Automatick\u00e9 ovl\u00e1danie osvetlenia zni\u017euje spotrebu energie, \u010d\u00edm prispieva k ni\u017e\u0161\u00edm n\u00e1kladom na elektrick\u00fa energiu.<\/span><\/li>\n<li><span style=\"color: #000000;\"><strong>\u0160irok\u00fd dosah:<\/strong> Senzor m\u00e1 \u0161irok\u00fd uhol detekcie, \u010do zais\u0165uje efekt\u00edvne pokrytie v\u00e4\u010d\u0161ej plochy.<\/span><\/li>\n<\/ul>\n<p><span style=\"color: #000000;\">Tento senzor je ide\u00e1lnym doplnkom pre va\u0161e line\u00e1rne svietidlo LNL126, poskytuj\u00facim komfort a \u00fasporu energie vo va\u0161om priestore.<\/span><\/p>\n<p><span style=\"color: #000000;\"><strong>Upozor\u0148ujeme, \u017ee je nutn\u00e9 zak\u00fapi\u0165 spolu s dia\u013ekov\u00fdm ovl\u00e1da\u010dom RLNL126 a stmievate\u013en\u00fdm driverom DD126.<\/strong><\/span><\/p>\n<table style=\"height: 79px;\">\n<tbody>\n<tr style=\"height: 23px;\">\n<td style=\"width: 195.906px; height: 23px;\"><span style=\"text-decoration: underline; font-size: 16px;\"><strong><span style=\"color: #000000; text-decoration: underline;\">TECHNICK\u00c9 PARAMETRE<\/span><\/strong><\/span><\/td>\n<td style=\"width: 557.688px; height: 23px;\">&nbsp;<\/td>\n<\/tr>\n<tr style=\"height: 23px;\">\n<td style=\"width: 195.906px; height: 23px;\"><span style=\"color: #000000;\">pou\u017eitie pre<\/span><\/td>\n<td style=\"width: 557.688px; height: 23px;\"><span style=\"color: #000000;\"><strong>LNL126<\/strong><\/span><\/td>\n<\/tr>\n<tr style=\"height: 23px;\">\n<td style=\"width: 195.906px; height: 23px;\"><span style=\"color: #000000;\">dosah<\/span><\/td>\n<td style=\"width: 557.688px; height: 23px;\"><span style=\"color: #000000;\"><strong>max \u00d8<\/strong><\/span><strong><span style=\"color: #000000;\">14m<\/span><\/strong><\/td>\n<\/tr>\n<tr style=\"height: 23px;\">\n<td style=\"width: 195.906px; height: 10px;\"><span style=\"color: #000000;\">balenie<\/span><\/td>\n<td style=\"width: 557.688px; height: 10px;\"><span style=\"color: #000000;\"><strong>1\/100<\/strong><\/span><\/td>\n<\/tr>\n<\/tbody>\n<\/table>\n","protected":false},"excerpt":{"rendered":"<p>Tento senzor je \u0161peci\u00e1lne navrhnut\u00fd pre pou\u017eitie s line\u00e1rnym svietidlom LNL126. Jeho hlavnou \u00falohou je zabezpe\u010di\u0165 automatick\u00e9 ovl\u00e1danie osvetlenia na z\u00e1klade detekcie pohybu, \u010do prispieva k vy\u0161\u0161ej energetickej efektivite a pohodliu. Hlavn\u00e9 vlastnosti: Automatick\u00e9 ovl\u00e1danie osvetlenia: Svetlo sa zapne pri detekcii pohybu a automaticky sa vypne po ur\u010ditej dobe, ke\u010f u\u017e pohyb nie je detekovan\u00fd. [&hellip;]<\/p>\n","protected":false},"featured_media":12537,"comment_status":"closed","ping_status":"open","template":"","meta":[],"product_brand":[],"product_cat":[103],"product_tag":[],"class_list":{"0":"post-12536","1":"product","2":"type-product","3":"status-publish","4":"has-post-thumbnail","6":"product_cat-led-linear-ip20","8":"first","9":"instock","10":"purchasable","11":"product-type-simple"},"_links":{"self":[{"href":"https:\/\/nedes.significa.sk\/en\/wp-json\/wp\/v2\/product\/12536","targetHints":{"allow":["GET"]}}],"collection":[{"href":"https:\/\/nedes.significa.sk\/en\/wp-json\/wp\/v2\/product"}],"about":[{"href":"https:\/\/nedes.significa.sk\/en\/wp-json\/wp\/v2\/types\/product"}],"replies":[{"embeddable":true,"href":"https:\/\/nedes.significa.sk\/en\/wp-json\/wp\/v2\/comments?post=12536"}],"wp:featuredmedia":[{"embeddable":true,"href":"https:\/\/nedes.significa.sk\/en\/wp-json\/wp\/v2\/media\/12537"}],"wp:attachment":[{"href":"https:\/\/nedes.significa.sk\/en\/wp-json\/wp\/v2\/media?parent=12536"}],"wp:term":[{"taxonomy":"product_brand","embeddable":true,"href":"https:\/\/nedes.significa.sk\/en\/wp-json\/wp\/v2\/product_brand?post=12536"},{"taxonomy":"product_cat","embeddable":true,"href":"https:\/\/nedes.significa.sk\/en\/wp-json\/wp\/v2\/product_cat?post=12536"},{"taxonomy":"product_tag","embeddable":true,"href":"https:\/\/nedes.significa.sk\/en\/wp-json\/wp\/v2\/product_tag?post=12536"}],"curies":[{"name":"wp","href":"https:\/\/api.w.org\/{rel}","templated":true}]}}