{"id":7503,"date":"2024-09-11T20:55:48","date_gmt":"2024-09-11T20:55:48","guid":{"rendered":"https:\/\/nedes.significa.sk\/?post_type=product&#038;p=7503"},"modified":"2024-09-11T20:56:17","modified_gmt":"2024-09-11T20:56:17","slug":"led-rucna-nabijacia-baterka-powerbank-fs03r","status":"publish","type":"product","link":"https:\/\/nedes.significa.sk\/en\/produkty\/led-rucna-nabijacia-baterka-powerbank-fs03r\/","title":{"rendered":"LED ru\u010dn\u00e1 nab\u00edjacia baterka + powerbank &#8211; FS03R"},"content":{"rendered":"","protected":false},"excerpt":{"rendered":"<p>LED ru\u010dn\u00e9 nab\u00edjacie svietidlo zna\u010dky NEDES, je v\u00fdborn\u00fdm a praktick\u00fdm spolo\u010dn\u00edkom pre r\u00f4zne aktivity. S ru\u010dnou poz\u00edciou a pracovn\u00fdm re\u017eimom poskytuje ide\u00e1lne a spo\u013eahliv\u00e9 osvetlenie pri turistike, kempovan\u00ed, behu, \u010di ryb\u00e1r\u010den\u00ed.<\/p>\n<p>Toto svetlo zabezpe\u010duje v\u00fdborn\u00fd v\u00fdh\u013ead v r\u00f4znych situ\u00e1ciach.<\/p>\n","protected":false},"featured_media":7504,"comment_status":"open","ping_status":"closed","template":"","meta":[],"product_brand":[],"product_cat":[62],"product_tag":[],"class_list":{"0":"post-7503","1":"product","2":"type-product","3":"status-publish","4":"has-post-thumbnail","6":"product_cat-rucne-svietidla","8":"first","9":"instock","10":"taxable","11":"shipping-taxable","12":"purchasable","13":"product-type-simple"},"_links":{"self":[{"href":"https:\/\/nedes.significa.sk\/en\/wp-json\/wp\/v2\/product\/7503","targetHints":{"allow":["GET"]}}],"collection":[{"href":"https:\/\/nedes.significa.sk\/en\/wp-json\/wp\/v2\/product"}],"about":[{"href":"https:\/\/nedes.significa.sk\/en\/wp-json\/wp\/v2\/types\/product"}],"replies":[{"embeddable":true,"href":"https:\/\/nedes.significa.sk\/en\/wp-json\/wp\/v2\/comments?post=7503"}],"wp:featuredmedia":[{"embeddable":true,"href":"https:\/\/nedes.significa.sk\/en\/wp-json\/wp\/v2\/media\/7504"}],"wp:attachment":[{"href":"https:\/\/nedes.significa.sk\/en\/wp-json\/wp\/v2\/media?parent=7503"}],"wp:term":[{"taxonomy":"product_brand","embeddable":true,"href":"https:\/\/nedes.significa.sk\/en\/wp-json\/wp\/v2\/product_brand?post=7503"},{"taxonomy":"product_cat","embeddable":true,"href":"https:\/\/nedes.significa.sk\/en\/wp-json\/wp\/v2\/product_cat?post=7503"},{"taxonomy":"product_tag","embeddable":true,"href":"https:\/\/nedes.significa.sk\/en\/wp-json\/wp\/v2\/product_tag?post=7503"}],"curies":[{"name":"wp","href":"https:\/\/api.w.org\/{rel}","templated":true}]}}