{"id":9533,"date":"2024-09-12T06:45:04","date_gmt":"2024-09-12T06:45:04","guid":{"rendered":"https:\/\/nedes.significa.sk\/produkty\/konektor-ip67-c20a-wp-3x15-2-cw132\/"},"modified":"2024-09-12T06:45:08","modified_gmt":"2024-09-12T06:45:08","slug":"konektor-ip67-c20a-wp-3x15-2-cw132","status":"publish","type":"product","link":"https:\/\/nedes.significa.sk\/en\/produkty\/konektor-ip67-c20a-wp-3x15-2-cw132\/","title":{"rendered":"Konektor IP67 C20A \/ WP \/ 3&#215;1,5\/2 &#8211; CW132"},"content":{"rendered":"<p><span style=\"color: #000000;\"><strong>Konektor IP67\/2way<\/strong> zna\u010dky <strong>NEDES<\/strong>, je ide\u00e1lny na sp\u00e1janie k\u00e1blov vo vonkaj\u0161om prostred\u00ed, pr\u00edp. v zemi do h\u013abky 1m. <\/span><\/p>\n<p><span style=\"color: #000000;\">Je vyroben\u00fd z extra odoln\u00e9ho materi\u00e1lu, ktor\u00fd vydr\u017e\u00ed aj ve\u013ek\u00fa z\u00e1\u0165a\u017e.<\/span><\/p>\n<p><span style=\"color: #000000;\">Na\u0161e produkty s\u00fa ob\u013e\u00faben\u00e9 na celom <strong>svete.<\/strong><\/span><\/p>\n<table>\n<tbody>\n<tr style=\"height: 23px;\">\n<td style=\"width: 221px; height: 23px;\"><span style=\"text-decoration: underline; font-size: 16px;\"><strong><span style=\"color: #000000; text-decoration: underline;\">TECHNICK\u00c9 PARAMETRE<\/span><\/strong><\/span><\/td>\n<td style=\"width: 687px; height: 23px;\">&nbsp;<\/td>\n<\/tr>\n<tr style=\"height: 23px;\">\n<td style=\"width: 221px; height: 23px;\"><span style=\"color: #000000;\">nap\u00e4tie <\/span><\/td>\n<td style=\"width: 687px; height: 23px;\"><span style=\"color: #000000;\"><strong>250V<\/strong><\/span><\/td>\n<\/tr>\n<tr style=\"height: 23px;\">\n<td style=\"width: 221px; height: 23px;\"><span style=\"color: #000000;\">pr\u00fad<\/span><\/td>\n<td style=\"width: 687px; height: 23px;\"><span style=\"color: #000000;\"><strong>20A<\/strong><\/span><\/td>\n<\/tr>\n<tr style=\"height: 23px;\">\n<td style=\"width: 221px; height: 23px;\"><span style=\"color: #000000;\">krytie<\/span><\/td>\n<td style=\"width: 687px; height: 23px;\"><span style=\"color: #000000;\"><strong>IP67<\/strong><\/span><\/td>\n<\/tr>\n<tr style=\"height: 23px;\">\n<td style=\"width: 221px; height: 23px;\"><span style=\"color: #000000;\">max vn\u00fatorn\u00fd \u00d8 k\u00e1blu<\/span><\/td>\n<td style=\"width: 687px; height: 23px;\"><strong><span style=\"color: #000000;\">2 x 3&#215;1,5mm<\/span><\/strong><\/td>\n<\/tr>\n<tr style=\"height: 23px;\">\n<td style=\"width: 221px; height: 23px;\"><span style=\"color: #000000;\">max vonkaj\u0161\u00ed \u00d8 k\u00e1blu<\/span><\/td>\n<td style=\"width: 687px; height: 23px;\"><span style=\"color: #000000;\"><strong>2 x 10mm<\/strong><\/span><\/td>\n<\/tr>\n<tr style=\"height: 23px;\">\n<td style=\"width: 221px; height: 28px;\"><span style=\"color: #000000;\">pr\u00edpustn\u00e1 h\u013abka do zeme<\/span><\/td>\n<td style=\"width: 687px; height: 28px;\"><span style=\"color: #000000;\"><strong>1000mm<\/strong><\/span><\/td>\n<\/tr>\n<tr style=\"height: 23px;\">\n<td style=\"width: 221px; height: 23px;\"><span style=\"color: #000000;\">pr\u00edpustn\u00e1 teplota okolia<\/span><\/td>\n<td style=\"width: 687px; height: 23px;\"><strong><span style=\"color: #000000;\">-40\u00b0 &#8211; +105\u00b0C<\/span><\/strong><\/td>\n<\/tr>\n<tr style=\"height: 23px;\">\n<td style=\"width: 221px; height: 23px;\"><span style=\"color: #000000;\">balenie<\/span><\/td>\n<td style=\"width: 687px; height: 23px;\"><span style=\"color: #000000;\"><strong>1\/20\/500<\/strong><\/span><\/td>\n<\/tr>\n<\/tbody>\n<\/table>\n","protected":false},"excerpt":{"rendered":"<p>Konektor IP67\/2way zna\u010dky NEDES, je ide\u00e1lny na sp\u00e1janie k\u00e1blov vo vonkaj\u0161om prostred\u00ed, pr\u00edp. v zemi do h\u013abky 1m. Je vyroben\u00fd z extra odoln\u00e9ho materi\u00e1lu, ktor\u00fd vydr\u017e\u00ed aj ve\u013ek\u00fa z\u00e1\u0165a\u017e. Na\u0161e produkty s\u00fa ob\u013e\u00faben\u00e9 na celom svete. TECHNICK\u00c9 PARAMETRE &nbsp; nap\u00e4tie 250V pr\u00fad 20A krytie IP67 max vn\u00fatorn\u00fd \u00d8 k\u00e1blu 2 x 3&#215;1,5mm max vonkaj\u0161\u00ed \u00d8 [&hellip;]<\/p>\n","protected":false},"featured_media":9334,"comment_status":"closed","ping_status":"open","template":"","meta":[],"product_brand":[],"product_cat":[87],"product_tag":[],"class_list":{"0":"post-9533","1":"product","2":"type-product","3":"status-publish","4":"has-post-thumbnail","6":"product_cat-konektory","8":"first","9":"instock","10":"purchasable","11":"product-type-simple"},"_links":{"self":[{"href":"https:\/\/nedes.significa.sk\/en\/wp-json\/wp\/v2\/product\/9533","targetHints":{"allow":["GET"]}}],"collection":[{"href":"https:\/\/nedes.significa.sk\/en\/wp-json\/wp\/v2\/product"}],"about":[{"href":"https:\/\/nedes.significa.sk\/en\/wp-json\/wp\/v2\/types\/product"}],"replies":[{"embeddable":true,"href":"https:\/\/nedes.significa.sk\/en\/wp-json\/wp\/v2\/comments?post=9533"}],"wp:featuredmedia":[{"embeddable":true,"href":"https:\/\/nedes.significa.sk\/en\/wp-json\/wp\/v2\/media\/9334"}],"wp:attachment":[{"href":"https:\/\/nedes.significa.sk\/en\/wp-json\/wp\/v2\/media?parent=9533"}],"wp:term":[{"taxonomy":"product_brand","embeddable":true,"href":"https:\/\/nedes.significa.sk\/en\/wp-json\/wp\/v2\/product_brand?post=9533"},{"taxonomy":"product_cat","embeddable":true,"href":"https:\/\/nedes.significa.sk\/en\/wp-json\/wp\/v2\/product_cat?post=9533"},{"taxonomy":"product_tag","embeddable":true,"href":"https:\/\/nedes.significa.sk\/en\/wp-json\/wp\/v2\/product_tag?post=9533"}],"curies":[{"name":"wp","href":"https:\/\/api.w.org\/{rel}","templated":true}]}}