{"id":9535,"date":"2024-09-12T06:45:04","date_gmt":"2024-09-12T06:45:04","guid":{"rendered":"https:\/\/nedes.significa.sk\/produkty\/led-ziarovka-7w-a60-e27-smd-3000k-zls571\/"},"modified":"2024-09-12T06:45:09","modified_gmt":"2024-09-12T06:45:09","slug":"led-ziarovka-7w-a60-e27-smd-3000k-zls571","status":"publish","type":"product","link":"https:\/\/nedes.significa.sk\/en\/produkty\/led-ziarovka-7w-a60-e27-smd-3000k-zls571\/","title":{"rendered":"LED \u017eiarovka 7W &#8211; A60 \/ E27 \/ SMD \/ 3000K &#8211; ZLS571"},"content":{"rendered":"<p><span style=\"color: #000000;\"><strong>LED \u017eiarovka<\/strong> zna\u010dky<\/span> <span style=\"color: #000000;\"><strong>NEDES<\/strong> je \u00fasporn\u00e1 \u017eiarovka so spotrebou <strong>7W<\/strong>, svietivos\u0165ou<strong> 600Lm<\/strong>, s p\u00e4ticou <strong>E27<\/strong>.<\/span><\/p>\n<p><span style=\"color: #000000;\">&#8211; pou\u017eit\u00e9 LED nemaj\u00fa &#8220;stmievaj\u00faci&#8221; efekt, svietia jasnou l\u00edniou v teplej bielej farbe<\/span><\/p>\n<p><span style=\"color: #000000;\">&#8211; \u017eivotnos\u0165 \u017eiarovky dosahuje a\u017e 30 000 hod\u00edn<\/span><\/p>\n<p><span style=\"color: #000000;\">&#8211; n\u00e1\u0161 produkt m\u00e1 najmodernej\u0161\u00ed dizajn, ktor\u00fd zais\u0165uje bezpe\u010dn\u00fa a bezprobl\u00e9mov\u00fa in\u0161tal\u00e1ciu do tradi\u010dn\u00fdch svietidiel, kde boli predt\u00fdm pou\u017eit\u00e9 be\u017en\u00e9 \u017eiarovky<\/span><\/p>\n<table style=\"height: 360px; width: 930px;\">\n<tbody>\n<tr style=\"height: 23px;\">\n<td style=\"width: 219.826px; height: 23px;\"><span style=\"text-decoration: underline; font-size: 16px;\"><strong><span style=\"color: #000000; text-decoration: underline;\">TECHNICK\u00c9 PARAMETRE<\/span><\/strong><\/span><\/td>\n<td style=\"width: 709.062px; height: 23px;\">&nbsp;<\/td>\n<\/tr>\n<tr style=\"height: 23px;\">\n<td style=\"width: 219.826px; height: 23px;\"><span style=\"color: #000000;\">spotreba<\/span><\/td>\n<td style=\"width: 709.062px; height: 23px;\"><span style=\"color: #000000;\"><strong>7W<\/strong><\/span><\/td>\n<\/tr>\n<tr style=\"height: 23px;\">\n<td style=\"width: 219.826px; height: 23px;\"><span style=\"color: #000000;\">sveteln\u00fd tok<\/span><\/td>\n<td style=\"width: 709.062px; height: 23px;\"><span style=\"color: #000000;\"><strong>600Lm<\/strong><\/span><\/td>\n<\/tr>\n<tr style=\"height: 23px;\">\n<td style=\"width: 219.826px; height: 23px;\"><span style=\"color: #000000;\">p\u00e4tica<\/span><\/td>\n<td style=\"width: 709.062px; height: 23px;\"><span style=\"color: #000000;\"><strong>E27<\/strong><\/span><\/td>\n<\/tr>\n<tr style=\"height: 23px;\">\n<td style=\"width: 219.826px; height: 23px;\"><span style=\"color: #000000;\">chromati\u010dnos\u0165 (farba svetla)<\/span><\/td>\n<td style=\"width: 709.062px; height: 23px;\"><span style=\"color: #000000;\"><strong>3000K &#8211; tepl\u00e1 biela<\/strong><\/span><\/td>\n<\/tr>\n<tr style=\"height: 23px;\">\n<td style=\"width: 219.826px; height: 23px;\"><span style=\"color: #000000;\">uhol svetla<\/span><\/td>\n<td style=\"width: 709.062px; height: 23px;\"><span style=\"color: #000000;\"><strong>300\u00b0<\/strong><\/span><\/td>\n<\/tr>\n<tr style=\"height: 23px;\">\n<td style=\"width: 219.826px; height: 23px;\"><span style=\"color: #000000;\">rozmer (mm)<\/span><\/td>\n<td style=\"width: 709.062px; height: 23px;\"><span style=\"color: #000000;\"><strong>\u00d860 x 110<\/strong><\/span><\/td>\n<\/tr>\n<tr style=\"height: 23px;\">\n<td style=\"width: 219.826px; height: 23px;\"><span style=\"color: #000000;\">nap\u00e4tie <\/span><\/td>\n<td style=\"width: 709.062px; height: 23px;\"><span style=\"color: #000000;\"><strong>AC165 &#8211; 265V<\/strong><\/span><\/td>\n<\/tr>\n<tr style=\"height: 23px;\">\n<td style=\"width: 219.826px; height: 23px;\"><span style=\"color: #000000;\">\u017eivotnos\u0165<\/span><\/td>\n<td style=\"width: 709.062px; height: 23px;\"><span style=\"color: #000000;\"><strong>30 000h<\/strong><\/span><\/td>\n<\/tr>\n<tr style=\"height: 23px;\">\n<td style=\"width: 219.826px; height: 23px;\"><span style=\"color: #000000;\">sp\u00ednac\u00ed cyklus<\/span><\/td>\n<td style=\"width: 709.062px; height: 23px;\"><span style=\"color: #000000;\"><strong>20 000 x<\/strong><\/span><\/td>\n<\/tr>\n<tr style=\"height: 23px;\">\n<td style=\"width: 219.826px; height: 23px;\"><span style=\"color: #000000;\">hmotnos\u0165 netto (g)<\/span><\/td>\n<td style=\"width: 709.062px; height: 23px;\"><span style=\"color: #000000;\"><strong>44<\/strong><\/span><\/td>\n<\/tr>\n<tr style=\"height: 23px;\">\n<td style=\"width: 219.826px; height: 28px;\"><span style=\"color: #000000;\">stmievate\u013en\u00e1<\/span><\/td>\n<td style=\"width: 709.062px; height: 28px;\"><span style=\"color: #000000;\"><strong>nie<\/strong><\/span><\/td>\n<\/tr>\n<tr style=\"height: 23px;\">\n<td style=\"width: 219.826px; height: 23px;\"><span style=\"color: #000000;\">materi\u00e1l<\/span><\/td>\n<td style=\"width: 709.062px; height: 23px;\"><span style=\"color: #000000;\"><strong>thermal PC + Al<\/strong><\/span><\/td>\n<\/tr>\n<tr style=\"height: 23px;\">\n<td style=\"width: 219.826px; height: 23px;\"><span style=\"color: #000000;\">balenie<\/span><\/td>\n<td style=\"width: 709.062px; height: 23px;\"><span style=\"color: #000000;\"><strong>1\/10\/100<\/strong><\/span><\/td>\n<\/tr>\n<tr style=\"height: 29px;\">\n<td style=\"width: 219.826px; height: 33px;\"><span style=\"color: #000000;\">LED s\u00fa nevymenite\u013en\u00e9<\/span><\/td>\n<td style=\"width: 709.062px; height: 33px;\"><span style=\"color: #000000;\"><strong>&nbsp;<\/strong><\/span><\/td>\n<\/tr>\n<\/tbody>\n<\/table>\n<p>-cena produktu zah\u0155\u0148a recykla\u010dn\u00fd poplatok v hodnote 0,05\u20ac bez DPH (0,06\u20ac s DPH)<\/p>\n","protected":false},"excerpt":{"rendered":"<p>LED \u017eiarovka zna\u010dky NEDES je \u00fasporn\u00e1 \u017eiarovka so spotrebou 7W, svietivos\u0165ou 600Lm, s p\u00e4ticou E27. &#8211; pou\u017eit\u00e9 LED nemaj\u00fa &#8220;stmievaj\u00faci&#8221; efekt, svietia jasnou l\u00edniou v teplej bielej farbe &#8211; \u017eivotnos\u0165 \u017eiarovky dosahuje a\u017e 30 000 hod\u00edn &#8211; n\u00e1\u0161 produkt m\u00e1 najmodernej\u0161\u00ed dizajn, ktor\u00fd zais\u0165uje bezpe\u010dn\u00fa a bezprobl\u00e9mov\u00fa in\u0161tal\u00e1ciu do tradi\u010dn\u00fdch svietidiel, kde boli predt\u00fdm pou\u017eit\u00e9 [&hellip;]<\/p>\n","protected":false},"featured_media":9336,"comment_status":"closed","ping_status":"open","template":"","meta":[],"product_brand":[],"product_cat":[85],"product_tag":[],"class_list":{"0":"post-9535","1":"product","2":"type-product","3":"status-publish","4":"has-post-thumbnail","6":"product_cat-a60-a95","8":"first","9":"instock","10":"purchasable","11":"product-type-simple"},"_links":{"self":[{"href":"https:\/\/nedes.significa.sk\/en\/wp-json\/wp\/v2\/product\/9535","targetHints":{"allow":["GET"]}}],"collection":[{"href":"https:\/\/nedes.significa.sk\/en\/wp-json\/wp\/v2\/product"}],"about":[{"href":"https:\/\/nedes.significa.sk\/en\/wp-json\/wp\/v2\/types\/product"}],"replies":[{"embeddable":true,"href":"https:\/\/nedes.significa.sk\/en\/wp-json\/wp\/v2\/comments?post=9535"}],"wp:featuredmedia":[{"embeddable":true,"href":"https:\/\/nedes.significa.sk\/en\/wp-json\/wp\/v2\/media\/9336"}],"wp:attachment":[{"href":"https:\/\/nedes.significa.sk\/en\/wp-json\/wp\/v2\/media?parent=9535"}],"wp:term":[{"taxonomy":"product_brand","embeddable":true,"href":"https:\/\/nedes.significa.sk\/en\/wp-json\/wp\/v2\/product_brand?post=9535"},{"taxonomy":"product_cat","embeddable":true,"href":"https:\/\/nedes.significa.sk\/en\/wp-json\/wp\/v2\/product_cat?post=9535"},{"taxonomy":"product_tag","embeddable":true,"href":"https:\/\/nedes.significa.sk\/en\/wp-json\/wp\/v2\/product_tag?post=9535"}],"curies":[{"name":"wp","href":"https:\/\/api.w.org\/{rel}","templated":true}]}}