{"id":9831,"date":"2024-09-12T06:47:06","date_gmt":"2024-09-12T06:47:06","guid":{"rendered":"https:\/\/nedes.significa.sk\/produkty\/kruzok-e14-pc-biela-bh412\/"},"modified":"2024-09-12T06:47:25","modified_gmt":"2024-09-12T06:47:25","slug":"kruzok-e14-pc-biela-bh412","status":"publish","type":"product","link":"https:\/\/nedes.significa.sk\/en\/produkty\/kruzok-e14-pc-biela-bh412\/","title":{"rendered":"Kr\u00fa\u017eok E14 PC \/ biela &#8211; BH412"},"content":{"rendered":"<p><span style=\"color: #000000;\"><strong>Kr\u00fa\u017eok <\/strong>zna\u010dky <strong>NEDES<\/strong>, s <strong>p\u00e4ticou E14, v bielom<\/strong> farebnom preveden\u00ed, je vyroben\u00fd z odoln\u00e9ho PC materi\u00e1lu.<\/span><\/p>\n<p><span style=\"color: #000000;\"> Poskytuje spo\u013eahliv\u00e9 spojenie a podporuje bezpe\u010dn\u00fa in\u0161tal\u00e1ciu elektrick\u00fdch syst\u00e9mov. <\/span><\/p>\n<p><span style=\"color: #000000;\">Je nielen prakticky, ale aj esteticky pr\u00edjemn\u00fdm prvkom, ktor\u00fd sa \u013eahko prisp\u00f4sob\u00ed konkr\u00e9tnym potreb\u00e1m a dizajnu. <\/span><\/p>\n<p><span style=\"color: #000000;\">Ide\u00e1lny v\u00fdber pre efekt\u00edvnu manipul\u00e1ciu s elektrick\u00fdm pr\u00edslu\u0161enstvom vo v\u0161estrann\u00fdch aplik\u00e1ciach. <\/span><\/p>\n<p><span style=\"color: #000000;\">Na\u0161e <strong>svietidl\u00e1<\/strong> a ostatn\u00e9 v\u00fdrobky s\u00fa ob\u013e\u00faben\u00e9 na celom <strong>svete.<\/strong><\/span><\/p>\n<table>\n<tbody>\n<tr style=\"height: 23px;\">\n<td style=\"width: 221px; height: 23px;\"><span style=\"text-decoration: underline; font-size: 16px;\"><strong><span style=\"color: #000000; text-decoration: underline;\">TECHNICK\u00c9 PARAMETRE<\/span><\/strong><\/span><\/td>\n<td style=\"width: 687px; height: 23px;\">&nbsp;<\/td>\n<\/tr>\n<tr>\n<td style=\"width: 221px;\"><span style=\"color: #000000;\">p\u00e4tica (z\u00e1vit)<\/span><span style=\"color: #000000;\"><br \/><\/span><\/td>\n<td style=\"width: 687px;\"><span style=\"color: #000000;\"><strong>E14<\/strong><\/span><\/td>\n<\/tr>\n<tr style=\"height: 23px;\">\n<td style=\"width: 221px; height: 23px;\"><span style=\"color: #000000;\">farba<\/span><\/td>\n<td style=\"width: 687px; height: 23px;\"><span style=\"color: #000000;\"><strong>biela<\/strong><\/span><\/td>\n<\/tr>\n<tr style=\"height: 23px;\">\n<td style=\"width: 221px; height: 23px;\"><span style=\"color: #000000;\">mater\u00e1l<\/span><\/td>\n<td style=\"width: 687px; height: 23px;\"><strong><span style=\"color: #000000;\">PC<\/span><\/strong><\/td>\n<\/tr>\n<tr style=\"height: 23px;\">\n<td style=\"width: 221px; height: 23px;\"><span style=\"color: #000000;\">balenie<\/span><\/td>\n<td style=\"width: 687px; height: 23px;\"><span style=\"color: #000000;\"><strong>1\/100\/2000<\/strong><\/span><\/td>\n<\/tr>\n<\/tbody>\n<\/table>\n","protected":false},"excerpt":{"rendered":"<p>Kr\u00fa\u017eok zna\u010dky NEDES, s p\u00e4ticou E14, v bielom farebnom preveden\u00ed, je vyroben\u00fd z odoln\u00e9ho PC materi\u00e1lu. Poskytuje spo\u013eahliv\u00e9 spojenie a podporuje bezpe\u010dn\u00fa in\u0161tal\u00e1ciu elektrick\u00fdch syst\u00e9mov. Je nielen prakticky, ale aj esteticky pr\u00edjemn\u00fdm prvkom, ktor\u00fd sa \u013eahko prisp\u00f4sob\u00ed konkr\u00e9tnym potreb\u00e1m a dizajnu. Ide\u00e1lny v\u00fdber pre efekt\u00edvnu manipul\u00e1ciu s elektrick\u00fdm pr\u00edslu\u0161enstvom vo v\u0161estrann\u00fdch aplik\u00e1ciach. Na\u0161e svietidl\u00e1 a [&hellip;]<\/p>\n","protected":false},"featured_media":9832,"comment_status":"closed","ping_status":"open","template":"","meta":[],"product_brand":[],"product_cat":[113],"product_tag":[],"class_list":{"0":"post-9831","1":"product","2":"type-product","3":"status-publish","4":"has-post-thumbnail","6":"product_cat-objimky-patice","8":"first","9":"instock","10":"purchasable","11":"product-type-simple"},"_links":{"self":[{"href":"https:\/\/nedes.significa.sk\/en\/wp-json\/wp\/v2\/product\/9831","targetHints":{"allow":["GET"]}}],"collection":[{"href":"https:\/\/nedes.significa.sk\/en\/wp-json\/wp\/v2\/product"}],"about":[{"href":"https:\/\/nedes.significa.sk\/en\/wp-json\/wp\/v2\/types\/product"}],"replies":[{"embeddable":true,"href":"https:\/\/nedes.significa.sk\/en\/wp-json\/wp\/v2\/comments?post=9831"}],"wp:featuredmedia":[{"embeddable":true,"href":"https:\/\/nedes.significa.sk\/en\/wp-json\/wp\/v2\/media\/9832"}],"wp:attachment":[{"href":"https:\/\/nedes.significa.sk\/en\/wp-json\/wp\/v2\/media?parent=9831"}],"wp:term":[{"taxonomy":"product_brand","embeddable":true,"href":"https:\/\/nedes.significa.sk\/en\/wp-json\/wp\/v2\/product_brand?post=9831"},{"taxonomy":"product_cat","embeddable":true,"href":"https:\/\/nedes.significa.sk\/en\/wp-json\/wp\/v2\/product_cat?post=9831"},{"taxonomy":"product_tag","embeddable":true,"href":"https:\/\/nedes.significa.sk\/en\/wp-json\/wp\/v2\/product_tag?post=9831"}],"curies":[{"name":"wp","href":"https:\/\/api.w.org\/{rel}","templated":true}]}}