{"id":9936,"date":"2024-09-12T06:47:52","date_gmt":"2024-09-12T06:47:52","guid":{"rendered":"https:\/\/nedes.significa.sk\/produkty\/redukcia-50-60-pre-led-poulicne-svietidla-as02\/"},"modified":"2024-09-12T06:48:11","modified_gmt":"2024-09-12T06:48:11","slug":"redukcia-50-60-pre-led-poulicne-svietidla-as02","status":"publish","type":"product","link":"https:\/\/nedes.significa.sk\/en\/produkty\/redukcia-50-60-pre-led-poulicne-svietidla-as02\/","title":{"rendered":"Redukcia 50 &#8211; 60 pre LED pouli\u010dn\u00e9 svietidl\u00e1 &#8211; AS02"},"content":{"rendered":"<p><span style=\"color: #000000;\"><strong>Redukciu <\/strong>50 &#8211; 60 pre<strong> LED pouli\u010dn\u00e9 svietidl\u00e1 <\/strong>zna\u010dky<strong> Nedes, <\/strong>je mo\u017en\u00e9 si zak\u00fapi\u0165 k <strong>LED pouli\u010dn\u00fdm svetl\u00e1m<\/strong> LSL322, LSL323 a LSL421. <\/span><\/p>\n<p><span style=\"color: #000000;\">Na\u0161e <strong>svietidl\u00e1<\/strong> a ostatn\u00e9 v\u00fdrobky s\u00fa v\u010faka svojej n\u00edzkej spotrebe energie ob\u013e\u00faben\u00e9 na celom <strong>svete.<\/strong><\/span><\/p>\n<table style=\"height: 442px;\">\n<tbody>\n<tr style=\"height: 23px;\">\n<td style=\"width: 205px; height: 23px;\"><span style=\"text-decoration: underline; font-size: 16px;\"><strong><span style=\"color: #000000; text-decoration: underline;\">TECHNICK\u00c9 PARAMETRE<\/span><\/strong><\/span><\/td>\n<td style=\"width: 608px; height: 23px;\">&nbsp;<\/td>\n<\/tr>\n<tr style=\"height: 23px;\">\n<td style=\"width: 205px; height: 65px;\"><span style=\"color: #000000;\">nakl\u00e1panie<\/span><\/td>\n<td style=\"width: 608px; height: 65px;\"><span style=\"color: #000000;\"><strong>&#8211;<\/strong><\/span><\/td>\n<\/tr>\n<tr style=\"height: 68px;\">\n<td style=\"width: 205px; height: 68px;\"><span style=\"color: #000000;\">uchytenie na<\/span><\/td>\n<td style=\"width: 608px; height: 68px;\"><span style=\"color: #000000;\"><strong>v\u00fdlo\u017en\u00edk s&nbsp;\u00d8 60mm<\/strong><\/span><\/td>\n<\/tr>\n<tr style=\"height: 23px;\">\n<td style=\"width: 205px; height: 75px;\"><span style=\"color: #000000;\">pou\u017eitie pre<\/span><\/td>\n<td style=\"width: 608px; height: 75px;\"><span style=\"color: #000000;\"><strong>svietidl\u00e1 s dierou \u00d8 50mm (LSL322, LSL323, LSL421)<\/strong><\/span><\/td>\n<\/tr>\n<tr style=\"height: 69px;\">\n<td style=\"width: 205px; height: 69px;\"><span style=\"color: #000000;\">rozmer (mm)<\/span><\/td>\n<td style=\"width: 608px; height: 69px;\"><span style=\"color: #000000;\"><strong>80 x 174<\/strong><\/span><\/td>\n<\/tr>\n<tr style=\"height: 72px;\">\n<td style=\"width: 205px; height: 72px;\"><span style=\"color: #000000;\">farba<\/span><\/td>\n<td style=\"width: 608px; height: 72px;\"><span style=\"color: #000000;\"><strong>\u0161ed\u00e1<\/strong><\/span><\/td>\n<\/tr>\n<tr style=\"height: 23px;\">\n<td style=\"width: 205px; height: 70px;\"><span style=\"color: #000000;\">balenie<\/span><\/td>\n<td style=\"width: 608px; height: 70px;\"><span style=\"color: #000000;\"><strong>1\/16<\/strong><\/span><\/td>\n<\/tr>\n<\/tbody>\n<\/table>\n","protected":false},"excerpt":{"rendered":"<p>Redukciu 50 &#8211; 60 pre LED pouli\u010dn\u00e9 svietidl\u00e1 zna\u010dky Nedes, je mo\u017en\u00e9 si zak\u00fapi\u0165 k LED pouli\u010dn\u00fdm svetl\u00e1m LSL322, LSL323 a LSL421. Na\u0161e svietidl\u00e1 a ostatn\u00e9 v\u00fdrobky s\u00fa v\u010faka svojej n\u00edzkej spotrebe energie ob\u013e\u00faben\u00e9 na celom svete. TECHNICK\u00c9 PARAMETRE &nbsp; nakl\u00e1panie &#8211; uchytenie na v\u00fdlo\u017en\u00edk s&nbsp;\u00d8 60mm pou\u017eitie pre svietidl\u00e1 s dierou \u00d8 50mm (LSL322, [&hellip;]<\/p>\n","protected":false},"featured_media":9937,"comment_status":"closed","ping_status":"open","template":"","meta":[],"product_brand":[],"product_cat":[119],"product_tag":[],"class_list":{"0":"post-9936","1":"product","2":"type-product","3":"status-publish","4":"has-post-thumbnail","6":"product_cat-prislusenstvo-led-verejne-osvetlenie","8":"first","9":"instock","10":"purchasable","11":"product-type-simple"},"_links":{"self":[{"href":"https:\/\/nedes.significa.sk\/en\/wp-json\/wp\/v2\/product\/9936","targetHints":{"allow":["GET"]}}],"collection":[{"href":"https:\/\/nedes.significa.sk\/en\/wp-json\/wp\/v2\/product"}],"about":[{"href":"https:\/\/nedes.significa.sk\/en\/wp-json\/wp\/v2\/types\/product"}],"replies":[{"embeddable":true,"href":"https:\/\/nedes.significa.sk\/en\/wp-json\/wp\/v2\/comments?post=9936"}],"wp:featuredmedia":[{"embeddable":true,"href":"https:\/\/nedes.significa.sk\/en\/wp-json\/wp\/v2\/media\/9937"}],"wp:attachment":[{"href":"https:\/\/nedes.significa.sk\/en\/wp-json\/wp\/v2\/media?parent=9936"}],"wp:term":[{"taxonomy":"product_brand","embeddable":true,"href":"https:\/\/nedes.significa.sk\/en\/wp-json\/wp\/v2\/product_brand?post=9936"},{"taxonomy":"product_cat","embeddable":true,"href":"https:\/\/nedes.significa.sk\/en\/wp-json\/wp\/v2\/product_cat?post=9936"},{"taxonomy":"product_tag","embeddable":true,"href":"https:\/\/nedes.significa.sk\/en\/wp-json\/wp\/v2\/product_tag?post=9936"}],"curies":[{"name":"wp","href":"https:\/\/api.w.org\/{rel}","templated":true}]}}