{"id":9949,"date":"2024-09-12T06:48:17","date_gmt":"2024-09-12T06:48:17","guid":{"rendered":"https:\/\/nedes.significa.sk\/produkty\/led-rucna-nabijacia-baterka-powerbank-fs03r-2\/"},"modified":"2024-09-12T06:48:17","modified_gmt":"2024-09-12T06:48:17","slug":"led-rucna-nabijacia-baterka-powerbank-fs03r-2","status":"publish","type":"product","link":"https:\/\/nedes.significa.sk\/en\/produkty\/led-rucna-nabijacia-baterka-powerbank-fs03r-2\/","title":{"rendered":"LED ru\u010dn\u00e1 nab\u00edjacia baterka + powerbank &#8211; FS03R"},"content":{"rendered":"<p><span style=\"color: #000000;\"><strong>LED ru\u010dn\u00e9 nab\u00edjacie svietidlo <\/strong>zna\u010dky<strong> NEDES,<\/strong> je v\u00fdborn\u00fdm a praktick\u00fdm spolo\u010dn\u00edkom pre r\u00f4zne aktivity. <\/span><\/p>\n<p><span style=\"color: #000000;\">S ru\u010dnou poz\u00edciou a pracovn\u00fdm re\u017eimom poskytuje ide\u00e1lne a spo\u013eahliv\u00e9 <strong>osvetlenie<\/strong> pri turistike, kempovan\u00ed, behu, \u010di ryb\u00e1r\u010den\u00ed. <\/span><\/p>\n<p><span style=\"color: #000000;\">T<\/span><span style=\"color: #000000;\">oto<strong> svetlo<\/strong> zabezpe\u010duje v\u00fdborn\u00fd v\u00fdh\u013ead v r\u00f4znych situ\u00e1ciach. <\/span><\/p>\n<p><span style=\"color: #000000;\"><strong>Nab\u00edjacia funkcia<\/strong> a <strong>power banka<\/strong> prid\u00e1va tomuto <strong>LED svietidlu<\/strong> \u010fal\u0161ie praktick\u00e9 funkcie. <\/span><\/p>\n<p><span style=\"color: #000000;\">Je skvel\u00fdm spolo\u010dn\u00edkom kamko\u013evek a taktie\u017e je ide\u00e1lne napr. na zavesenie. M\u00e1 \u013eahk\u00e9 a bezprobl\u00e9mov\u00e9 pou\u017eitie.<\/span><\/p>\n<p><span style=\"color: #000000;\"> Medzi k\u013e\u00fa\u010dov\u00e9 vlastnosti patr\u00ed<strong>&nbsp;jednoduch\u00fd<\/strong> a <strong>modern\u00fd dizajn<\/strong>, <strong>LED technol\u00f3gia<\/strong>,<strong> spo\u013eahlivos\u0165<\/strong> a v neposlednom rade <strong>cenov\u00e1 dostupnos\u0165<\/strong>. <\/span><\/p>\n<p><span style=\"color: #000000;\">Na\u0161e <strong>svietidl\u00e1<\/strong> s\u00fa ob\u013e\u00faben\u00e9 na celom <strong>svete.<\/strong>&nbsp;&nbsp;<\/span><\/p>\n<table style=\"height: 403px;\">\n<tbody>\n<tr style=\"height: 23px;\">\n<td style=\"width: 204px; height: 23px;\"><span style=\"text-decoration: underline; font-size: 16px;\"><strong><span style=\"color: #000000; text-decoration: underline;\">TECHNICK\u00c9 PARAMETRE<\/span><\/strong><\/span><\/td>\n<td style=\"width: 609px; height: 23px;\">&nbsp;<\/td>\n<\/tr>\n<tr style=\"height: 23px;\">\n<td style=\"width: 204px; height: 23px;\"><span style=\"color: #000000;\">zdroj svetla<\/span><\/td>\n<td style=\"width: 609px; height: 23px;\"><span style=\"color: #000000;\"><strong>5W CREE XPG + 3W COB biela + 3W COB \u010derven\u00e1<\/strong><\/span><\/td>\n<\/tr>\n<tr style=\"height: 23px;\">\n<td style=\"width: 204px; height: 23px;\"><span style=\"color: #000000;\">sveteln\u00fd tok<\/span><\/td>\n<td style=\"width: 609px; height: 23px;\"><span style=\"color: #000000;\"><strong>350Lm + 180Lm<\/strong><\/span><\/td>\n<\/tr>\n<tr style=\"height: 23px;\">\n<td style=\"width: 204px; height: 23px;\"><span style=\"color: #000000;\">nap\u00e1janie<\/span><\/td>\n<td style=\"width: 609px; height: 23px;\"><span style=\"color: #000000;\"><strong>Li-Ion-4000mA(obsahuje)<\/strong><\/span><\/td>\n<\/tr>\n<tr style=\"height: 23px;\">\n<td style=\"width: 204px; height: 23px;\"><span style=\"color: #000000;\">funkcie svetla<\/span><\/td>\n<td style=\"width: 609px; height: 23px;\">\n<p><span style=\"color: #000000;\"><strong>vyp. \u010d.1: 5W CREE 100% \/ 5W CREE 50% \/ 5W CREE blikaj\u00faca\/ vypnut\u00e9 <\/strong><\/span><\/p>\n<p><span style=\"color: #000000;\"><strong>vyp. \u010d.2: 3W COB biela 100% \/&nbsp;3W COB \u010derven\u00e1 100% \/&nbsp;3W COB \u010derven\u00e1 blikaj\u00faca\/vypnut\u00e9<\/strong><\/span><\/p>\n<\/td>\n<\/tr>\n<tr style=\"height: 23px;\">\n<td style=\"width: 204px; height: 23px;\"><span style=\"color: #000000;\">funkcia Powerbank&nbsp;<\/span><\/td>\n<td style=\"width: 609px; height: 23px;\"><span style=\"color: #000000;\"><strong>\u00e1no<\/strong><\/span><\/td>\n<\/tr>\n<tr style=\"height: 23px;\">\n<td style=\"width: 204px; height: 23px;\"><span style=\"color: #000000;\">senzor<\/span><\/td>\n<td style=\"width: 609px; height: 23px;\"><span style=\"color: #000000;\"><strong>nie<\/strong><\/span><\/td>\n<\/tr>\n<tr style=\"height: 23px;\">\n<td style=\"width: 204px; height: 23px;\"><span style=\"color: #000000;\">focus<\/span><\/td>\n<td style=\"width: 609px; height: 23px;\"><span style=\"color: #000000;\"><strong>nie<\/strong><\/span><\/td>\n<\/tr>\n<tr style=\"height: 23px;\">\n<td style=\"width: 204px; height: 23px;\"><span style=\"color: #000000;\">rozmer (mm)<\/span><\/td>\n<td style=\"width: 609px; height: 23px;\"><span style=\"color: #000000;\"><strong>203 x 158 x 113<\/strong><\/span><\/td>\n<\/tr>\n<tr style=\"height: 23px;\">\n<td style=\"width: 204px; height: 23px;\"><span style=\"color: #000000;\">chromati\u010dnos\u0165 (farba svetla)<\/span><\/td>\n<td style=\"width: 609px; height: 23px;\"><span style=\"color: #000000;\"><strong>biela \/ \u010derven\u00e1<\/strong><\/span><\/td>\n<\/tr>\n<tr style=\"height: 23px;\">\n<td style=\"width: 204px; height: 23px;\"><span style=\"color: #000000;\">dosvit<\/span><\/td>\n<td style=\"width: 609px; height: 23px;\"><span style=\"color: #000000;\"><strong>350m<\/strong><\/span><\/td>\n<\/tr>\n<tr style=\"height: 23px;\">\n<td style=\"width: 204px; height: 23px;\"><span style=\"color: #000000;\">krytie<\/span><\/td>\n<td style=\"width: 609px; height: 23px;\"><span style=\"color: #000000;\"><strong>I<\/strong><strong>P65<\/strong><\/span><\/td>\n<\/tr>\n<tr style=\"height: 23px;\">\n<td style=\"width: 204px; height: 23px;\"><span style=\"color: #000000;\">materi\u00e1l<\/span><\/td>\n<td style=\"width: 609px; height: 23px;\"><span style=\"color: #000000;\"><strong>PC-ABS,pogumovan\u00e9<\/strong><\/span><\/td>\n<\/tr>\n<tr style=\"height: 23px;\">\n<td style=\"width: 204px; height: 23px;\"><span style=\"color: #000000;\">uchytenie<\/span><\/td>\n<td style=\"width: 609px; height: 23px;\"><span style=\"color: #000000;\"><strong>ru\u010dn\u00e9, stojat\u00e9, reflektorov\u00e9<\/strong><\/span><\/td>\n<\/tr>\n<tr style=\"height: 23px;\">\n<td style=\"width: 204px; height: 23px;\"><span style=\"color: #000000;\">balenie<\/span><\/td>\n<td style=\"width: 609px; height: 23px;\"><span style=\"color: #000000;\"><strong>1\/4\/16<\/strong><\/span><\/td>\n<\/tr>\n<tr style=\"height: 29px;\">\n<td style=\"width: 204px; height: 29px;\"><span style=\"color: #000000;\">hmotnos\u0165 netto (g)<\/span><\/td>\n<td style=\"width: 609px; height: 29px;\"><span style=\"color: #000000;\"><strong>596<\/strong><\/span><\/td>\n<\/tr>\n<tr style=\"height: 29px;\">\n<td style=\"width: 204px; height: 29px;\"><span style=\"color: #000000;\">LED s\u00fa nevymenite\u013en\u00e9<\/span><\/td>\n<td style=\"width: 609px; height: 29px;\"><span style=\"color: #000000;\"><strong>&nbsp;<\/strong><\/span><\/td>\n<\/tr>\n<\/tbody>\n<\/table>\n","protected":false},"excerpt":{"rendered":"<p>LED ru\u010dn\u00e9 nab\u00edjacie svietidlo zna\u010dky NEDES, je v\u00fdborn\u00fdm a praktick\u00fdm spolo\u010dn\u00edkom pre r\u00f4zne aktivity. S ru\u010dnou poz\u00edciou a pracovn\u00fdm re\u017eimom poskytuje ide\u00e1lne a spo\u013eahliv\u00e9 osvetlenie pri turistike, kempovan\u00ed, behu, \u010di ryb\u00e1r\u010den\u00ed. Toto svetlo zabezpe\u010duje v\u00fdborn\u00fd v\u00fdh\u013ead v r\u00f4znych situ\u00e1ciach. Nab\u00edjacia funkcia a power banka prid\u00e1va tomuto LED svietidlu \u010fal\u0161ie praktick\u00e9 funkcie. Je skvel\u00fdm spolo\u010dn\u00edkom kamko\u013evek [&hellip;]<\/p>\n","protected":false},"featured_media":9950,"comment_status":"closed","ping_status":"open","template":"","meta":[],"product_brand":[],"product_cat":[62],"product_tag":[],"class_list":{"0":"post-9949","1":"product","2":"type-product","3":"status-publish","4":"has-post-thumbnail","6":"product_cat-rucne-svietidla","8":"first","9":"instock","10":"purchasable","11":"product-type-simple"},"_links":{"self":[{"href":"https:\/\/nedes.significa.sk\/en\/wp-json\/wp\/v2\/product\/9949","targetHints":{"allow":["GET"]}}],"collection":[{"href":"https:\/\/nedes.significa.sk\/en\/wp-json\/wp\/v2\/product"}],"about":[{"href":"https:\/\/nedes.significa.sk\/en\/wp-json\/wp\/v2\/types\/product"}],"replies":[{"embeddable":true,"href":"https:\/\/nedes.significa.sk\/en\/wp-json\/wp\/v2\/comments?post=9949"}],"wp:featuredmedia":[{"embeddable":true,"href":"https:\/\/nedes.significa.sk\/en\/wp-json\/wp\/v2\/media\/9950"}],"wp:attachment":[{"href":"https:\/\/nedes.significa.sk\/en\/wp-json\/wp\/v2\/media?parent=9949"}],"wp:term":[{"taxonomy":"product_brand","embeddable":true,"href":"https:\/\/nedes.significa.sk\/en\/wp-json\/wp\/v2\/product_brand?post=9949"},{"taxonomy":"product_cat","embeddable":true,"href":"https:\/\/nedes.significa.sk\/en\/wp-json\/wp\/v2\/product_cat?post=9949"},{"taxonomy":"product_tag","embeddable":true,"href":"https:\/\/nedes.significa.sk\/en\/wp-json\/wp\/v2\/product_tag?post=9949"}],"curies":[{"name":"wp","href":"https:\/\/api.w.org\/{rel}","templated":true}]}}