{"id":9997,"date":"2024-09-12T06:48:17","date_gmt":"2024-09-12T06:48:17","guid":{"rendered":"https:\/\/nedes.significa.sk\/produkty\/led-podhladove-svietidlo-7w-ip44-dr01-smd-3000k-wh-ldl143\/"},"modified":"2024-09-12T06:48:37","modified_gmt":"2024-09-12T06:48:37","slug":"led-podhladove-svietidlo-7w-ip44-dr01-smd-3000k-wh-ldl143","status":"publish","type":"product","link":"https:\/\/nedes.significa.sk\/en\/produkty\/led-podhladove-svietidlo-7w-ip44-dr01-smd-3000k-wh-ldl143\/","title":{"rendered":"LED podh\u013eadov\u00e9 svietidlo 7W \/ IP44 \/ DR01 \/ SMD \/ 3000K \/ WH &#8211; LDL143"},"content":{"rendered":"<p><span style=\"color: #000000;\"><strong>Vsaden\u00e9&nbsp;LED svietidlo<\/strong>&nbsp;zna\u010dky <strong>NEDES,<\/strong> je <strong>lampa<\/strong> vhodn\u00e1 najm\u00e4 <strong>do kuchyne<\/strong>,<strong> jed\u00e1lne<\/strong>, <strong>chodby<\/strong> \u010di <strong>\u0161atn\u00edka.<\/strong> Je navrhnut\u00e9 s d\u00f4razom na <strong>modern\u00fd dizajn<\/strong> a <strong>LED technol\u00f3giu<\/strong> pre efekt\u00edvne <strong>osvetlenie<\/strong>. Toto sietidlo je ide\u00e1lne ako <strong>interi\u00e9rov\u00e9 svetlo<\/strong>, poskytuj\u00face najkvalitnej\u0161ie<strong> osvetlenie<\/strong> vo Va\u0161ich dom\u00e1cnostiach. S\u00fa vybaven\u00e9 <strong>LED svetlom<\/strong>, ktor\u00e9 prin\u00e1\u0161a vysok\u00fa intenzitu svetla a z\u00e1rove\u0148 s\u00fa \u0161etrn\u00e9 k energii. <strong>Vsaden\u00e9 svietidlo<\/strong>, je vhodn\u00e9 aj do s\u00e1drokart\u00f3nov\u00fdch stropov a z\u00e1rove\u0148 sp\u013a\u0148a estetick\u00e9, \u010di funk\u010dn\u00e9 po\u017eiadavky. Tieto <strong>LED vsaden\u00e9 stropn\u00e9 svietidl\u00e1<\/strong> pon\u00fakaj\u00fa efekt\u00edvne vyu\u017eitie a z\u00e1rove\u0148 prid\u00e1vaj\u00fa \u0161t\u00fdlov\u00fd prvok do Va\u0161ich interi\u00e9rov. V\u010faka svojej n\u00edzkej spotrebe energie s\u00fa tieto <strong>svietidl\u00e1 <\/strong>ob\u013e\u00faben\u00e9 na celom <strong>svete.<\/strong><\/span><\/p>\n<table style=\"height: 368px;\">\n<tbody>\n<tr style=\"height: 23px;\">\n<td style=\"width: 205px; height: 23px;\"><span style=\"text-decoration: underline; font-size: 16px;\"><strong><span style=\"color: #000000; text-decoration: underline;\">TECHNICK\u00c9 PARAMETRE<\/span><\/strong><\/span><\/td>\n<td style=\"width: 608px; height: 23px;\">&nbsp;<\/td>\n<\/tr>\n<tr style=\"height: 23px;\">\n<td style=\"width: 205px; height: 23px;\"><span style=\"color: #000000;\">spotreba<\/span><\/td>\n<td style=\"width: 608px; height: 23px;\"><span style=\"color: #000000;\"><strong>7W<\/strong><\/span><\/td>\n<\/tr>\n<tr style=\"height: 23px;\">\n<td style=\"width: 205px; height: 23px;\"><span style=\"color: #000000;\">sveteln\u00fd tok<\/span><\/td>\n<td style=\"width: 608px; height: 23px;\"><span style=\"color: #000000;\"><strong>\u03a6use 510Lm (120\u00b0) total <img decoding=\"async\" src=\"\/storage\/lampa.png\" width=\"13\" height=\"16\" alt=\"\"> &#8211; 590Lm<\/strong><\/span><\/td>\n<\/tr>\n<tr style=\"height: 23px;\">\n<td style=\"width: 205px; height: 23px;\"><span style=\"color: #000000;\">rozmer (mm)<\/span><\/td>\n<td style=\"width: 608px; height: 23px;\"><span style=\"color: #000000;\"><strong>\u00d892 x 52<\/strong><\/span><\/td>\n<\/tr>\n<tr style=\"height: 23px;\">\n<td style=\"width: 205px; height: 23px;\"><span style=\"color: #000000;\">mont\u00e1\u017eny otvor (mm)<\/span><\/td>\n<td style=\"width: 608px; height: 23px;\"><span style=\"color: #000000;\"><strong>\u00d875<\/strong><\/span><\/td>\n<\/tr>\n<tr style=\"height: 23px;\">\n<td style=\"width: 205px; height: 23px;\"><span style=\"color: #000000;\">chromati\u010dnos\u0165 (farba svetla)<\/span><\/td>\n<td style=\"width: 608px; height: 23px;\"><span style=\"color: #000000;\"><strong>3000K &#8211; tepl\u00e1 biela<\/strong><\/span><\/td>\n<\/tr>\n<tr style=\"height: 23px;\">\n<td style=\"width: 205px; height: 23px;\"><span style=\"color: #000000;\">uhol svetla<\/span><\/td>\n<td style=\"width: 608px; height: 23px;\"><span style=\"color: #000000;\"><strong>120\u00b0<\/strong><\/span><\/td>\n<\/tr>\n<tr style=\"height: 23px;\">\n<td style=\"width: 205px; height: 23px;\"><span style=\"color: #000000;\">nap\u00e4tie <\/span><\/td>\n<td style=\"width: 608px; height: 23px;\"><span style=\"color: #000000;\"><strong>AC180 &#8211; 265V<\/strong><\/span><\/td>\n<\/tr>\n<tr style=\"height: 23px;\">\n<td style=\"width: 205px; height: 23px;\"><span style=\"color: #000000;\">\u017eivotnos\u0165<\/span><\/td>\n<td style=\"width: 608px; height: 23px;\"><span style=\"color: #000000;\"><strong>30 000h<\/strong><\/span><\/td>\n<\/tr>\n<tr style=\"height: 23px;\">\n<td style=\"width: 205px; height: 23px;\"><span style=\"color: #000000;\">sp\u00ednac\u00ed cyklus<\/span><\/td>\n<td style=\"width: 608px; height: 23px;\"><span style=\"color: #000000;\"><strong>20 000 x<\/strong><\/span><\/td>\n<\/tr>\n<tr style=\"height: 23px;\">\n<td style=\"width: 205px; height: 23px;\"><span style=\"color: #000000;\">hmotnos\u0165 netto (g)<\/span><\/td>\n<td style=\"width: 608px; height: 23px;\"><span style=\"color: #000000;\"><strong>100<\/strong><\/span><\/td>\n<\/tr>\n<tr style=\"height: 23px;\">\n<td style=\"width: 205px; height: 23px;\"><span style=\"color: #000000;\">krytie<\/span><\/td>\n<td style=\"width: 608px; height: 23px;\"><span style=\"color: #000000;\"><strong>IP44<\/strong><\/span><\/td>\n<\/tr>\n<tr style=\"height: 23px;\">\n<td style=\"width: 205px; height: 23px;\"><span style=\"color: #000000;\">materi\u00e1l<\/span><\/td>\n<td style=\"width: 608px; height: 23px;\"><span style=\"color: #000000;\"><strong>thermal PC\/AL &#8211; biela<\/strong><\/span><\/td>\n<\/tr>\n<tr style=\"height: 23px;\">\n<td style=\"width: 205px; height: 23px;\"><span style=\"color: #000000;\">typ dif\u00fazora<\/span><\/td>\n<td style=\"width: 608px; height: 23px;\"><strong><span style=\"color: #000000;\">opal<\/span><\/strong><\/td>\n<\/tr>\n<tr>\n<td style=\"width: 205px;\"><span style=\"color: #000000;\">mo\u017enos\u0165 stmievania<\/span><\/td>\n<td style=\"width: 608px;\"><span style=\"color: #000000;\"><strong>nie<\/strong><\/span><\/td>\n<\/tr>\n<tr style=\"height: 23px;\">\n<td style=\"width: 205px; height: 23px;\"><span style=\"color: #000000;\">balenie<\/span><\/td>\n<td style=\"width: 608px; height: 23px;\"><span style=\"color: #000000;\"><strong>1\/100<\/strong><\/span><\/td>\n<\/tr>\n<tr>\n<td style=\"width: 205px;\"><span style=\"color: #000000;\">LED s\u00fa nevymenite\u013en\u00e9<\/span><span style=\"color: #000000;\"><br \/><\/span><\/td>\n<td style=\"width: 608px;\"><span style=\"color: #000000;\"><strong>&nbsp;<\/strong><\/span><\/td>\n<\/tr>\n<\/tbody>\n<\/table>\n<p>-cena produktu zah\u0155\u0148a recykla\u010dn\u00fd poplatok v hodnote 0,10\u20ac bez DPH (0,12\u20ac s DPH)<\/p>\n","protected":false},"excerpt":{"rendered":"<p>Vsaden\u00e9&nbsp;LED svietidlo&nbsp;zna\u010dky NEDES, je lampa vhodn\u00e1 najm\u00e4 do kuchyne, jed\u00e1lne, chodby \u010di \u0161atn\u00edka. Je navrhnut\u00e9 s d\u00f4razom na modern\u00fd dizajn a LED technol\u00f3giu pre efekt\u00edvne osvetlenie. Toto sietidlo je ide\u00e1lne ako interi\u00e9rov\u00e9 svetlo, poskytuj\u00face najkvalitnej\u0161ie osvetlenie vo Va\u0161ich dom\u00e1cnostiach. S\u00fa vybaven\u00e9 LED svetlom, ktor\u00e9 prin\u00e1\u0161a vysok\u00fa intenzitu svetla a z\u00e1rove\u0148 s\u00fa \u0161etrn\u00e9 k energii. Vsaden\u00e9 [&hellip;]<\/p>\n","protected":false},"featured_media":9998,"comment_status":"closed","ping_status":"open","template":"","meta":[],"product_brand":[],"product_cat":[54],"product_tag":[],"class_list":{"0":"post-9997","1":"product","2":"type-product","3":"status-publish","4":"has-post-thumbnail","6":"product_cat-led-svietidla-vsadene","8":"first","9":"instock","10":"purchasable","11":"product-type-simple"},"_links":{"self":[{"href":"https:\/\/nedes.significa.sk\/en\/wp-json\/wp\/v2\/product\/9997","targetHints":{"allow":["GET"]}}],"collection":[{"href":"https:\/\/nedes.significa.sk\/en\/wp-json\/wp\/v2\/product"}],"about":[{"href":"https:\/\/nedes.significa.sk\/en\/wp-json\/wp\/v2\/types\/product"}],"replies":[{"embeddable":true,"href":"https:\/\/nedes.significa.sk\/en\/wp-json\/wp\/v2\/comments?post=9997"}],"wp:featuredmedia":[{"embeddable":true,"href":"https:\/\/nedes.significa.sk\/en\/wp-json\/wp\/v2\/media\/9998"}],"wp:attachment":[{"href":"https:\/\/nedes.significa.sk\/en\/wp-json\/wp\/v2\/media?parent=9997"}],"wp:term":[{"taxonomy":"product_brand","embeddable":true,"href":"https:\/\/nedes.significa.sk\/en\/wp-json\/wp\/v2\/product_brand?post=9997"},{"taxonomy":"product_cat","embeddable":true,"href":"https:\/\/nedes.significa.sk\/en\/wp-json\/wp\/v2\/product_cat?post=9997"},{"taxonomy":"product_tag","embeddable":true,"href":"https:\/\/nedes.significa.sk\/en\/wp-json\/wp\/v2\/product_tag?post=9997"}],"curies":[{"name":"wp","href":"https:\/\/api.w.org\/{rel}","templated":true}]}}