{"id":10325,"date":"2024-09-12T06:50:50","date_gmt":"2024-09-12T06:50:50","guid":{"rendered":"https:\/\/nedes.significa.sk\/produkty\/senzor-pre-led-svietidla-ufo-1-10v-lu2-series-sm2-1\/"},"modified":"2024-09-12T06:51:00","modified_gmt":"2024-09-12T06:51:00","slug":"senzor-pre-led-svietidla-ufo-1-10v-lu2-series-sm2-1","status":"publish","type":"product","link":"https:\/\/nedes.significa.sk\/hu\/produkty\/senzor-pre-led-svietidla-ufo-1-10v-lu2-series-sm2-1\/","title":{"rendered":"Senzor pre LED svietidl\u00e1 UFO 1-10V LU2 series &#8211; SM2\/1"},"content":{"rendered":"<p><span style=\"color: #000000;\"><strong>Senzor pre LED svietidl\u00e1 UFO<\/strong> je senzor navrhnut\u00fd na <strong>detekciu pohybu<\/strong> v okol\u00ed svietidla a na sp\u00fa\u0161\u0165anie svetla v pr\u00edpade zistenia pohybu.<\/span><\/p>\n<p><span style=\"color: #000000;\">Ide o funkciu, ktor\u00e1 pom\u00e1ha pri udr\u017eiavan\u00ed bezpe\u010dnosti na miestach ako s\u00fa vonkaj\u0161ie priestory alebo miestnosti s n\u00edzkou frekvenciou pou\u017e\u00edvania, kde je svetlo potrebn\u00e9 len v pr\u00edtomnosti \u013eud\u00ed.&nbsp;&nbsp;<\/span><\/p>\n<p><span style=\"color: #000000;\">Na\u0161e <strong>svietidl\u00e1<\/strong> a ostatn\u00e9 v\u00fdrobky s\u00fa ob\u013e\u00faben\u00e9 na celom <strong>svete<\/strong>.<\/span><\/p>\n<table style=\"height: 326px;\">\n<tbody>\n<tr style=\"height: 23px;\">\n<td style=\"width: 205px; height: 87px;\"><span style=\"text-decoration: underline; font-size: 16px;\"><strong><span style=\"color: #000000; text-decoration: underline;\">TECHNICK\u00c9 PARAMETRE<\/span><\/strong><\/span><\/td>\n<td style=\"width: 608px; height: 87px;\">&nbsp;<\/td>\n<\/tr>\n<tr style=\"height: 23px;\">\n<td style=\"width: 205px; height: 89px;\"><span style=\"color: #000000;\">pou\u017eitie pre<\/span><\/td>\n<td style=\"width: 608px; height: 89px;\"><span style=\"color: #000000;\"><strong>LU221\/1, LU222\/1, LU223\/1<\/strong><\/span><\/td>\n<\/tr>\n<tr style=\"height: 23px;\">\n<td style=\"width: 205px; height: 61px;\"><span style=\"color: #000000;\">balenie<\/span><\/td>\n<td style=\"width: 608px; height: 61px;\">\n<p><span style=\"color: #000000;\"><strong>1\/10<\/strong><\/span><\/p>\n<p>&nbsp;<\/p>\n<\/td>\n<\/tr>\n<tr style=\"height: 89px;\">\n<td style=\"width: 205px; height: 89px;\"><span style=\"color: #000000;\">dosah<\/span><\/td>\n<td style=\"width: 608px; height: 89px;\"><span style=\"color: #000000;\"><strong>max \u00d8<\/strong><\/span><strong><span style=\"color: #000000;\">14m<\/span><\/strong><\/td>\n<\/tr>\n<\/tbody>\n<\/table>\n","protected":false},"excerpt":{"rendered":"<p>Senzor pre LED svietidl\u00e1 UFO je senzor navrhnut\u00fd na detekciu pohybu v okol\u00ed svietidla a na sp\u00fa\u0161\u0165anie svetla v pr\u00edpade zistenia pohybu. Ide o funkciu, ktor\u00e1 pom\u00e1ha pri udr\u017eiavan\u00ed bezpe\u010dnosti na miestach ako s\u00fa vonkaj\u0161ie priestory alebo miestnosti s n\u00edzkou frekvenciou pou\u017e\u00edvania, kde je svetlo potrebn\u00e9 len v pr\u00edtomnosti \u013eud\u00ed.&nbsp;&nbsp; Na\u0161e svietidl\u00e1 a ostatn\u00e9 v\u00fdrobky [&hellip;]<\/p>\n","protected":false},"featured_media":10326,"comment_status":"closed","ping_status":"open","template":"","meta":[],"product_brand":[],"product_cat":[112],"product_tag":[],"class_list":{"0":"post-10325","1":"product","2":"type-product","3":"status-publish","4":"has-post-thumbnail","6":"product_cat-prislusenstvo-led-svietidla-priemyselne","8":"first","9":"instock","10":"purchasable","11":"product-type-simple"},"_links":{"self":[{"href":"https:\/\/nedes.significa.sk\/hu\/wp-json\/wp\/v2\/product\/10325","targetHints":{"allow":["GET"]}}],"collection":[{"href":"https:\/\/nedes.significa.sk\/hu\/wp-json\/wp\/v2\/product"}],"about":[{"href":"https:\/\/nedes.significa.sk\/hu\/wp-json\/wp\/v2\/types\/product"}],"replies":[{"embeddable":true,"href":"https:\/\/nedes.significa.sk\/hu\/wp-json\/wp\/v2\/comments?post=10325"}],"wp:featuredmedia":[{"embeddable":true,"href":"https:\/\/nedes.significa.sk\/hu\/wp-json\/wp\/v2\/media\/10326"}],"wp:attachment":[{"href":"https:\/\/nedes.significa.sk\/hu\/wp-json\/wp\/v2\/media?parent=10325"}],"wp:term":[{"taxonomy":"product_brand","embeddable":true,"href":"https:\/\/nedes.significa.sk\/hu\/wp-json\/wp\/v2\/product_brand?post=10325"},{"taxonomy":"product_cat","embeddable":true,"href":"https:\/\/nedes.significa.sk\/hu\/wp-json\/wp\/v2\/product_cat?post=10325"},{"taxonomy":"product_tag","embeddable":true,"href":"https:\/\/nedes.significa.sk\/hu\/wp-json\/wp\/v2\/product_tag?post=10325"}],"curies":[{"name":"wp","href":"https:\/\/api.w.org\/{rel}","templated":true}]}}