{"id":10353,"date":"2024-09-12T06:50:50","date_gmt":"2024-09-12T06:50:50","guid":{"rendered":"https:\/\/nedes.significa.sk\/produkty\/led-svietidlo-high-bay-ufo-150w-ip65-5000k-lu322\/"},"modified":"2024-09-12T06:51:12","modified_gmt":"2024-09-12T06:51:12","slug":"led-svietidlo-high-bay-ufo-150w-ip65-5000k-lu322","status":"publish","type":"product","link":"https:\/\/nedes.significa.sk\/hu\/produkty\/led-svietidlo-high-bay-ufo-150w-ip65-5000k-lu322\/","title":{"rendered":"LED svietidlo High Bay UFO 150W \/ IP65 \/ 5000K &#8211; LU322"},"content":{"rendered":"<p><span style=\"color: #000000;\">Modern\u00e9 <strong>LED svietidlo priemyseln\u00e9<\/strong> aj tzv.<strong>UFO svietidlo <\/strong>alebo<strong> UFO lampa<\/strong>, zna\u010dky<strong> NEDES<\/strong> s neutr\u00e1lnym bielym svetlom, poskytuje efekt\u00edvne <strong>osvetlenie<\/strong>. <\/span><\/p>\n<p><span style=\"color: #000000;\">V\u00fdkonn\u00e1 <strong>Highbay LED lampa<\/strong> zabezpe\u010duje vysok\u00fd sveteln\u00fd v\u00fdkon a energetick\u00fa efekt\u00edvnos\u0165.<\/span><\/p>\n<p><span style=\"color: #000000;\"> Ide\u00e1lna je pre variabiln\u00e9<strong> interi\u00e9rov\u00e9<\/strong> ale aj <strong>exteri\u00e9rov\u00e9<\/strong> sveteln\u00e9 potreby v priemyseln\u00fdch prostrediach ako napr. v\u00fdrobn\u00e9 a priemyseln\u00e9 haly, hang\u00e1re alebo ve\u013ek\u00e9 opravovne a gar\u00e1\u017ee. <\/span><\/p>\n<p><span style=\"color: #000000;\">Medzi k\u013e\u00fa\u010dov\u00e9 vlastnosti patr\u00ed<strong> jednoduch\u00fd<\/strong> a <strong>modern\u00fd dizajn<\/strong>, <strong>LED technol\u00f3gia<\/strong>, <strong>\u00faspornos\u0165<\/strong>,<strong> spo\u013eahlivos\u0165<\/strong> a v neposlednom rade ich cenov\u00e1 dostupnos\u0165. <\/span><\/p>\n<p><span style=\"color: #000000;\">S\u00fa\u010das\u0165ou balenia je <strong>oko na zavesenie<\/strong>. <\/span><\/p>\n<p><span style=\"color: #000000;\">Na\u0161e <strong>svietidl\u00e1<\/strong> s\u00fa v\u010faka svojej n\u00edzkej spotrebe energie ob\u013e\u00faben\u00e9 na celom <strong>svete.<\/strong>&nbsp;&nbsp;<\/span><\/p>\n<table style=\"height: 347px;\">\n<tbody>\n<tr style=\"height: 23px;\">\n<td style=\"width: 205.265625px; height: 23px;\"><span style=\"text-decoration: underline; font-size: 16px;\"><strong><span style=\"color: #000000; text-decoration: underline;\">TECHNICK\u00c9 PARAMETRE<\/span><\/strong><\/span><\/td>\n<td style=\"width: 608.875px; height: 23px;\">&nbsp;<\/td>\n<\/tr>\n<tr style=\"height: 23px;\">\n<td style=\"width: 205.265625px; height: 23px;\"><span style=\"color: #000000;\">spotreba<\/span><\/td>\n<td style=\"width: 608.875px; height: 23px;\"><span style=\"color: #000000;\"><strong>150W<\/strong><\/span><\/td>\n<\/tr>\n<tr style=\"height: 23px;\">\n<td style=\"width: 205.265625px; height: 23px;\"><span style=\"color: #000000;\">sveteln\u00fd tok<\/span><\/td>\n<td style=\"width: 608.875px; height: 23px;\"><span style=\"color: #000000;\"><strong>\u03a6use &#8211; 18000Lm, total &#8211; 19500Lm<\/strong><\/span><\/td>\n<\/tr>\n<tr style=\"height: 25px;\">\n<td style=\"width: 205.265625px; height: 25px;\"><span style=\"color: #000000;\">stmievanie<\/span><\/td>\n<td style=\"width: 608.875px; height: 25px;\"><span style=\"color: #000000;\"><strong>nie<\/strong><\/span><\/td>\n<\/tr>\n<tr style=\"height: 23px;\">\n<td style=\"width: 205.265625px; height: 23px;\"><span style=\"color: #000000;\">rozmer (mm)<\/span><\/td>\n<td style=\"width: 608.875px; height: 23px;\"><span style=\"color: #000000;\"><strong>\u00d8308 x 160&nbsp;<\/strong><\/span><\/td>\n<\/tr>\n<tr style=\"height: 23px;\">\n<td style=\"width: 205.265625px; height: 23px;\"><span style=\"color: #000000;\">chromati\u010dnos\u0165 (farba svetla)<\/span><\/td>\n<td style=\"width: 608.875px; height: 23px;\"><span style=\"color: #000000;\"><strong>5000K &#8211; neutr\u00e1lna biela<\/strong><\/span><\/td>\n<\/tr>\n<tr style=\"height: 23px;\">\n<td style=\"width: 205.265625px; height: 23px;\"><span style=\"color: #000000;\">uhol svetla<\/span><\/td>\n<td style=\"width: 608.875px; height: 23px;\"><span style=\"color: #000000;\"><strong>90\u00b0<\/strong><\/span><\/td>\n<\/tr>\n<tr style=\"height: 23px;\">\n<td style=\"width: 205.265625px; height: 23px;\"><span style=\"color: #000000;\">nap\u00e4tie <\/span><\/td>\n<td style=\"width: 608.875px; height: 23px;\"><span style=\"color: #000000;\"><strong>AC180 &#8211; 265V<\/strong><\/span><\/td>\n<\/tr>\n<tr style=\"height: 23px;\">\n<td style=\"width: 205.265625px; height: 23px;\"><span style=\"color: #000000;\">\u017eivotnos\u0165<\/span><\/td>\n<td style=\"width: 608.875px; height: 23px;\"><span style=\"color: #000000;\"><strong>30 000 h&nbsp;<\/strong><\/span><\/td>\n<\/tr>\n<tr style=\"height: 23px;\">\n<td style=\"width: 205.265625px; height: 23px;\"><span style=\"color: #000000;\">sp\u00ednac\u00ed cyklus<\/span><\/td>\n<td style=\"width: 608.875px; height: 23px;\"><span style=\"color: #000000;\"><strong>25 000 x<\/strong><\/span><\/td>\n<\/tr>\n<tr style=\"height: 23px;\">\n<td style=\"width: 205.265625px; height: 23px;\"><span style=\"color: #000000;\">hmotnos\u0165 netto (g)<\/span><\/td>\n<td style=\"width: 608.875px; height: 23px;\"><span style=\"color: #000000;\"><strong>2110<\/strong><\/span><\/td>\n<\/tr>\n<tr style=\"height: 23px;\">\n<td style=\"width: 205.265625px; height: 23px;\"><span style=\"color: #000000;\">krytie<\/span><\/td>\n<td style=\"width: 608.875px; height: 23px;\"><span style=\"color: #000000;\"><strong>IP65<\/strong><\/span><\/td>\n<\/tr>\n<tr>\n<td style=\"width: 205.265625px;\"><span style=\"color: #000000;\">stupe\u0148 mechanickej ochrany<\/span><span style=\"color: #000000;\"><br \/><\/span><\/td>\n<td style=\"width: 608.875px;\"><span style=\"color: #000000;\"><strong>IK08<\/strong><\/span><\/td>\n<\/tr>\n<tr style=\"height: 23px;\">\n<td style=\"width: 205.265625px; height: 23px;\"><span style=\"color: #000000;\">materi\u00e1l<\/span><\/td>\n<td style=\"width: 608.875px; height: 23px;\"><span style=\"color: #000000;\"><strong>metal &#8211; \u010dierna<\/strong><\/span><\/td>\n<\/tr>\n<tr style=\"height: 23px;\">\n<td style=\"width: 205.265625px; height: 23px;\"><span style=\"color: #000000;\">typ dif\u00fazora<\/span><\/td>\n<td style=\"width: 608.875px; height: 23px;\"><strong><span style=\"color: #000000;\">lens, 90\u00b0<\/span><\/strong><\/td>\n<\/tr>\n<tr style=\"height: 23px;\">\n<td style=\"width: 205.265625px; height: 23px;\"><span style=\"color: #000000;\">balenie<\/span><\/td>\n<td style=\"width: 608.875px; height: 23px;\"><span style=\"color: #000000;\"><strong>1\/4<\/strong><\/span><\/td>\n<\/tr>\n<tr>\n<td style=\"width: 205.266px;\"><span style=\"color: #000000;\">LED s\u00fa nevymenite\u013en\u00e9<\/span><span style=\"color: #000000;\"><br \/><\/span><\/td>\n<td style=\"width: 608.875px;\"><span style=\"color: #000000;\"><strong>&nbsp;<\/strong><\/span><\/td>\n<\/tr>\n<\/tbody>\n<\/table>\n<p>-cena produktu zah\u0155\u0148a recykla\u010dn\u00fd poplatok v hodnote 0,10\u20ac bez DPH (0,12\u20ac s DPH)<\/p>\n","protected":false},"excerpt":{"rendered":"<p>Modern\u00e9 LED svietidlo priemyseln\u00e9 aj tzv.UFO svietidlo alebo UFO lampa, zna\u010dky NEDES s neutr\u00e1lnym bielym svetlom, poskytuje efekt\u00edvne osvetlenie. V\u00fdkonn\u00e1 Highbay LED lampa zabezpe\u010duje vysok\u00fd sveteln\u00fd v\u00fdkon a energetick\u00fa efekt\u00edvnos\u0165. Ide\u00e1lna je pre variabiln\u00e9 interi\u00e9rov\u00e9 ale aj exteri\u00e9rov\u00e9 sveteln\u00e9 potreby v priemyseln\u00fdch prostrediach ako napr. v\u00fdrobn\u00e9 a priemyseln\u00e9 haly, hang\u00e1re alebo ve\u013ek\u00e9 opravovne a gar\u00e1\u017ee. [&hellip;]<\/p>\n","protected":false},"featured_media":10354,"comment_status":"closed","ping_status":"open","template":"","meta":[],"product_brand":[],"product_cat":[118],"product_tag":[],"class_list":{"0":"post-10353","1":"product","2":"type-product","3":"status-publish","4":"has-post-thumbnail","6":"product_cat-led-svietidla-priemyselne-led-svietidla-priemyselne","8":"first","9":"instock","10":"purchasable","11":"product-type-simple"},"_links":{"self":[{"href":"https:\/\/nedes.significa.sk\/hu\/wp-json\/wp\/v2\/product\/10353","targetHints":{"allow":["GET"]}}],"collection":[{"href":"https:\/\/nedes.significa.sk\/hu\/wp-json\/wp\/v2\/product"}],"about":[{"href":"https:\/\/nedes.significa.sk\/hu\/wp-json\/wp\/v2\/types\/product"}],"replies":[{"embeddable":true,"href":"https:\/\/nedes.significa.sk\/hu\/wp-json\/wp\/v2\/comments?post=10353"}],"wp:featuredmedia":[{"embeddable":true,"href":"https:\/\/nedes.significa.sk\/hu\/wp-json\/wp\/v2\/media\/10354"}],"wp:attachment":[{"href":"https:\/\/nedes.significa.sk\/hu\/wp-json\/wp\/v2\/media?parent=10353"}],"wp:term":[{"taxonomy":"product_brand","embeddable":true,"href":"https:\/\/nedes.significa.sk\/hu\/wp-json\/wp\/v2\/product_brand?post=10353"},{"taxonomy":"product_cat","embeddable":true,"href":"https:\/\/nedes.significa.sk\/hu\/wp-json\/wp\/v2\/product_cat?post=10353"},{"taxonomy":"product_tag","embeddable":true,"href":"https:\/\/nedes.significa.sk\/hu\/wp-json\/wp\/v2\/product_tag?post=10353"}],"curies":[{"name":"wp","href":"https:\/\/api.w.org\/{rel}","templated":true}]}}