{"id":10762,"date":"2024-09-12T06:54:00","date_gmt":"2024-09-12T06:54:00","guid":{"rendered":"https:\/\/nedes.significa.sk\/produkty\/led-reflektor-s-pir-senzorom-30w-4000k-lf0023s\/"},"modified":"2024-09-12T07:49:01","modified_gmt":"2024-09-12T07:49:01","slug":"led-reflektor-s-pir-senzorom-30w-4000k-lf0023s","status":"publish","type":"product","link":"https:\/\/nedes.significa.sk\/hu\/produkty\/led-reflektor-s-pir-senzorom-30w-4000k-lf0023s\/","title":{"rendered":"LED reflektor s PIR senzorom 30W \/ 4000K &#8211; LF0023S"},"content":{"rendered":"<p><span style=\"color: #000000;\"><strong>LED reflektor <\/strong>zna\u010dky <strong>NEDES<\/strong> v \u010diernej farbe disponuje\u00a0<strong>dr\u017eiakom, senzorom <\/strong>a vysokokvalitn\u00fdm <strong>LED \u010dipom<\/strong>.<\/span><\/p>\n<p><span style=\"color: #000000;\"> Je vhodn\u00fd <strong>do interi\u00e9ru<\/strong> napr. do gar\u00e1\u017ee, na stavby a <strong>exteri\u00e9ru<\/strong> napr. na osvetlenie z\u00e1hrad, domov alebo dvorov.<\/span><\/p>\n<p><span style=\"color: #000000;\"> J<\/span><span style=\"color: #000000;\">e vyroben\u00fd z kvalitn\u00fdch a odoln\u00fdch materi\u00e1lov. <\/span><\/p>\n<p><span style=\"color: #000000;\">Svieti jasnou l\u00edniou v <strong>neutr\u00e1lnej<\/strong><strong>\u00a0bielej farbe<\/strong>\u00a0<strong>svetla.<\/strong> <\/span><\/p>\n<p><span style=\"color: #000000;\">V\u010faka svojej n\u00edzkej spotrebe energie s\u00fa na\u0161e <strong>svietidl\u00e1 <\/strong>ob\u013e\u00faben\u00e9 na celom <strong>svete.<\/strong><\/span><\/p>\n<p>-cena produktu zah\u0155\u0148a recykla\u010dn\u00fd poplatok v hodnote 0,10\u20ac bez DPH (0,12\u20ac s DPH)<\/p>\n<p><\/p>\n<p>\u00a0<\/p>\n\n\n<p><\/p>\n","protected":false},"excerpt":{"rendered":"<style>\n    body {\n        font-family: Arial, sans-serif;\n        background-color: #f4f4f4;\n        margin: 20px;\n    }<\/p>\n<p>    .styled-table {\n        width: 100%;\n        border-collapse: collapse;\n        margin: 20px 0;\n        font-size: 16px;\n        box-shadow: 0 2px 20px rgba(0, 0, 0, 0.1);\n        border-radius: 8px;\n        overflow: hidden;\n    }<\/p>\n<p>    .styled-table thead tr {\n        background-color: #007BFF;\n        color: #ffffff;\n    }<\/p>\n<p>    .styled-table th,\n    .styled-table td {\n        padding: 12px 15px;\n    }<\/p>\n<p>    .styled-table tbody tr {\n        border-bottom: 1px solid #dddddd;\n    }<\/p>\n<p>    .styled-table tbody tr:nth-of-type(even) {\n        background-color: #f9f9f9;\n    }<\/p>\n<p>    .styled-table tbody tr:hover {\n        background-color: #f1f1f1;\n    }<\/p>\n<p>    .styled-table .header {\n        text-decoration: underline;\n        font-size: 18px;\n        font-weight: bold;\n        color: #000;\n    }\n<\/style>\n<table class=\"styled-table\">\n<tbody>\n<tr>\n<td class=\"header\"><strong>TECHNICK\u00c9 PARAMETRE<\/strong><\/td>\n<td><\/td>\n<\/tr>\n<tr>\n<td>spotreba<\/td>\n<td><strong>30W<\/strong><\/td>\n<\/tr>\n<tr>\n<td>sveteln\u00fd tok<\/td>\n<td><strong>2400Lm<\/strong><\/td>\n<\/tr>\n<tr>\n<td>krytie<\/td>\n<td><strong>IP44<\/strong><\/td>\n<\/tr>\n<tr>\n<td>chromati\u010dnos\u0165 (farba svetla)<\/td>\n<td><strong>4000K \u2013 neutr\u00e1lna biela<\/strong><\/td>\n<\/tr>\n<tr>\n<td>uhol svetla<\/td>\n<td><strong>120\u00b0<\/strong><\/td>\n<\/tr>\n<tr>\n<td>rozmer (mm)<\/td>\n<td><strong>154 x 170 x 45<\/strong><\/td>\n<\/tr>\n<tr>\n<td>senzor<\/td>\n<td><strong>PIR<\/strong><\/td>\n<\/tr>\n<tr>\n<td>nap\u00e4tie<\/td>\n<td><strong>AC220 \u2013 240V<\/strong><\/td>\n<\/tr>\n<tr>\n<td>\u017eivotnos\u0165<\/td>\n<td><strong>25 000h<\/strong><\/td>\n<\/tr>\n<tr>\n<td>sp\u00ednac\u00ed cyklus<\/td>\n<td><strong>20 000 x<\/strong><\/td>\n<\/tr>\n<tr>\n<td>hmotnos\u0165 netto (g)<\/td>\n<td><strong>288<\/strong><\/td>\n<\/tr>\n<tr>\n<td>stmievate\u013en\u00e1<\/td>\n<td><strong>nie<\/strong><\/td>\n<\/tr>\n<tr>\n<td>materi\u00e1l<\/td>\n<td><strong>aluminium \u2013 matn\u00fd antikor\u00f3zny n\u00e1strek<\/strong><\/td>\n<\/tr>\n<tr>\n<td>typ dif\u00fazora<\/td>\n<td><strong>sklo<\/strong><\/td>\n<\/tr>\n<tr>\n<td>balenie<\/td>\n<td><strong>1\/30<\/strong><\/td>\n<\/tr>\n<\/tbody>\n<\/table>\n<p><!-- \/wp:html --><\/p>\n","protected":false},"featured_media":10763,"comment_status":"closed","ping_status":"open","template":"","meta":[],"product_brand":[],"product_cat":[82],"product_tag":[],"class_list":{"0":"post-10762","1":"product","2":"type-product","3":"status-publish","4":"has-post-thumbnail","6":"product_cat-led-reflektory","8":"first","9":"instock","10":"purchasable","11":"product-type-simple"},"_links":{"self":[{"href":"https:\/\/nedes.significa.sk\/hu\/wp-json\/wp\/v2\/product\/10762","targetHints":{"allow":["GET"]}}],"collection":[{"href":"https:\/\/nedes.significa.sk\/hu\/wp-json\/wp\/v2\/product"}],"about":[{"href":"https:\/\/nedes.significa.sk\/hu\/wp-json\/wp\/v2\/types\/product"}],"replies":[{"embeddable":true,"href":"https:\/\/nedes.significa.sk\/hu\/wp-json\/wp\/v2\/comments?post=10762"}],"wp:featuredmedia":[{"embeddable":true,"href":"https:\/\/nedes.significa.sk\/hu\/wp-json\/wp\/v2\/media\/10763"}],"wp:attachment":[{"href":"https:\/\/nedes.significa.sk\/hu\/wp-json\/wp\/v2\/media?parent=10762"}],"wp:term":[{"taxonomy":"product_brand","embeddable":true,"href":"https:\/\/nedes.significa.sk\/hu\/wp-json\/wp\/v2\/product_brand?post=10762"},{"taxonomy":"product_cat","embeddable":true,"href":"https:\/\/nedes.significa.sk\/hu\/wp-json\/wp\/v2\/product_cat?post=10762"},{"taxonomy":"product_tag","embeddable":true,"href":"https:\/\/nedes.significa.sk\/hu\/wp-json\/wp\/v2\/product_tag?post=10762"}],"curies":[{"name":"wp","href":"https:\/\/api.w.org\/{rel}","templated":true}]}}