{"id":10906,"date":"2024-09-12T06:55:22","date_gmt":"2024-09-12T06:55:22","guid":{"rendered":"https:\/\/nedes.significa.sk\/produkty\/led-zavesne-svietidlo-dialkovy-ovladac-100w-j4327-g\/"},"modified":"2024-09-12T06:55:25","modified_gmt":"2024-09-12T06:55:25","slug":"led-zavesne-svietidlo-dialkovy-ovladac-100w-j4327-g","status":"publish","type":"product","link":"https:\/\/nedes.significa.sk\/hu\/produkty\/led-zavesne-svietidlo-dialkovy-ovladac-100w-j4327-g\/","title":{"rendered":"LED z\u00e1vesn\u00e9 svietidlo + dia\u013ekov\u00fd ovl\u00e1da\u010d 100W &#8211; J4327\/G"},"content":{"rendered":"<p><span style=\"color: #000000;\"><strong>LED design z\u00e1vesn\u00e9 svietidlo<\/strong> s <strong>dia\u013ekov\u00fdm ovl\u00e1da\u010dom<\/strong> RF 2,4GHz zna\u010dky <strong>NEDES,<\/strong> je <strong>lampa<\/strong> vhodn\u00e1 <strong>do kuchyne<\/strong>,<strong> jed\u00e1lne<\/strong>, <strong>sp\u00e1lne, chodby<\/strong> alebo <strong>ob\u00fdva\u010dky<\/strong>. Tieto svietidl\u00e1 vynikaj\u00faco kombinuj\u00fa modern\u00fd \u0161t\u00fdl s najvy\u0161\u0161ou kvalitou. <strong>Svetl\u00e1<\/strong> s\u00fa ovl\u00e1dan\u00e9 <strong>SMART<\/strong> technol\u00f3giu pomocou aplik\u00e1cie <strong>NEDES Smart<\/strong>. <strong>LED<\/strong> <strong>dizajnov\u00e9 svietidl\u00e1<\/strong> prid\u00e1vaj\u00fa eleganciu do V\u00e1\u0161ho interi\u00e9ru. Medzi k\u013e\u00fa\u010dov\u00e9 vlastnosti patr\u00ed <strong>modern\u00fd dizajn<\/strong>, <strong>LED technol\u00f3gia<\/strong>, <strong>\u00faspornos\u0165<\/strong>,<strong> spo\u013eahlivos\u0165<\/strong> a v neposlednom rade ich <strong>cenov\u00e1 dostupnos\u0165<\/strong>. Umo\u017e\u0148uj\u00fa <strong>nastavenie farebn\u00fdch odtie\u0148ov <\/strong>(re\u017eimov), <strong>intenzity svetla<\/strong> (stmievanie)<strong> a no\u010dn\u00e9ho re\u017eimu<\/strong>. Disponuje mo\u017enos\u0165ou ovl\u00e1dania viacer\u00fdch svietidiel jedn\u00fdm ovl\u00e1da\u010dom. Svietidlo si pam\u00e4t\u00e1 posledn\u00e9 nastavenie po vypnut\u00ed ovl\u00e1da\u010dom, ale aj posledn\u00e9 nastavenie pri ovl\u00e1dan\u00ed vyp\u00edna\u010dom, kedy mus\u00ed by\u0165 svietidlo v zapnutom stave po poslednom nastaven\u00ed viac ako 10sec. a aj vo vypnutom stave viac ako 10sec. \u0160irok\u00e1 ponuka obsahuje <strong>najkvalitnej\u0161ie osvetlenie<\/strong>, ktor\u00e9 je z\u00e1rove\u0148 energeticky najlacnej\u0161ie. Na\u0161e <strong>svietidl\u00e1<\/strong> zais\u0165uj\u00fa bezpe\u010dn\u00fa, \u013eahk\u00fa a bezprobl\u00e9mov\u00fa in\u0161tal\u00e1ciu, preto s\u00fa ob\u013e\u00faben\u00e9 na celom <strong>svete<\/strong>.<\/span><\/p>\n<p><span style=\"color: #000000;\"><strong>Hlavn\u00e9 vlastnosti a funkcie:<\/strong><\/span><\/p>\n<p>-dia\u013ekov\u00fd ovl\u00e1da\u010d RF 2,4GHz + aplik\u00e1cia NEDES Smart (BT)<br \/>-stmievanie<br \/>-no\u010dn\u00fd re\u017eim<br \/>-zmena farby svetla<br \/>-mo\u017enos\u0165 ovl\u00e1dania viacer\u00fdch svietidiel jedn\u00fdm ovl\u00e1da\u010dom<br \/>-pam\u00e4\u0165 posledn\u00e9ho nastavenia po vypnut\u00ed ( aj vyp\u00edna\u010dom, aj ovl\u00e1da\u010dom )<br \/>-zmena re\u017eimov pomocou vyp\u00edna\u010da<br \/>-bezpe\u010dn\u00e1 a \u013eahk\u00e1 mont\u00e1\u017e<\/p>\n<table style=\"height: 397px; width: 813px;\">\n<tbody>\n<tr style=\"height: 23px;\">\n<td style=\"width: 204.828px; height: 23px;\"><span style=\"text-decoration: underline; font-size: 16px;\"><strong><span style=\"color: #000000; text-decoration: underline;\">TECHNICK\u00c9 PARAMETRE<\/span><\/strong><\/span><\/td>\n<td style=\"width: 607.172px; height: 23px;\">&nbsp;<\/td>\n<\/tr>\n<tr style=\"height: 23px;\">\n<td style=\"width: 204.828px; height: 23px;\"><span style=\"color: #000000;\">spotreba<\/span><\/td>\n<td style=\"width: 607.172px; height: 23px;\"><span style=\"color: #000000;\"><strong>100W<\/strong><\/span><\/td>\n<\/tr>\n<tr style=\"height: 23px;\">\n<td style=\"width: 204.828px; height: 23px;\"><span style=\"color: #000000;\">sveteln\u00fd tok<\/span><\/td>\n<td style=\"width: 607.172px; height: 23px;\"><span style=\"color: #000000;\"><strong>6500Lm<\/strong><\/span><\/td>\n<\/tr>\n<tr style=\"height: 23px;\">\n<td style=\"width: 204.828px; height: 23px;\"><span style=\"color: #000000;\">rozmer (mm)<\/span><\/td>\n<td style=\"width: 607.172px; height: 23px;\"><span style=\"color: #000000;\"><strong>\u00d8800<\/strong><\/span><\/td>\n<\/tr>\n<tr style=\"height: 23px;\">\n<td style=\"width: 204.828px; height: 23px;\"><span style=\"color: #000000;\">chromati\u010dnos\u0165 (farba svetla)<\/span><\/td>\n<td style=\"width: 607.172px; height: 23px;\"><span style=\"color: #000000;\"><strong>3000K &#8211; 6500K<\/strong><\/span><\/td>\n<\/tr>\n<tr style=\"height: 23px;\">\n<td style=\"width: 204.828px; height: 23px;\"><span style=\"color: #000000;\">stmievanie<\/span><\/td>\n<td style=\"width: 607.172px; height: 23px;\"><span style=\"color: #000000;\"><strong>\u00e1no<\/strong><\/span><\/td>\n<\/tr>\n<tr style=\"height: 23px;\">\n<td style=\"width: 204.828px; height: 23px;\"><span style=\"color: #000000;\">no\u010dn\u00fd re\u017eim<\/span><\/td>\n<td style=\"width: 607.172px; height: 23px;\"><span style=\"color: #000000;\"><strong>\u00e1no<\/strong><\/span><\/td>\n<\/tr>\n<tr style=\"height: 23px;\">\n<td style=\"width: 204.828px; height: 23px;\"><span style=\"color: #000000;\">dia\u013ekov\u00fd ovl\u00e1da\u010d<\/span><\/td>\n<td style=\"width: 607.172px; height: 23px;\"><span style=\"color: #000000;\"><strong>RF 2,4GHz<\/strong><\/span><\/td>\n<\/tr>\n<tr style=\"height: 23px;\">\n<td style=\"width: 204.828px; height: 23px;\"><span style=\"color: #000000;\">uhol svetla<\/span><\/td>\n<td style=\"width: 607.172px; height: 23px;\"><span style=\"color: #000000;\"><strong>180\u00b0<\/strong><\/span><\/td>\n<\/tr>\n<tr style=\"height: 23px;\">\n<td style=\"width: 204.828px; height: 23px;\"><span style=\"color: #000000;\">nap\u00e4tie <\/span><\/td>\n<td style=\"width: 607.172px; height: 23px;\"><span style=\"color: #000000;\"><strong>AC160 &#8211; 265V<\/strong><\/span><\/td>\n<\/tr>\n<tr style=\"height: 23px;\">\n<td style=\"width: 204.828px; height: 23px;\"><span style=\"color: #000000;\">\u017eivotnos\u0165<\/span><\/td>\n<td style=\"width: 607.172px; height: 23px;\"><span style=\"color: #000000;\"><strong>30 000h<\/strong><\/span><\/td>\n<\/tr>\n<tr style=\"height: 23px;\">\n<td style=\"width: 204.828px; height: 23px;\"><span style=\"color: #000000;\">sp\u00ednac\u00ed cyklus<\/span><\/td>\n<td style=\"width: 607.172px; height: 23px;\"><span style=\"color: #000000;\"><strong>25 000 x<\/strong><\/span><\/td>\n<\/tr>\n<tr style=\"height: 23px;\">\n<td style=\"width: 204.828px; height: 23px;\"><span style=\"color: #000000;\">hmotnos\u0165 netto (g)<\/span><\/td>\n<td style=\"width: 607.172px; height: 23px;\"><span style=\"color: #000000;\"><span style=\"caret-color: #000000;\"><strong>1600<\/strong><\/span><\/span><\/td>\n<\/tr>\n<tr style=\"height: 23px;\">\n<td style=\"width: 204.828px; height: 23px;\"><span style=\"color: #000000;\">krytie<\/span><\/td>\n<td style=\"width: 607.172px; height: 23px;\"><span style=\"color: #000000;\"><strong>IP20<\/strong><\/span><\/td>\n<\/tr>\n<tr style=\"height: 23px;\">\n<td style=\"width: 204.828px; height: 23px;\"><span style=\"color: #000000;\">materi\u00e1l<\/span><\/td>\n<td style=\"width: 607.172px; height: 23px;\"><span style=\"color: #000000;\"><strong>metal\/acryl<\/strong><\/span><\/td>\n<\/tr>\n<tr style=\"height: 23px;\">\n<td style=\"width: 204.828px; height: 23px;\"><span style=\"color: #000000;\">balenie<\/span><\/td>\n<td style=\"width: 607.172px; height: 23px;\"><span style=\"color: #000000;\"><strong>1<\/strong><\/span><\/td>\n<\/tr>\n<tr style=\"height: 29px;\">\n<td style=\"width: 204.828px; height: 29px;\"><span style=\"color: #000000;\">LED s\u00fa nevymenite\u013en\u00e9<\/span><\/td>\n<td style=\"width: 607.172px; height: 29px;\"><span style=\"color: #000000;\"><strong>&nbsp;<\/strong><\/span><\/td>\n<\/tr>\n<\/tbody>\n<\/table>\n<p>-cena produktu zah\u0155\u0148a recykla\u010dn\u00fd poplatok v hodnote 0,40\u20ac bez DPH (0,48\u20ac s DPH)<\/p>\n","protected":false},"excerpt":{"rendered":"<p>LED design z\u00e1vesn\u00e9 svietidlo s dia\u013ekov\u00fdm ovl\u00e1da\u010dom RF 2,4GHz zna\u010dky NEDES, je lampa vhodn\u00e1 do kuchyne, jed\u00e1lne, sp\u00e1lne, chodby alebo ob\u00fdva\u010dky. Tieto svietidl\u00e1 vynikaj\u00faco kombinuj\u00fa modern\u00fd \u0161t\u00fdl s najvy\u0161\u0161ou kvalitou. Svetl\u00e1 s\u00fa ovl\u00e1dan\u00e9 SMART technol\u00f3giu pomocou aplik\u00e1cie NEDES Smart. LED dizajnov\u00e9 svietidl\u00e1 prid\u00e1vaj\u00fa eleganciu do V\u00e1\u0161ho interi\u00e9ru. Medzi k\u013e\u00fa\u010dov\u00e9 vlastnosti patr\u00ed modern\u00fd dizajn, LED technol\u00f3gia, [&hellip;]<\/p>\n","protected":false},"featured_media":10907,"comment_status":"closed","ping_status":"open","template":"","meta":[],"product_brand":[],"product_cat":[135],"product_tag":[],"class_list":{"0":"post-10906","1":"product","2":"type-product","3":"status-publish","4":"has-post-thumbnail","6":"product_cat-led-j-series-led-svietidla-dial-ovladac","8":"first","9":"instock","10":"purchasable","11":"product-type-simple"},"_links":{"self":[{"href":"https:\/\/nedes.significa.sk\/hu\/wp-json\/wp\/v2\/product\/10906","targetHints":{"allow":["GET"]}}],"collection":[{"href":"https:\/\/nedes.significa.sk\/hu\/wp-json\/wp\/v2\/product"}],"about":[{"href":"https:\/\/nedes.significa.sk\/hu\/wp-json\/wp\/v2\/types\/product"}],"replies":[{"embeddable":true,"href":"https:\/\/nedes.significa.sk\/hu\/wp-json\/wp\/v2\/comments?post=10906"}],"wp:featuredmedia":[{"embeddable":true,"href":"https:\/\/nedes.significa.sk\/hu\/wp-json\/wp\/v2\/media\/10907"}],"wp:attachment":[{"href":"https:\/\/nedes.significa.sk\/hu\/wp-json\/wp\/v2\/media?parent=10906"}],"wp:term":[{"taxonomy":"product_brand","embeddable":true,"href":"https:\/\/nedes.significa.sk\/hu\/wp-json\/wp\/v2\/product_brand?post=10906"},{"taxonomy":"product_cat","embeddable":true,"href":"https:\/\/nedes.significa.sk\/hu\/wp-json\/wp\/v2\/product_cat?post=10906"},{"taxonomy":"product_tag","embeddable":true,"href":"https:\/\/nedes.significa.sk\/hu\/wp-json\/wp\/v2\/product_tag?post=10906"}],"curies":[{"name":"wp","href":"https:\/\/api.w.org\/{rel}","templated":true}]}}