{"id":11690,"date":"2024-09-12T07:01:22","date_gmt":"2024-09-12T07:01:22","guid":{"rendered":"https:\/\/nedes.significa.sk\/produkty\/dreveny-luster-na-lanku-z-masivneho-dreva-led-22w-1200-wrl0921\/"},"modified":"2024-09-12T07:01:25","modified_gmt":"2024-09-12T07:01:25","slug":"dreveny-luster-na-lanku-z-masivneho-dreva-led-22w-1200-wrl0921","status":"publish","type":"product","link":"https:\/\/nedes.significa.sk\/hu\/produkty\/dreveny-luster-na-lanku-z-masivneho-dreva-led-22w-1200-wrl0921\/","title":{"rendered":"Dreven\u00fd luster na lanku z mas\u00edvneho dreva LED 22W \/ 1200 &#8211; WRL0921"},"content":{"rendered":"<div>\n<p style=\"text-align: justify;\"><span style=\"color: #000000;\"><strong>LED z\u00e1vesn\u00e9 svietidlo<\/strong>&nbsp;zna\u010dky <strong>NEDES<\/strong>, je v\u010faka svojmu modern\u00e9mu a nad\u010dasov\u00e9mu dizajnu vhodn\u00e9 do ka\u017edej miestnosti, najm\u00e4 do sp\u00e1lne, jed\u00e1lne a ob\u00fdvacej izby.<\/span><\/p>\n<p style=\"text-align: justify;\"><span style=\"color: #000000;\">Je vyroben\u00e9 z kvalitn\u00e9ho <strong>mas\u00edvneho dreva <\/strong>vo farebnom preveden\u00ed <strong>jase\u0148<\/strong>.<\/span><\/p>\n<p style=\"text-align: justify;\"><span style=\"color: #000000;\">Charakteristick\u00e9 dreven\u00e9 prevedenie je jedine\u010dn\u00e9, preto sa st\u00e1va dominantou priestoru.<\/span><\/p>\n<p style=\"text-align: justify;\"><span style=\"color: #000000;\">Svietidlo vyzdvihuje eleganciu a prirodzen\u00fa kr\u00e1su \u0161kandin\u00e1vskeho \u0161t\u00fdlu.<\/span><\/p>\n<p style=\"text-align: justify;\"><span style=\"color: #000000;\">N\u00e1\u0161 produkt zabezpe\u010duje \u013eahk\u00fa a bezprobl\u00e9mov\u00fa in\u0161tal\u00e1ciu na strop, je v\u00fd\u0161kovo nastavite\u013en\u00e9.<\/span><\/p>\n<p style=\"text-align: justify;\"><span style=\"color: #000000;\">Nako\u013eko s\u00fa pri tomto druhu <strong>LED osvetlenia<\/strong> pou\u017eit\u00e9 pr\u00edrodn\u00e9 materi\u00e1ly, ide o osobit\u00fd vzh\u013ead. <\/span><\/p>\n<p style=\"text-align: justify;\"><span style=\"color: #000000;\">Charakteristick\u00e9 dreven\u00e9 rysy a \u0161trukt\u00fara s\u00fa z\u00e1rukou jedine\u010dnosti ka\u017ed\u00e9ho produktu a preto nemusia plne zodpoveda\u0165 obr\u00e1zku. <\/span><\/p>\n<p style=\"text-align: justify;\"><span style=\"color: #000000;\">Upozor\u0148ujeme preto na r\u00f4znorodos\u0165 pou\u017eit\u00e9ho pr\u00edrodn\u00e9ho materi\u00e1lu, na ktor\u00fd sa nevz\u0165ahuje reklam\u00e1cia.<\/span><\/p>\n<\/div>\n<table style=\"height: 397px; width: 813px;\">\n<tbody>\n<tr style=\"height: 23px;\">\n<td style=\"width: 204.828px; height: 23px;\"><span style=\"text-decoration: underline; font-size: 16px;\"><strong><span style=\"color: #000000; text-decoration: underline;\">TECHNICK\u00c9 PARAMETRE<\/span><\/strong><\/span><\/td>\n<td style=\"width: 607.172px; height: 23px;\">&nbsp;<\/td>\n<\/tr>\n<tr style=\"height: 23px;\">\n<td style=\"width: 204.828px; height: 23px;\"><span style=\"color: #000000;\">spotreba<\/span><\/td>\n<td style=\"width: 607.172px; height: 23px;\"><span style=\"color: #000000;\"><strong>22W<\/strong><\/span><\/td>\n<\/tr>\n<tr style=\"height: 23px;\">\n<td style=\"width: 204.828px; height: 23px;\"><span style=\"color: #000000;\">sveteln\u00fd tok<\/span><\/td>\n<td style=\"width: 607.172px; height: 23px;\"><span style=\"color: #000000;\"><strong>1700Lm<\/strong><\/span><\/td>\n<\/tr>\n<tr style=\"height: 23px;\">\n<td style=\"width: 204.828px; height: 23px;\"><span style=\"color: #000000;\">rozmer (mm)<\/span><\/td>\n<td style=\"width: 607.172px; height: 23px;\"><span style=\"color: #000000;\"><strong>1200x90x60<\/strong><\/span><\/td>\n<\/tr>\n<tr style=\"height: 23px;\">\n<td style=\"width: 204.828px; height: 23px;\"><span style=\"color: #000000;\">chromati\u010dnos\u0165 (farba svetla)<\/span><\/td>\n<td style=\"width: 607.172px; height: 23px;\"><span style=\"color: #000000;\"><strong>4000K<\/strong><\/span><\/td>\n<\/tr>\n<tr style=\"height: 23px;\">\n<td style=\"width: 204.828px; height: 23px;\"><span style=\"color: #000000;\">stmievanie<\/span><\/td>\n<td style=\"width: 607.172px; height: 23px;\"><span style=\"color: #000000;\"><strong>nie<\/strong><\/span><\/td>\n<\/tr>\n<tr style=\"height: 23px;\">\n<td style=\"width: 204.828px; height: 23px;\"><span style=\"color: #000000;\">no\u010dn\u00fd re\u017eim<\/span><\/td>\n<td style=\"width: 607.172px; height: 23px;\"><span style=\"color: #000000;\"><strong>nie<\/strong><\/span><\/td>\n<\/tr>\n<tr style=\"height: 23px;\">\n<td style=\"width: 204.828px; height: 23px;\"><span style=\"color: #000000;\">dia\u013ekov\u00fd ovl\u00e1da\u010d<\/span><\/td>\n<td style=\"width: 607.172px; height: 23px;\"><span style=\"color: #000000;\"><strong>&#8211;<\/strong><\/span><\/td>\n<\/tr>\n<tr style=\"height: 23px;\">\n<td style=\"width: 204.828px; height: 23px;\"><span style=\"color: #000000;\">uhol svetla<\/span><\/td>\n<td style=\"width: 607.172px; height: 23px;\"><span style=\"color: #000000;\"><strong>120\u00b0<\/strong><\/span><\/td>\n<\/tr>\n<tr style=\"height: 23px;\">\n<td style=\"width: 204.828px; height: 23px;\"><span style=\"color: #000000;\">nap\u00e4tie <\/span><\/td>\n<td style=\"width: 607.172px; height: 23px;\"><span style=\"color: #000000;\"><strong>AC220 &#8211; 240V<\/strong><\/span><\/td>\n<\/tr>\n<tr style=\"height: 23px;\">\n<td style=\"width: 204.828px; height: 23px;\"><span style=\"color: #000000;\">\u017eivotnos\u0165<\/span><\/td>\n<td style=\"width: 607.172px; height: 23px;\"><span style=\"color: #000000;\"><strong>30 000h<\/strong><\/span><\/td>\n<\/tr>\n<tr style=\"height: 23px;\">\n<td style=\"width: 204.828px; height: 23px;\"><span style=\"color: #000000;\">sp\u00ednac\u00ed cyklus<\/span><\/td>\n<td style=\"width: 607.172px; height: 23px;\"><span style=\"color: #000000;\"><strong>25 000 x<\/strong><\/span><\/td>\n<\/tr>\n<tr style=\"height: 23px;\">\n<td style=\"width: 204.828px; height: 23px;\"><span style=\"color: #000000;\">hmotnos\u0165 netto (g)<\/span><\/td>\n<td style=\"width: 607.172px; height: 23px;\"><strong><span style=\"color: #000000;\">2167<\/span><\/strong><\/td>\n<\/tr>\n<tr style=\"height: 23px;\">\n<td style=\"width: 204.828px; height: 23px;\"><span style=\"color: #000000;\">krytie<\/span><\/td>\n<td style=\"width: 607.172px; height: 23px;\"><span style=\"color: #000000;\"><strong>IP20<\/strong><\/span><\/td>\n<\/tr>\n<tr style=\"height: 23px;\">\n<td style=\"width: 204.828px; height: 23px;\"><span style=\"color: #000000;\">materi\u00e1l<\/span><\/td>\n<td style=\"width: 607.172px; height: 23px;\"><span style=\"color: #000000;\"><strong>drevo &#8211; Jase\u0148\/aluminium<\/strong><\/span><\/td>\n<\/tr>\n<tr style=\"height: 23px;\">\n<td style=\"width: 204.828px; height: 23px;\"><span style=\"color: #000000;\">balenie<\/span><\/td>\n<td style=\"width: 607.172px; height: 23px;\"><span style=\"color: #000000;\"><strong>1\/1<\/strong><\/span><\/td>\n<\/tr>\n<tr style=\"height: 29px;\">\n<td style=\"width: 204.828px; height: 29px;\"><span style=\"color: #000000;\">LED s\u00fa nevymenite\u013en\u00e9<\/span><\/td>\n<td style=\"width: 607.172px; height: 29px;\"><span style=\"color: #000000;\"><strong>&nbsp;<\/strong><\/span><\/td>\n<\/tr>\n<\/tbody>\n<\/table>\n<p>-cena produktu zah\u0155\u0148a recykla\u010dn\u00fd poplatok v hodnote 0,40\u20ac bez DPH (0,48\u20ac s DPH)<\/p>\n","protected":false},"excerpt":{"rendered":"<p>LED z\u00e1vesn\u00e9 svietidlo&nbsp;zna\u010dky NEDES, je v\u010faka svojmu modern\u00e9mu a nad\u010dasov\u00e9mu dizajnu vhodn\u00e9 do ka\u017edej miestnosti, najm\u00e4 do sp\u00e1lne, jed\u00e1lne a ob\u00fdvacej izby. Je vyroben\u00e9 z kvalitn\u00e9ho mas\u00edvneho dreva vo farebnom preveden\u00ed jase\u0148. Charakteristick\u00e9 dreven\u00e9 prevedenie je jedine\u010dn\u00e9, preto sa st\u00e1va dominantou priestoru. Svietidlo vyzdvihuje eleganciu a prirodzen\u00fa kr\u00e1su \u0161kandin\u00e1vskeho \u0161t\u00fdlu. N\u00e1\u0161 produkt zabezpe\u010duje \u013eahk\u00fa a [&hellip;]<\/p>\n","protected":false},"featured_media":11691,"comment_status":"closed","ping_status":"open","template":"","meta":[],"product_brand":[],"product_cat":[41],"product_tag":[],"class_list":{"0":"post-11690","1":"product","2":"type-product","3":"status-publish","4":"has-post-thumbnail","6":"product_cat-led-design-svietidla","8":"first","9":"instock","10":"purchasable","11":"product-type-simple"},"_links":{"self":[{"href":"https:\/\/nedes.significa.sk\/hu\/wp-json\/wp\/v2\/product\/11690","targetHints":{"allow":["GET"]}}],"collection":[{"href":"https:\/\/nedes.significa.sk\/hu\/wp-json\/wp\/v2\/product"}],"about":[{"href":"https:\/\/nedes.significa.sk\/hu\/wp-json\/wp\/v2\/types\/product"}],"replies":[{"embeddable":true,"href":"https:\/\/nedes.significa.sk\/hu\/wp-json\/wp\/v2\/comments?post=11690"}],"wp:featuredmedia":[{"embeddable":true,"href":"https:\/\/nedes.significa.sk\/hu\/wp-json\/wp\/v2\/media\/11691"}],"wp:attachment":[{"href":"https:\/\/nedes.significa.sk\/hu\/wp-json\/wp\/v2\/media?parent=11690"}],"wp:term":[{"taxonomy":"product_brand","embeddable":true,"href":"https:\/\/nedes.significa.sk\/hu\/wp-json\/wp\/v2\/product_brand?post=11690"},{"taxonomy":"product_cat","embeddable":true,"href":"https:\/\/nedes.significa.sk\/hu\/wp-json\/wp\/v2\/product_cat?post=11690"},{"taxonomy":"product_tag","embeddable":true,"href":"https:\/\/nedes.significa.sk\/hu\/wp-json\/wp\/v2\/product_tag?post=11690"}],"curies":[{"name":"wp","href":"https:\/\/api.w.org\/{rel}","templated":true}]}}