{"id":11724,"date":"2024-09-12T07:01:22","date_gmt":"2024-09-12T07:01:22","guid":{"rendered":"https:\/\/nedes.significa.sk\/produkty\/zavesny-drziak-na-trubicove-svietidlo-tl-1m-hf02\/"},"modified":"2024-09-12T07:01:40","modified_gmt":"2024-09-12T07:01:40","slug":"zavesny-drziak-na-trubicove-svietidlo-tl-1m-hf02","status":"publish","type":"product","link":"https:\/\/nedes.significa.sk\/hu\/produkty\/zavesny-drziak-na-trubicove-svietidlo-tl-1m-hf02\/","title":{"rendered":"Z\u00e1vesn\u00fd dr\u017eiak na trubicov\u00e9 svietidlo TL 1m &#8211; HF02"},"content":{"rendered":"<p><span style=\"color: #000000;\"><strong>Z\u00e1vesn\u00fd dr\u017eiak na trubicov\u00e9 svietidlo <\/strong>v bielom farebnom preveden\u00ed, je praktick\u00fd doplnok kompatibiln\u00fd s LED trubicov\u00fdmi svietidlami s jednostrann\u00fdm zapojen\u00edm s p\u00e4ticou <strong>T8<\/strong> zna\u010dky <strong>NEDES.<\/strong><\/span><\/p>\n<p><span style=\"color: #000000;\">Je v\u00fdnimo\u010dn\u00fd svojou <strong>\u010distou jednoduchou l\u00edniou<\/strong> a <strong>priaznivou cenou<\/strong>.<\/span><\/p>\n<p><span style=\"color: #000000;\">Ve\u013ekou v\u00fdhodou je <strong>bezpe\u010dn\u00e1 a \u013eahk\u00e1 mont\u00e1\u017e.<\/strong><\/span><\/p>\n<table style=\"height: 167px; width: 813px;\">\n<tbody>\n<tr style=\"height: 23px;\">\n<td style=\"width: 204.797px; height: 23px;\"><span style=\"text-decoration: underline; font-size: 16px;\"><strong><span style=\"color: #000000; text-decoration: underline;\">TECHNICK\u00c9 PARAMETRE<\/span><\/strong><\/span><\/td>\n<td style=\"width: 607.203px; height: 23px;\">&nbsp;<\/td>\n<\/tr>\n<tr style=\"height: 23px;\">\n<td style=\"width: 204.797px; height: 23px;\"><span style=\"color: #000000;\">rozmer (mm)<\/span><\/td>\n<td style=\"width: 607.203px; height: 23px;\"><span style=\"color: #000000;\"><strong>1000<\/strong><\/span><\/td>\n<\/tr>\n<tr style=\"height: 23px;\">\n<td style=\"width: 204.797px; height: 23px;\"><span style=\"color: #000000;\">vhodn\u00e9 pre<\/span><\/td>\n<td style=\"width: 607.203px; height: 23px;\"><span style=\"color: #000000;\"><strong>TL102, TL103, TL203, TL301, TL301B, TL302, TL302B, TL303, TL401<\/strong><\/span><\/td>\n<\/tr>\n<tr style=\"height: 23px;\">\n<td style=\"width: 204.797px; height: 23px;\"><span style=\"color: #000000;\">hmotnos\u0165 netto (g)<\/span><\/td>\n<td style=\"width: 607.203px; height: 23px;\"><span style=\"color: #000000;\"><strong>360<\/strong><\/span><\/td>\n<\/tr>\n<tr style=\"height: 23px;\">\n<td style=\"width: 204.797px; height: 23px;\"><span style=\"color: #000000;\">materi\u00e1l<\/span><\/td>\n<td style=\"width: 607.203px; height: 23px;\"><span style=\"color: #000000;\"><strong>Metal &#8211; biela<\/strong><\/span><\/td>\n<\/tr>\n<tr style=\"height: 23px;\">\n<td style=\"width: 204.797px; height: 23px;\"><span style=\"color: #000000;\">balenie<\/span><\/td>\n<td style=\"width: 607.203px; height: 23px;\"><span style=\"color: #000000;\"><strong>1\/20<\/strong><\/span><\/td>\n<\/tr>\n<\/tbody>\n<\/table>\n<p>&nbsp;<\/p>\n","protected":false},"excerpt":{"rendered":"<p>Z\u00e1vesn\u00fd dr\u017eiak na trubicov\u00e9 svietidlo v bielom farebnom preveden\u00ed, je praktick\u00fd doplnok kompatibiln\u00fd s LED trubicov\u00fdmi svietidlami s jednostrann\u00fdm zapojen\u00edm s p\u00e4ticou T8 zna\u010dky NEDES. Je v\u00fdnimo\u010dn\u00fd svojou \u010distou jednoduchou l\u00edniou a priaznivou cenou. Ve\u013ekou v\u00fdhodou je bezpe\u010dn\u00e1 a \u013eahk\u00e1 mont\u00e1\u017e. TECHNICK\u00c9 PARAMETRE &nbsp; rozmer (mm) 1000 vhodn\u00e9 pre TL102, TL103, TL203, TL301, TL301B, TL302, [&hellip;]<\/p>\n","protected":false},"featured_media":11725,"comment_status":"closed","ping_status":"open","template":"","meta":[],"product_brand":[],"product_cat":[144],"product_tag":[],"class_list":{"0":"post-11724","1":"product","2":"type-product","3":"status-publish","4":"has-post-thumbnail","6":"product_cat-prislusenstvo-led-trubicove-svietidla","8":"first","9":"instock","10":"purchasable","11":"product-type-simple"},"_links":{"self":[{"href":"https:\/\/nedes.significa.sk\/hu\/wp-json\/wp\/v2\/product\/11724","targetHints":{"allow":["GET"]}}],"collection":[{"href":"https:\/\/nedes.significa.sk\/hu\/wp-json\/wp\/v2\/product"}],"about":[{"href":"https:\/\/nedes.significa.sk\/hu\/wp-json\/wp\/v2\/types\/product"}],"replies":[{"embeddable":true,"href":"https:\/\/nedes.significa.sk\/hu\/wp-json\/wp\/v2\/comments?post=11724"}],"wp:featuredmedia":[{"embeddable":true,"href":"https:\/\/nedes.significa.sk\/hu\/wp-json\/wp\/v2\/media\/11725"}],"wp:attachment":[{"href":"https:\/\/nedes.significa.sk\/hu\/wp-json\/wp\/v2\/media?parent=11724"}],"wp:term":[{"taxonomy":"product_brand","embeddable":true,"href":"https:\/\/nedes.significa.sk\/hu\/wp-json\/wp\/v2\/product_brand?post=11724"},{"taxonomy":"product_cat","embeddable":true,"href":"https:\/\/nedes.significa.sk\/hu\/wp-json\/wp\/v2\/product_cat?post=11724"},{"taxonomy":"product_tag","embeddable":true,"href":"https:\/\/nedes.significa.sk\/hu\/wp-json\/wp\/v2\/product_tag?post=11724"}],"curies":[{"name":"wp","href":"https:\/\/api.w.org\/{rel}","templated":true}]}}