{"id":11847,"date":"2024-09-12T07:02:20","date_gmt":"2024-09-12T07:02:20","guid":{"rendered":"https:\/\/nedes.significa.sk\/produkty\/led-atmosfericka-lampa-star-s-dialkovym-ovladacom-12w-rgbicw-dl6401\/"},"modified":"2024-09-12T07:02:37","modified_gmt":"2024-09-12T07:02:37","slug":"led-atmosfericka-lampa-star-s-dialkovym-ovladacom-12w-rgbicw-dl6401","status":"publish","type":"product","link":"https:\/\/nedes.significa.sk\/hu\/produkty\/led-atmosfericka-lampa-star-s-dialkovym-ovladacom-12w-rgbicw-dl6401\/","title":{"rendered":"LED atmosf\u00e9rick\u00e1 lampa STAR s dia\u013ekov\u00fdm ovl\u00e1da\u010dom 12W \/ RGBIC+W &#8211; DL6401"},"content":{"rendered":"<div>\n<div><span style=\"color: #000000;\"><strong>LED atmosferick\u00e1 lampa<\/strong> s <strong>dia\u013ekov\u00fdm ovl\u00e1da\u010dom<\/strong> zna\u010dky <strong>NEDES<\/strong>&nbsp;je v\u010faka svojmu modern\u00e9mu a nad\u010dasov\u00e9mu dizajnu vhodn\u00e1 do ka\u017edej miestnosti, najm\u00e4 do ob\u00fdva\u010dky, sp\u00e1lne alebo detskej izby.<\/span><\/div>\n<div>&nbsp;<\/div>\n<div><span style=\"color: #000000;\">Disponuje <strong>digit\u00e1lnymi ledkami, <\/strong>\u010do umo\u017enuje&nbsp;<strong>plynul\u00e9 prel\u00ednanie farieb<\/strong>, ktor\u00e9 vytv\u00e1ra \u00fatuln\u00fa a pohodov\u00fa atmosf\u00e9ru v miestnosti.<\/span><\/div>\n<div>&nbsp;<\/div>\n<div><span style=\"color: #000000;\">Dominantou je vytvorenie <strong>hviezdneho efektu<\/strong> a pomocou dia\u013ekov\u00e9ho ovl\u00e1da\u010da je mo\u017en\u00e9 nastavi\u0165 ve\u013ea r\u00f4znych m\u00f3dov svetla, dokonca obsahuje aj funkciu <strong>zmena farieb pod\u013ea hudby.<\/strong><\/span><\/div>\n<div>&nbsp;<\/div>\n<div><span style=\"color: #000000;\">N\u00e1\u0161 produkt zais\u0165uje \u013eahk\u00fa a bezprobl\u00e9mov\u00fa manipul\u00e1ciu.<\/span><\/div>\n<\/div>\n<div>&nbsp;<\/div>\n<table style=\"height: 356px;\">\n<tbody>\n<tr style=\"height: 23px;\">\n<td style=\"width: 221px; height: 23px;\"><span style=\"text-decoration: underline; font-size: 16px;\"><strong><span style=\"color: #000000; text-decoration: underline;\">TECHNICK\u00c9 PARAMETRE<\/span><\/strong><\/span><\/td>\n<td style=\"width: 687px; height: 23px;\">&nbsp;<\/td>\n<\/tr>\n<tr style=\"height: 23px;\">\n<td style=\"width: 221px; height: 23px;\"><span style=\"color: #000000;\">spotreba<\/span><\/td>\n<td style=\"width: 687px; height: 23px;\"><span style=\"color: #000000;\"><strong>12W<\/strong><\/span><\/td>\n<\/tr>\n<tr style=\"height: 23px;\">\n<td style=\"width: 221px; height: 23px;\"><span style=\"color: #000000;\">sveteln\u00fd tok<\/span><\/td>\n<td style=\"width: 687px; height: 23px;\"><span style=\"color: #000000;\"><strong>1000Lm<\/strong><\/span><\/td>\n<\/tr>\n<tr style=\"height: 23px;\">\n<td style=\"width: 221px; height: 23px;\"><span style=\"color: #000000;\">chromati\u010dnos\u0165 (farba svetla)<\/span><\/td>\n<td style=\"width: 687px; height: 23px;\"><span style=\"color: #000000;\"><strong>3000K + RGB<\/strong><\/span><\/td>\n<\/tr>\n<tr style=\"height: 23px;\">\n<td style=\"width: 221px; height: 23px;\"><span style=\"color: #000000;\">rozmer (mm)<\/span><\/td>\n<td style=\"width: 687px; height: 23px;\"><span style=\"color: #000000;\"><strong>\u00d8130 x 1040<\/strong><\/span><\/td>\n<\/tr>\n<tr style=\"height: 23px;\">\n<td style=\"width: 221px; height: 23px;\"><span style=\"color: #000000;\">nap\u00e4tie <\/span><\/td>\n<td style=\"width: 687px; height: 23px;\"><span style=\"color: #000000;\"><strong>AC220 &#8211; 240V<\/strong><\/span><\/td>\n<\/tr>\n<tr style=\"height: 23px;\">\n<td style=\"width: 221px; height: 23px;\"><span style=\"color: #000000;\">\u017eivotnos\u0165<\/span><\/td>\n<td style=\"width: 687px; height: 23px;\"><span style=\"color: #000000;\"><strong>30 000h<\/strong><\/span><\/td>\n<\/tr>\n<tr style=\"height: 23px;\">\n<td style=\"width: 221px; height: 23px;\"><span style=\"color: #000000;\">sp\u00ednac\u00ed cyklus<\/span><\/td>\n<td style=\"width: 687px; height: 23px;\"><span style=\"color: #000000;\"><strong>20 000 x<\/strong><\/span><\/td>\n<\/tr>\n<tr style=\"height: 23px;\">\n<td style=\"width: 221px; height: 23px;\"><span style=\"color: #000000;\">hmotnos\u0165 netto (g)<\/span><\/td>\n<td style=\"width: 687px; height: 23px;\"><span style=\"color: #000000;\"><strong>725<\/strong><\/span><\/td>\n<\/tr>\n<tr style=\"height: 23px;\">\n<td style=\"width: 221px; height: 28px;\"><span style=\"color: #000000;\">stmievate\u013en\u00e1<\/span><\/td>\n<td style=\"width: 687px; height: 28px;\"><span style=\"color: #000000;\"><strong>\u00e1no<\/strong><\/span><\/td>\n<\/tr>\n<tr style=\"height: 23px;\">\n<td style=\"width: 221px; height: 23px;\"><span style=\"color: #000000;\">materi\u00e1l<\/span><\/td>\n<td style=\"width: 687px; height: 23px;\"><span style=\"color: #000000;\"><strong>acryl \/ kov<\/strong><\/span><\/td>\n<\/tr>\n<tr style=\"height: 23px;\">\n<td style=\"width: 221px; height: 23px;\"><span style=\"color: #000000;\">balenie<\/span><\/td>\n<td style=\"width: 687px; height: 23px;\"><span style=\"color: #000000;\"><strong>1\/4<\/strong><\/span><\/td>\n<\/tr>\n<tr style=\"height: 29px;\">\n<td style=\"width: 221px; height: 29px;\"><span style=\"color: #000000;\">LED s\u00fa nevymenite\u013en\u00e9<\/span><\/td>\n<td style=\"width: 687px; height: 29px;\"><span style=\"color: #000000;\"><strong>&nbsp;<\/strong><\/span><\/td>\n<\/tr>\n<\/tbody>\n<\/table>\n<p>-cena produktu zah\u0155\u0148a recykla\u010dn\u00fd poplatok v hodnote 0,40\u20ac bez DPH (0,48\u20ac s DPH)<\/p>\n","protected":false},"excerpt":{"rendered":"<p>LED atmosferick\u00e1 lampa s dia\u013ekov\u00fdm ovl\u00e1da\u010dom zna\u010dky NEDES&nbsp;je v\u010faka svojmu modern\u00e9mu a nad\u010dasov\u00e9mu dizajnu vhodn\u00e1 do ka\u017edej miestnosti, najm\u00e4 do ob\u00fdva\u010dky, sp\u00e1lne alebo detskej izby. &nbsp; Disponuje digit\u00e1lnymi ledkami, \u010do umo\u017enuje&nbsp;plynul\u00e9 prel\u00ednanie farieb, ktor\u00e9 vytv\u00e1ra \u00fatuln\u00fa a pohodov\u00fa atmosf\u00e9ru v miestnosti. &nbsp; Dominantou je vytvorenie hviezdneho efektu a pomocou dia\u013ekov\u00e9ho ovl\u00e1da\u010da je mo\u017en\u00e9 nastavi\u0165 ve\u013ea [&hellip;]<\/p>\n","protected":false},"featured_media":11848,"comment_status":"closed","ping_status":"open","template":"","meta":[],"product_brand":[],"product_cat":[127],"product_tag":[],"class_list":{"0":"post-11847","1":"product","2":"type-product","3":"status-publish","4":"has-post-thumbnail","6":"product_cat-led-stolne-stojace-lampy","8":"first","9":"instock","10":"purchasable","11":"product-type-simple"},"_links":{"self":[{"href":"https:\/\/nedes.significa.sk\/hu\/wp-json\/wp\/v2\/product\/11847","targetHints":{"allow":["GET"]}}],"collection":[{"href":"https:\/\/nedes.significa.sk\/hu\/wp-json\/wp\/v2\/product"}],"about":[{"href":"https:\/\/nedes.significa.sk\/hu\/wp-json\/wp\/v2\/types\/product"}],"replies":[{"embeddable":true,"href":"https:\/\/nedes.significa.sk\/hu\/wp-json\/wp\/v2\/comments?post=11847"}],"wp:featuredmedia":[{"embeddable":true,"href":"https:\/\/nedes.significa.sk\/hu\/wp-json\/wp\/v2\/media\/11848"}],"wp:attachment":[{"href":"https:\/\/nedes.significa.sk\/hu\/wp-json\/wp\/v2\/media?parent=11847"}],"wp:term":[{"taxonomy":"product_brand","embeddable":true,"href":"https:\/\/nedes.significa.sk\/hu\/wp-json\/wp\/v2\/product_brand?post=11847"},{"taxonomy":"product_cat","embeddable":true,"href":"https:\/\/nedes.significa.sk\/hu\/wp-json\/wp\/v2\/product_cat?post=11847"},{"taxonomy":"product_tag","embeddable":true,"href":"https:\/\/nedes.significa.sk\/hu\/wp-json\/wp\/v2\/product_tag?post=11847"}],"curies":[{"name":"wp","href":"https:\/\/api.w.org\/{rel}","templated":true}]}}