{"id":11997,"date":"2024-09-12T07:03:38","date_gmt":"2024-09-12T07:03:38","guid":{"rendered":"https:\/\/nedes.significa.sk\/produkty\/led-zavesne-svietidlo-na-lanku-s-dialkovym-ovladacom-50w-3000k-6500k-lcl7121r-h\/"},"modified":"2024-09-12T07:03:44","modified_gmt":"2024-09-12T07:03:44","slug":"led-zavesne-svietidlo-na-lanku-s-dialkovym-ovladacom-50w-3000k-6500k-lcl7121r-h","status":"publish","type":"product","link":"https:\/\/nedes.significa.sk\/hu\/produkty\/led-zavesne-svietidlo-na-lanku-s-dialkovym-ovladacom-50w-3000k-6500k-lcl7121r-h\/","title":{"rendered":"LED z\u00e1vesn\u00e9 svietidlo na lanku s dia\u013ekov\u00fdm ovl\u00e1da\u010dom 50W \/ 3000K &#8211; 6500K &#8211; LCL7121R-H"},"content":{"rendered":"<p>L<span style=\"color: #000000;\">ED <strong>z\u00e1vesn\u00e9 svietidlo<\/strong> zna\u010dky <strong>NEDES<\/strong>, je v\u00fdnimo\u010dn\u00e9 svojou <strong>\u010distou jednoduchou l\u00edniou<\/strong> a <strong>priaznivou cenou<\/strong>.<\/span><\/p>\n<p><span style=\"color: #000000;\"><strong>Elegantn\u00fd dizajn<\/strong> svietidla sa zaru\u010dene prisp\u00f4sob\u00ed ka\u017ed\u00e9mu interi\u00e9ru.<\/span><\/p>\n<p><span style=\"color: #000000;\">Balenie obsahuje <strong>2m nastavite\u013en\u00e9 lanko<\/strong>, v\u010faka ktor\u00e9mu si viete v\u00fd\u0161ku prisp\u00f4sobi\u0165 va\u0161im predstav\u00e1m.<\/span><\/p>\n<p><span style=\"color: #000000;\">Svietidlo disponuje funkciou <strong>zmeny farby svetla, no\u010dn\u00fdm re\u017eimom<\/strong> a <strong>stmievan\u00edm<\/strong>.<\/span><\/p>\n<p><span style=\"color: #000000;\">V\u00e1\u0161 konfort V\u00e1m zaru\u010d\u00ed <strong>mo\u017enos\u0165 ovl\u00e1dania viacer\u00fdch svietidiel jedn\u00fdm ovl\u00e1da\u010dom<\/strong> a <strong>pam\u00e4\u0165 posledn\u00e9ho nastavenia po vypnut\u00ed<\/strong> ( aj vyp\u00edna\u010dom, aj ovl\u00e1da\u010dom ).<\/span><\/p>\n<p><span style=\"color: #000000;\">Pam\u00e4\u0165 posledn\u00e9ho nastavenia pri ovl\u00e1dan\u00ed vyp\u00edna\u010dom zabezpe\u010d\u00edte tak, \u017ee svietidlo mus\u00ed by\u0165 vo vypnutom stave viac ako 10sec. a aj v zapnutom stave viac ako 10sec.<\/span><\/p>\n<p><span style=\"color: #000000;\">Mo\u017enos\u0165 <strong>zmeny re\u017eimov<\/strong> pomocou vyp\u00edna\u010da.<\/span><\/p>\n<p><span style=\"color: #000000;\">Ve\u013ekou v\u00fdhodou je <strong>bezpe\u010dn\u00e1 a \u013eahk\u00e1 mont\u00e1\u017e.<\/strong><\/span><\/p>\n<p><span style=\"color: #000000;\"><strong>-RF 2,4GHz<\/strong><\/span><\/p>\n<table style=\"height: 397px;\">\n<tbody>\n<tr style=\"height: 23px;\">\n<td style=\"width: 205.266px; height: 23px;\"><span style=\"text-decoration: underline; font-size: 16px;\"><strong><span style=\"color: #000000; text-decoration: underline;\">TECHNICK\u00c9 PARAMETRE<\/span><\/strong><\/span><\/td>\n<td style=\"width: 608.875px; height: 23px;\">&nbsp;<\/td>\n<\/tr>\n<tr style=\"height: 23px;\">\n<td style=\"width: 205.266px; height: 23px;\"><span style=\"color: #000000;\">spotreba<\/span><\/td>\n<td style=\"width: 608.875px; height: 23px;\"><span style=\"color: #000000;\"><strong>50W<\/strong><\/span><\/td>\n<\/tr>\n<tr style=\"height: 23px;\">\n<td style=\"width: 205.266px; height: 23px;\"><span style=\"color: #000000;\">sveteln\u00fd tok<\/span><\/td>\n<td style=\"width: 608.875px; height: 23px;\"><span style=\"color: #000000;\"><strong>4000Lm<\/strong><\/span><\/td>\n<\/tr>\n<tr style=\"height: 23px;\">\n<td style=\"width: 205.266px; height: 23px;\"><span style=\"color: #000000;\">rozmer (mm)<\/span><\/td>\n<td style=\"width: 608.875px; height: 23px;\"><span style=\"color: #000000;\"><strong>600&#215;80<\/strong><\/span><\/td>\n<\/tr>\n<tr style=\"height: 23px;\">\n<td style=\"width: 205.266px; height: 23px;\"><span style=\"color: #000000;\">chromati\u010dnos\u0165 (farba svetla)<\/span><\/td>\n<td style=\"width: 608.875px; height: 23px;\"><span style=\"color: #000000;\"><strong>3000K &#8211; 6500K<\/strong><\/span><\/td>\n<\/tr>\n<tr style=\"height: 23px;\">\n<td style=\"width: 205.266px; height: 23px;\"><span style=\"color: #000000;\">stmievanie<\/span><\/td>\n<td style=\"width: 608.875px; height: 23px;\"><span style=\"color: #000000;\"><strong>\u00e1no<\/strong><\/span><\/td>\n<\/tr>\n<tr style=\"height: 23px;\">\n<td style=\"width: 205.266px; height: 23px;\"><span style=\"color: #000000;\">no\u010dn\u00fd re\u017eim<\/span><\/td>\n<td style=\"width: 608.875px; height: 23px;\"><span style=\"color: #000000;\"><strong>\u00e1no<\/strong><\/span><\/td>\n<\/tr>\n<tr style=\"height: 23px;\">\n<td style=\"width: 205.266px; height: 23px;\"><span style=\"color: #000000;\">dia\u013ekov\u00fd ovl\u00e1da\u010d<\/span><\/td>\n<td style=\"width: 608.875px; height: 23px;\"><span style=\"color: #000000;\"><strong>\u00e1no<\/strong><\/span><\/td>\n<\/tr>\n<tr style=\"height: 23px;\">\n<td style=\"width: 205.266px; height: 23px;\"><span style=\"color: #000000;\">uhol svetla<\/span><\/td>\n<td style=\"width: 608.875px; height: 23px;\"><span style=\"color: #000000;\"><strong>120\u00b0<\/strong><\/span><\/td>\n<\/tr>\n<tr style=\"height: 23px;\">\n<td style=\"width: 205.266px; height: 23px;\"><span style=\"color: #000000;\">nap\u00e4tie <\/span><\/td>\n<td style=\"width: 608.875px; height: 23px;\"><span style=\"color: #000000;\"><strong>AC185 &#8211; 265V<\/strong><\/span><\/td>\n<\/tr>\n<tr style=\"height: 23px;\">\n<td style=\"width: 205.266px; height: 23px;\"><span style=\"color: #000000;\">\u017eivotnos\u0165<\/span><\/td>\n<td style=\"width: 608.875px; height: 23px;\"><span style=\"color: #000000;\"><strong>30 000h<\/strong><\/span><\/td>\n<\/tr>\n<tr style=\"height: 23px;\">\n<td style=\"width: 205.266px; height: 23px;\"><span style=\"color: #000000;\">sp\u00ednac\u00ed cyklus<\/span><\/td>\n<td style=\"width: 608.875px; height: 23px;\"><span style=\"color: #000000;\"><strong>25 000 x<\/strong><\/span><\/td>\n<\/tr>\n<tr style=\"height: 23px;\">\n<td style=\"width: 205.266px; height: 23px;\"><span style=\"color: #000000;\">hmotnos\u0165 netto (g)<\/span><\/td>\n<td style=\"width: 608.875px; height: 23px;\"><span style=\"color: #000000;\"><strong>2400<\/strong><\/span><\/td>\n<\/tr>\n<tr style=\"height: 23px;\">\n<td style=\"width: 205.266px; height: 23px;\"><span style=\"color: #000000;\">krytie<\/span><\/td>\n<td style=\"width: 608.875px; height: 23px;\"><span style=\"color: #000000;\"><strong>IP20<\/strong><\/span><\/td>\n<\/tr>\n<tr style=\"height: 23px;\">\n<td style=\"width: 205.266px; height: 23px;\"><span style=\"color: #000000;\">materi\u00e1l<\/span><\/td>\n<td style=\"width: 608.875px; height: 23px;\"><span style=\"color: #000000;\"><strong>metal \/ acryl<\/strong><\/span><\/td>\n<\/tr>\n<tr style=\"height: 23px;\">\n<td style=\"width: 205.266px; height: 23px;\"><span style=\"color: #000000;\">balenie<\/span><\/td>\n<td style=\"width: 608.875px; height: 23px;\"><span style=\"color: #000000;\"><strong>1\/5<\/strong><\/span><\/td>\n<\/tr>\n<tr style=\"height: 29px;\">\n<td style=\"width: 205.266px; height: 29px;\"><span style=\"color: #000000;\">LED s\u00fa nevymenite\u013en\u00e9<\/span><\/td>\n<td style=\"width: 608.875px; height: 29px;\"><span style=\"color: #000000;\"><strong>&nbsp;<\/strong><\/span><\/td>\n<\/tr>\n<\/tbody>\n<\/table>\n<p>-cena produktu zah\u0155\u0148a recykla\u010dn\u00fd poplatok v hodnote 0,40\u20ac bez DPH (0,48\u20ac s DPH)<\/p>\n","protected":false},"excerpt":{"rendered":"<p>LED z\u00e1vesn\u00e9 svietidlo zna\u010dky NEDES, je v\u00fdnimo\u010dn\u00e9 svojou \u010distou jednoduchou l\u00edniou a priaznivou cenou. Elegantn\u00fd dizajn svietidla sa zaru\u010dene prisp\u00f4sob\u00ed ka\u017ed\u00e9mu interi\u00e9ru. Balenie obsahuje 2m nastavite\u013en\u00e9 lanko, v\u010faka ktor\u00e9mu si viete v\u00fd\u0161ku prisp\u00f4sobi\u0165 va\u0161im predstav\u00e1m. Svietidlo disponuje funkciou zmeny farby svetla, no\u010dn\u00fdm re\u017eimom a stmievan\u00edm. V\u00e1\u0161 konfort V\u00e1m zaru\u010d\u00ed mo\u017enos\u0165 ovl\u00e1dania viacer\u00fdch svietidiel jedn\u00fdm ovl\u00e1da\u010dom [&hellip;]<\/p>\n","protected":false},"featured_media":11998,"comment_status":"closed","ping_status":"open","template":"","meta":[],"product_brand":[],"product_cat":[41],"product_tag":[],"class_list":{"0":"post-11997","1":"product","2":"type-product","3":"status-publish","4":"has-post-thumbnail","6":"product_cat-led-design-svietidla","8":"first","9":"instock","10":"purchasable","11":"product-type-simple"},"_links":{"self":[{"href":"https:\/\/nedes.significa.sk\/hu\/wp-json\/wp\/v2\/product\/11997","targetHints":{"allow":["GET"]}}],"collection":[{"href":"https:\/\/nedes.significa.sk\/hu\/wp-json\/wp\/v2\/product"}],"about":[{"href":"https:\/\/nedes.significa.sk\/hu\/wp-json\/wp\/v2\/types\/product"}],"replies":[{"embeddable":true,"href":"https:\/\/nedes.significa.sk\/hu\/wp-json\/wp\/v2\/comments?post=11997"}],"wp:featuredmedia":[{"embeddable":true,"href":"https:\/\/nedes.significa.sk\/hu\/wp-json\/wp\/v2\/media\/11998"}],"wp:attachment":[{"href":"https:\/\/nedes.significa.sk\/hu\/wp-json\/wp\/v2\/media?parent=11997"}],"wp:term":[{"taxonomy":"product_brand","embeddable":true,"href":"https:\/\/nedes.significa.sk\/hu\/wp-json\/wp\/v2\/product_brand?post=11997"},{"taxonomy":"product_cat","embeddable":true,"href":"https:\/\/nedes.significa.sk\/hu\/wp-json\/wp\/v2\/product_cat?post=11997"},{"taxonomy":"product_tag","embeddable":true,"href":"https:\/\/nedes.significa.sk\/hu\/wp-json\/wp\/v2\/product_tag?post=11997"}],"curies":[{"name":"wp","href":"https:\/\/api.w.org\/{rel}","templated":true}]}}