{"id":12087,"date":"2024-09-12T07:04:06","date_gmt":"2024-09-12T07:04:06","guid":{"rendered":"https:\/\/nedes.significa.sk\/produkty\/led-pracovna-nabijacia-baterka-wl09r\/"},"modified":"2024-09-12T07:04:24","modified_gmt":"2024-09-12T07:04:24","slug":"led-pracovna-nabijacia-baterka-wl09r","status":"publish","type":"product","link":"https:\/\/nedes.significa.sk\/hu\/produkty\/led-pracovna-nabijacia-baterka-wl09r\/","title":{"rendered":"LED pracovn\u00e1 nab\u00edjacia baterka &#8211; WL09R"},"content":{"rendered":"<p><span style=\"color: #000000;\">LED<strong> pracovn\u00e9 nab\u00edjacie svietidlo<\/strong> zna\u010dky <strong>NEDES <\/strong>s kryt\u00edm<strong> IP44<\/strong>, je vhodn\u00e9 na pou\u017eitie <strong>do exteri\u00e9ru<\/strong> na osvetlenie r\u00f4znych pl\u00f4ch a <strong>interi\u00e9ru<\/strong> do h\u00e1l, tov\u00e1rn\u00ed, gar\u00e1\u017e\u00ed, alt\u00e1nkov a pr\u00edstre\u0161kov.<\/span><\/p>\n<p><span style=\"color: #000000;\">&#8211; pevn\u00e1 kon\u0161trukcia<\/span><\/p>\n<p><span style=\"color: #000000;\">&#8211; bat. <strong>Li-Ion 1200mAh<\/strong><\/span><\/p>\n<p><span style=\"color: #000000;\">&#8211; 30% COB &#8211; 120Lm &#8211; 5,5h \/ 100% COB &#8211; 350Lm &#8211; 3h \/ 100% SMD &#8211; 70Lm &#8211; 7h<\/span><\/p>\n<p><span style=\"color: #000000;\">&#8211; nab\u00edjac\u00ed \u010das 2,5h<\/span><\/p>\n<p><span style=\"color: #000000;\">&#8211; LED<strong> indik\u00e1tor stavu bat\u00e9rie<\/strong><\/span><\/p>\n<p><span style=\"color: #000000;\">&#8211; zabudovan\u00fd<strong> 180\u00b0 dr\u017eiak so siln\u00fdm magnetom<\/strong><\/span><\/p>\n<p><span style=\"color: #000000;\">&#8211; zabudovan\u00fd<strong> 360\u00b0 h\u00e1k <\/strong>na&nbsp;zavesenie<\/span><\/p>\n<p><span style=\"color: #000000;\">&#8211; zabudovan\u00fd <strong>klip <\/strong>na uchytenie napr. za opasok<\/span><\/p>\n<p><span style=\"color: #000000;\">&#8211; balenie obsahuje <strong>30cm USB-C<\/strong> k\u00e1bel&nbsp;<\/span><\/p>\n<p><span style=\"color: #000000;\">&#8211; \u013eahk\u00e9, r\u00fdchle a bezprobl\u00e9mov\u00e9 pou\u017eitie kamko\u013evek<\/span><\/p>\n<table style=\"height: 322px; width: 739px;\">\n<tbody>\n<tr style=\"height: 23px;\">\n<td style=\"width: 202.797px; height: 23px;\"><span style=\"text-decoration: underline; font-size: 16px;\"><strong><span style=\"color: #000000; text-decoration: underline;\">TECHNICK\u00c9 PARAMETRE<\/span><\/strong><\/span><\/td>\n<td style=\"width: 535.203px; height: 23px;\">&nbsp;<\/td>\n<\/tr>\n<tr style=\"height: 23px;\">\n<td style=\"width: 202.797px; height: 23px;\"><span style=\"color: #000000;\">zdroj svetla<\/span><\/td>\n<td style=\"width: 535.203px; height: 23px;\"><span style=\"background-color: #ffffff; color: #000000;\"><strong>5W COB + 3W SMD<\/strong><\/span><\/td>\n<\/tr>\n<tr style=\"height: 23px;\">\n<td style=\"width: 202.797px; height: 23px;\"><span style=\"color: #000000;\">sveteln\u00fd tok<\/span><\/td>\n<td style=\"width: 535.203px; height: 23px;\"><span style=\"color: #000000;\"><strong>350Lm + 70Lm<\/strong><\/span><\/td>\n<\/tr>\n<tr style=\"height: 23px;\">\n<td style=\"width: 202.797px; height: 23px;\"><span style=\"color: #000000;\">nap\u00e1janie<\/span><\/td>\n<td style=\"width: 535.203px; height: 23px;\"><span style=\"color: #000000;\"><strong>1xLi-Ion-1200mAh (obsahuje)<\/strong><\/span><\/td>\n<\/tr>\n<tr style=\"height: 23px;\">\n<td style=\"width: 202.797px; height: 23px;\"><span style=\"color: #000000;\">funkcie svetla<\/span><\/td>\n<td style=\"width: 535.203px; height: 23px;\"><span style=\"color: #000000;\"><strong>5W COB 30% \/ 5W COB 100% \/ 3W SMD \/ vypnutie<\/strong><\/span><\/td>\n<\/tr>\n<tr>\n<td style=\"width: 202.797px;\"><span style=\"color: #000000;\">powerbank<\/span><\/td>\n<td style=\"width: 535.203px;\"><span style=\"color: #000000;\"><strong>nie<\/strong><\/span><\/td>\n<\/tr>\n<tr style=\"height: 23px;\">\n<td style=\"width: 202.797px; height: 23px;\"><span style=\"color: #000000;\">senzor<\/span><\/td>\n<td style=\"width: 535.203px; height: 23px;\"><span style=\"color: #000000;\"><strong>nie<\/strong><\/span><\/td>\n<\/tr>\n<tr style=\"height: 23px;\">\n<td style=\"width: 202.797px; height: 23px;\"><span style=\"color: #000000;\">focus<\/span><\/td>\n<td style=\"width: 535.203px; height: 23px;\"><span style=\"color: #000000;\"><strong>nie<\/strong><\/span><\/td>\n<\/tr>\n<tr style=\"height: 23px;\">\n<td style=\"width: 202.797px; height: 23px;\"><span style=\"color: #000000;\">rozmer<\/span><\/td>\n<td style=\"width: 535.203px; height: 23px;\"><span style=\"color: #000000;\"><strong><span class=\"product_value\">155 x 41 x 31<\/span><\/strong><\/span><\/td>\n<\/tr>\n<tr style=\"height: 23px;\">\n<td style=\"width: 202.797px; height: 23px;\"><span style=\"color: #000000;\">chromati\u010dnos\u0165 (farba svetla)<\/span><\/td>\n<td style=\"width: 535.203px; height: 23px;\"><span style=\"color: #000000;\"><strong>biela<\/strong><\/span><\/td>\n<\/tr>\n<tr style=\"height: 23px;\">\n<td style=\"width: 202.797px; height: 23px;\"><span style=\"color: #000000;\">dosvit<\/span><\/td>\n<td style=\"width: 535.203px; height: 23px;\"><span style=\"color: #000000;\"><strong>&#8211;<\/strong><\/span><\/td>\n<\/tr>\n<tr style=\"height: 23px;\">\n<td style=\"width: 202.797px; height: 23px;\"><span style=\"color: #000000;\">krytie<\/span><\/td>\n<td style=\"width: 535.203px; height: 23px;\"><span style=\"color: #000000;\"><strong>IP44<\/strong><\/span><\/td>\n<\/tr>\n<tr style=\"height: 23px;\">\n<td style=\"width: 202.797px; height: 23px;\"><span style=\"color: #000000;\">materi\u00e1l<\/span><\/td>\n<td style=\"width: 535.203px; height: 23px;\"><span style=\"color: #000000;\"><strong>PC-ABS, pogumovan\u00e1<\/strong><\/span><\/td>\n<\/tr>\n<tr style=\"height: 23px;\">\n<td style=\"width: 202.797px; height: 23px;\"><span style=\"color: #000000;\">uchytenie<\/span><\/td>\n<td style=\"width: 535.203px; height: 23px;\"><span style=\"color: #000000;\"><strong>ru\u010dn\u00e9 \/ magnet \/ h\u00e1k \/ klip<\/strong><\/span><\/td>\n<\/tr>\n<tr style=\"height: 23px;\">\n<td style=\"width: 202.797px; height: 23px;\"><span style=\"color: #000000;\">balenie<\/span><\/td>\n<td style=\"width: 535.203px; height: 23px;\"><span style=\"color: #000000;\"><strong>1\/12\/24<\/strong><\/span><\/td>\n<\/tr>\n<tr>\n<td style=\"width: 202.797px;\"><span style=\"color: #000000;\">hmotnos\u0165 netto (g)<\/span><\/td>\n<td style=\"width: 535.203px;\"><span style=\"color: #000000;\"><strong>126<\/strong><\/span><\/td>\n<\/tr>\n<tr>\n<td style=\"width: 202.797px;\"><span style=\"color: #000000;\">LED s\u00fa nevymenite\u013en\u00e9<\/span><\/td>\n<td style=\"width: 535.203px;\"><span style=\"color: #000000;\"><strong>&nbsp;<\/strong><\/span><\/td>\n<\/tr>\n<\/tbody>\n<\/table>\n","protected":false},"excerpt":{"rendered":"<p>LED pracovn\u00e9 nab\u00edjacie svietidlo zna\u010dky NEDES s kryt\u00edm IP44, je vhodn\u00e9 na pou\u017eitie do exteri\u00e9ru na osvetlenie r\u00f4znych pl\u00f4ch a interi\u00e9ru do h\u00e1l, tov\u00e1rn\u00ed, gar\u00e1\u017e\u00ed, alt\u00e1nkov a pr\u00edstre\u0161kov. &#8211; pevn\u00e1 kon\u0161trukcia &#8211; bat. Li-Ion 1200mAh &#8211; 30% COB &#8211; 120Lm &#8211; 5,5h \/ 100% COB &#8211; 350Lm &#8211; 3h \/ 100% SMD &#8211; 70Lm &#8211; [&hellip;]<\/p>\n","protected":false},"featured_media":12088,"comment_status":"closed","ping_status":"open","template":"","meta":[],"product_brand":[],"product_cat":[61],"product_tag":[],"class_list":{"0":"post-12087","1":"product","2":"type-product","3":"status-publish","4":"has-post-thumbnail","6":"product_cat-led-svietidla-rucne-pozicne","8":"first","9":"instock","10":"purchasable","11":"product-type-simple"},"_links":{"self":[{"href":"https:\/\/nedes.significa.sk\/hu\/wp-json\/wp\/v2\/product\/12087","targetHints":{"allow":["GET"]}}],"collection":[{"href":"https:\/\/nedes.significa.sk\/hu\/wp-json\/wp\/v2\/product"}],"about":[{"href":"https:\/\/nedes.significa.sk\/hu\/wp-json\/wp\/v2\/types\/product"}],"replies":[{"embeddable":true,"href":"https:\/\/nedes.significa.sk\/hu\/wp-json\/wp\/v2\/comments?post=12087"}],"wp:featuredmedia":[{"embeddable":true,"href":"https:\/\/nedes.significa.sk\/hu\/wp-json\/wp\/v2\/media\/12088"}],"wp:attachment":[{"href":"https:\/\/nedes.significa.sk\/hu\/wp-json\/wp\/v2\/media?parent=12087"}],"wp:term":[{"taxonomy":"product_brand","embeddable":true,"href":"https:\/\/nedes.significa.sk\/hu\/wp-json\/wp\/v2\/product_brand?post=12087"},{"taxonomy":"product_cat","embeddable":true,"href":"https:\/\/nedes.significa.sk\/hu\/wp-json\/wp\/v2\/product_cat?post=12087"},{"taxonomy":"product_tag","embeddable":true,"href":"https:\/\/nedes.significa.sk\/hu\/wp-json\/wp\/v2\/product_tag?post=12087"}],"curies":[{"name":"wp","href":"https:\/\/api.w.org\/{rel}","templated":true}]}}