{"id":12108,"date":"2024-09-12T07:04:32","date_gmt":"2024-09-12T07:04:32","guid":{"rendered":"https:\/\/nedes.significa.sk\/produkty\/led-nabijacia-baterka-fl06r\/"},"modified":"2024-09-12T07:04:34","modified_gmt":"2024-09-12T07:04:34","slug":"led-nabijacia-baterka-fl06r","status":"publish","type":"product","link":"https:\/\/nedes.significa.sk\/hu\/produkty\/led-nabijacia-baterka-fl06r\/","title":{"rendered":"LED nab\u00edjacia baterka &#8211; FL06R"},"content":{"rendered":"<p><span style=\"color: #000000;\">LED<strong> ru\u010dn\u00e9 nab\u00edjacie svietidlo<\/strong> zna\u010dky <strong>NEDES <\/strong>s kryt\u00edm<strong> IPX4<\/strong>, je vhodn\u00e9 na pou\u017eitie <strong>do exteri\u00e9ru<\/strong> na osvetlenie r\u00f4znych pl\u00f4ch a <strong>interi\u00e9ru<\/strong> do h\u00e1l, tov\u00e1rn\u00ed, gar\u00e1\u017e\u00ed, alt\u00e1nkov a pr\u00edstre\u0161kov.<\/span><\/p>\n<p><span style=\"color: #000000;\">&#8211; pevn\u00e1 kon\u0161trukcia<\/span><\/p>\n<p><span style=\"color: #000000;\">&#8211; bat. <strong>1x 18650<\/strong> <strong>Li-Ion 1200mAh<\/strong><\/span><\/p>\n<p><span style=\"color: #000000;\">&#8211; <strong>5V\/1A input<\/strong><\/span><\/p>\n<p><span style=\"color: #000000;\">&#8211; 100% SMD &#8211; 650Lm &#8211; 45min. &#8211; 320m \/ 55% SMD &#8211; 360Lm &#8211; 1,5h &#8211; 230m \/ 30% SMD &#8211; 200Lm &#8211; 3h &#8211; 170m \/ 100% COB &#8211; 60Lm &#8211; 2,5h \/ 30% COB &#8211; 20Lm &#8211; 10,5h<\/span><\/p>\n<p><span style=\"color: #000000;\">&#8211; nab\u00edjac\u00ed \u010das 5h<\/span><\/p>\n<p><span style=\"color: #000000;\">&#8211; v balen\u00ed:&nbsp; \u010derven\u00e9, zelen\u00e9, modr\u00e9, biele <strong>skl\u00ed\u010dko <\/strong>na rozptyl svetla pre vytvorenie funkcie<strong>&nbsp;kempingov\u00e9ho svietidla<\/strong><\/span><\/p>\n<p><span style=\"color: #000000;\">&#8211; balenie obsahuje <strong>50cm USB-C<\/strong> k\u00e1bel&nbsp;<\/span><\/p>\n<p><span style=\"color: #000000;\">&#8211; \u013eahk\u00e9, r\u00fdchle a bezprobl\u00e9mov\u00e9 pou\u017eitie kamko\u013evek<\/span><\/p>\n<table style=\"height: 380px; width: 1042px;\">\n<tbody>\n<tr style=\"height: 23px;\">\n<td style=\"width: 203.16px; height: 23px;\"><span style=\"text-decoration: underline; font-size: 16px;\"><strong><span style=\"color: #000000; text-decoration: underline;\">TECHNICK\u00c9 PARAMETRE<\/span><\/strong><\/span><\/td>\n<td style=\"width: 837.726px; height: 23px;\">&nbsp;<\/td>\n<\/tr>\n<tr style=\"height: 23px;\">\n<td style=\"width: 203.16px; height: 23px;\"><span style=\"color: #000000;\">zdroj svetla<\/span><\/td>\n<td style=\"width: 837.726px; height: 23px;\"><span style=\"color: #000000;\"><strong>8W SMD + 2W COB<\/strong><\/span><\/td>\n<\/tr>\n<tr style=\"height: 23px;\">\n<td style=\"width: 203.16px; height: 23px;\"><span style=\"color: #000000;\">sveteln\u00fd tok<\/span><\/td>\n<td style=\"width: 837.726px; height: 23px;\"><span style=\"color: #000000;\"><strong>650Lm<\/strong><\/span><\/td>\n<\/tr>\n<tr style=\"height: 23px;\">\n<td style=\"width: 203.16px; height: 23px;\"><span style=\"color: #000000;\">nap\u00e1janie<\/span><\/td>\n<td style=\"width: 837.726px; height: 23px;\"><span style=\"color: #000000;\"><strong>1x 18650 Li-ion-1200 mAh (obsahuje)<\/strong><\/span><\/td>\n<\/tr>\n<tr style=\"height: 23px;\">\n<td style=\"width: 203.16px; height: 23px;\"><span style=\"color: #000000;\">funkcie svetla<\/span><\/td>\n<td style=\"width: 837.726px; height: 23px;\">\n<p><span style=\"color: #000000;\"><strong>5W SMD &#8211; 100% \/ 5W SMD 55% \/ 5W SMD 30% \/ 5W SMD blikanie \/ 5W SMD SOS \/ zoom<\/strong><\/span><\/p>\n<p><span style=\"color: #000000;\"><strong>3W COB 100% \/ 3W COB 30% \/3W COB \u010derven\u00e1 \/ 3W COB \u010derven\u00e1 &#8211; blikanie<\/strong><\/span><\/p>\n<\/td>\n<\/tr>\n<tr style=\"height: 23px;\">\n<td style=\"width: 203.16px; height: 23px;\"><span style=\"color: #000000;\">senzor<\/span><\/td>\n<td style=\"width: 837.726px; height: 23px;\"><span style=\"color: #000000;\"><strong>nie<\/strong><\/span><\/td>\n<\/tr>\n<tr style=\"height: 23px;\">\n<td style=\"width: 203.16px; height: 23px;\"><span style=\"color: #000000;\">focus<\/span><\/td>\n<td style=\"width: 837.726px; height: 23px;\"><span style=\"color: #000000;\"><strong>\u00e1no<\/strong><\/span><\/td>\n<\/tr>\n<tr style=\"height: 23px;\">\n<td style=\"width: 203.16px; height: 23px;\"><span style=\"color: #000000;\">rozmer<\/span><\/td>\n<td style=\"width: 837.726px; height: 23px;\"><span style=\"color: #000000;\"><strong><span class=\"product_value\">34 x 160 x 171<\/span><\/strong><\/span><\/td>\n<\/tr>\n<tr style=\"height: 23px;\">\n<td style=\"width: 203.16px; height: 23px;\"><span style=\"color: #000000;\">chromati\u010dnos\u0165 (farba svetla)<\/span><\/td>\n<td style=\"width: 837.726px; height: 23px;\"><span style=\"color: #000000;\"><strong>biela \/ \u010derven\u00e1<\/strong><\/span><\/td>\n<\/tr>\n<tr style=\"height: 23px;\">\n<td style=\"width: 203.16px; height: 23px;\"><span style=\"color: #000000;\">dosvit<\/span><\/td>\n<td style=\"width: 837.726px; height: 23px;\"><span style=\"color: #000000;\"><strong>170m &#8211; 320m<\/strong><\/span><\/td>\n<\/tr>\n<tr style=\"height: 23px;\">\n<td style=\"width: 203.16px; height: 23px;\"><span style=\"color: #000000;\">krytie<\/span><\/td>\n<td style=\"width: 837.726px; height: 23px;\"><span style=\"color: #000000;\"><strong>IPX4<\/strong><\/span><\/td>\n<\/tr>\n<tr style=\"height: 23px;\">\n<td style=\"width: 203.16px; height: 23px;\"><span style=\"color: #000000;\">materi\u00e1l<\/span><\/td>\n<td style=\"width: 837.726px; height: 23px;\"><span style=\"color: #000000;\"><strong>kov<\/strong><\/span><\/td>\n<\/tr>\n<tr style=\"height: 23px;\">\n<td style=\"width: 203.16px; height: 23px;\"><span style=\"color: #000000;\">uchytenie<\/span><\/td>\n<td style=\"width: 837.726px; height: 23px;\"><span style=\"color: #000000;\"><strong>ru\u010dn\u00e9<\/strong><\/span><\/td>\n<\/tr>\n<tr style=\"height: 23px;\">\n<td style=\"width: 203.16px; height: 23px;\"><span style=\"color: #000000;\">balenie<\/span><\/td>\n<td style=\"width: 837.726px; height: 23px;\"><span style=\"color: #000000;\"><strong>1\/20\/40<\/strong><\/span><\/td>\n<\/tr>\n<tr style=\"height: 29px;\">\n<td style=\"width: 203.16px; height: 29px;\"><span style=\"color: #000000;\">hmotnos\u0165 netto (g)<\/span><\/td>\n<td style=\"width: 837.726px; height: 29px;\"><span style=\"color: #000000;\"><strong>164<\/strong><\/span><\/td>\n<\/tr>\n<tr style=\"height: 29px;\">\n<td style=\"width: 203.16px; height: 29px;\"><span style=\"color: #000000;\">LED s\u00fa nevymenite\u013en\u00e9<\/span><\/td>\n<td style=\"width: 837.726px; height: 29px;\"><span style=\"color: #000000;\"><strong>&nbsp;<\/strong><\/span><\/td>\n<\/tr>\n<\/tbody>\n<\/table>\n<p>&nbsp;<\/p>\n","protected":false},"excerpt":{"rendered":"<p>LED ru\u010dn\u00e9 nab\u00edjacie svietidlo zna\u010dky NEDES s kryt\u00edm IPX4, je vhodn\u00e9 na pou\u017eitie do exteri\u00e9ru na osvetlenie r\u00f4znych pl\u00f4ch a interi\u00e9ru do h\u00e1l, tov\u00e1rn\u00ed, gar\u00e1\u017e\u00ed, alt\u00e1nkov a pr\u00edstre\u0161kov. &#8211; pevn\u00e1 kon\u0161trukcia &#8211; bat. 1x 18650 Li-Ion 1200mAh &#8211; 5V\/1A input &#8211; 100% SMD &#8211; 650Lm &#8211; 45min. &#8211; 320m \/ 55% SMD &#8211; 360Lm &#8211; [&hellip;]<\/p>\n","protected":false},"featured_media":12109,"comment_status":"closed","ping_status":"open","template":"","meta":[],"product_brand":[],"product_cat":[61],"product_tag":[],"class_list":{"0":"post-12108","1":"product","2":"type-product","3":"status-publish","4":"has-post-thumbnail","6":"product_cat-led-svietidla-rucne-pozicne","8":"first","9":"instock","10":"purchasable","11":"product-type-simple"},"_links":{"self":[{"href":"https:\/\/nedes.significa.sk\/hu\/wp-json\/wp\/v2\/product\/12108","targetHints":{"allow":["GET"]}}],"collection":[{"href":"https:\/\/nedes.significa.sk\/hu\/wp-json\/wp\/v2\/product"}],"about":[{"href":"https:\/\/nedes.significa.sk\/hu\/wp-json\/wp\/v2\/types\/product"}],"replies":[{"embeddable":true,"href":"https:\/\/nedes.significa.sk\/hu\/wp-json\/wp\/v2\/comments?post=12108"}],"wp:featuredmedia":[{"embeddable":true,"href":"https:\/\/nedes.significa.sk\/hu\/wp-json\/wp\/v2\/media\/12109"}],"wp:attachment":[{"href":"https:\/\/nedes.significa.sk\/hu\/wp-json\/wp\/v2\/media?parent=12108"}],"wp:term":[{"taxonomy":"product_brand","embeddable":true,"href":"https:\/\/nedes.significa.sk\/hu\/wp-json\/wp\/v2\/product_brand?post=12108"},{"taxonomy":"product_cat","embeddable":true,"href":"https:\/\/nedes.significa.sk\/hu\/wp-json\/wp\/v2\/product_cat?post=12108"},{"taxonomy":"product_tag","embeddable":true,"href":"https:\/\/nedes.significa.sk\/hu\/wp-json\/wp\/v2\/product_tag?post=12108"}],"curies":[{"name":"wp","href":"https:\/\/api.w.org\/{rel}","templated":true}]}}