{"id":12610,"date":"2024-09-12T07:08:11","date_gmt":"2024-09-12T07:08:11","guid":{"rendered":"https:\/\/nedes.significa.sk\/produkty\/led-stropnica-opal-slim-12w-smd-4000k-lcl421s\/"},"modified":"2024-09-12T07:08:24","modified_gmt":"2024-09-12T07:08:24","slug":"led-stropnica-opal-slim-12w-smd-4000k-lcl421s","status":"publish","type":"product","link":"https:\/\/nedes.significa.sk\/hu\/produkty\/led-stropnica-opal-slim-12w-smd-4000k-lcl421s\/","title":{"rendered":"LED stropnica OPAL SLIM 12W \/ SMD \/ 4000K &#8211; LCL421S"},"content":{"rendered":"<p><span style=\"color: #000000;\"><strong>LED stropn\u00e9 svietidlo Opal Slim<\/strong> 12W zna\u010dky <strong>NEDES<\/strong>, je elegantn\u00fdm modern\u00fdm a \u00fasporn\u00fdm osvetlen\u00edm, ktor\u00e9 je vhodn\u00e9 pre v\u0161etky interi\u00e9ry, kde poskytuje dostatok osvetlenia.<\/span><\/p>\n<table style=\"height: 380px;\">\n<tbody>\n<tr style=\"height: 23px;\">\n<td style=\"width: 204.844px; height: 23px;\"><span style=\"text-decoration: underline; font-size: 16px;\"><strong><span style=\"color: #000000; text-decoration: underline;\">TECHNICK\u00c9 PARAMETRE<\/span><\/strong><\/span><\/td>\n<td style=\"width: 606.609px; height: 23px;\">&nbsp;<\/td>\n<\/tr>\n<tr style=\"height: 23px;\">\n<td style=\"width: 204.844px; height: 23px;\"><span style=\"color: #000000;\">spotreba<\/span><\/td>\n<td style=\"width: 606.609px; height: 23px;\"><span style=\"color: #000000;\"><strong>12W<\/strong><\/span><\/td>\n<\/tr>\n<tr style=\"height: 23px;\">\n<td style=\"width: 204.844px; height: 23px;\"><span style=\"color: #000000;\">sveteln\u00fd tok<\/span><\/td>\n<td style=\"width: 606.609px; height: 23px;\"><span style=\"color: #000000;\"><strong>900Lm<\/strong><\/span><\/td>\n<\/tr>\n<tr style=\"height: 23px;\">\n<td style=\"width: 204.844px; height: 23px;\"><span style=\"color: #000000;\">rozmer (mm)<\/span><\/td>\n<td style=\"width: 606.609px; height: 23px;\"><span style=\"color: #000000;\"><strong>\u00d8245 x 50<\/strong><\/span><\/td>\n<\/tr>\n<tr style=\"height: 23px;\">\n<td style=\"width: 204.844px; height: 23px;\"><span style=\"color: #000000;\">chromati\u010dnos\u0165 (farba svetla)<\/span><\/td>\n<td style=\"width: 606.609px; height: 23px;\"><span style=\"color: #000000;\"><strong>4000K &#8211; neutr\u00e1lna biela<\/strong><\/span><\/td>\n<\/tr>\n<tr style=\"height: 29px;\">\n<td style=\"width: 204.844px; height: 29px;\"><span style=\"color: #000000;\">senzor<\/span><\/td>\n<td style=\"width: 606.609px; height: 29px;\"><span style=\"color: #000000;\"><strong>nie<\/strong><\/span><\/td>\n<\/tr>\n<tr style=\"height: 23px;\">\n<td style=\"width: 204.844px; height: 23px;\"><span style=\"color: #000000;\">uhol svetla<\/span><\/td>\n<td style=\"width: 606.609px; height: 23px;\"><span style=\"color: #000000;\"><strong>120\u00b0<\/strong><\/span><\/td>\n<\/tr>\n<tr style=\"height: 23px;\">\n<td style=\"width: 204.844px; height: 23px;\"><span style=\"color: #000000;\">nap\u00e4tie <\/span><\/td>\n<td style=\"width: 606.609px; height: 23px;\"><span style=\"color: #000000;\"><strong>AC170 &#8211; 260V<\/strong><\/span><\/td>\n<\/tr>\n<tr style=\"height: 23px;\">\n<td style=\"width: 204.844px; height: 23px;\"><span style=\"color: #000000;\">\u017eivotnos\u0165<\/span><\/td>\n<td style=\"width: 606.609px; height: 23px;\"><span style=\"color: #000000;\"><strong>25 000h<\/strong><\/span><\/td>\n<\/tr>\n<tr style=\"height: 23px;\">\n<td style=\"width: 204.844px; height: 23px;\"><span style=\"color: #000000;\">sp\u00ednac\u00ed cyklus<\/span><\/td>\n<td style=\"width: 606.609px; height: 23px;\"><span style=\"color: #000000;\"><strong>20 000 x<\/strong><\/span><\/td>\n<\/tr>\n<tr style=\"height: 23px;\">\n<td style=\"width: 204.844px; height: 23px;\"><span style=\"color: #000000;\">hmotnos\u0165 netto (g)<\/span><\/td>\n<td style=\"width: 606.609px; height: 23px;\"><span style=\"color: #000000;\"><strong>267<\/strong><\/span><\/td>\n<\/tr>\n<tr style=\"height: 23px;\">\n<td style=\"width: 204.844px; height: 23px;\"><span style=\"color: #000000;\">krytie<\/span><\/td>\n<td style=\"width: 606.609px; height: 23px;\"><span style=\"color: #000000;\"><strong>IP20<\/strong><\/span><\/td>\n<\/tr>\n<tr style=\"height: 23px;\">\n<td style=\"width: 204.844px; height: 23px;\"><span style=\"color: #000000;\">materi\u00e1l<\/span><\/td>\n<td style=\"width: 606.609px; height: 23px;\"><span style=\"color: #000000;\"><strong>metal &#8211; biela<\/strong><\/span><\/td>\n<\/tr>\n<tr style=\"height: 23px;\">\n<td style=\"width: 204.844px; height: 23px;\"><span style=\"color: #000000;\">typ dif\u00fazora<\/span><\/td>\n<td style=\"width: 606.609px; height: 23px;\"><strong><span style=\"color: #000000;\">MS &#8211; opal<\/span><\/strong><\/td>\n<\/tr>\n<tr style=\"height: 23px;\">\n<td style=\"width: 204.844px; height: 23px;\"><span style=\"color: #000000;\">balenie<\/span><\/td>\n<td style=\"width: 606.609px; height: 23px;\"><span style=\"color: #000000;\"><strong>1\/20<\/strong><\/span><\/td>\n<\/tr>\n<tr style=\"height: 29px;\">\n<td style=\"width: 204.844px; height: 29px;\"><span style=\"color: #000000;\">LED s\u00fa nevymenite\u013en\u00e9<\/span><span style=\"color: #000000;\"><br \/><\/span><\/td>\n<td style=\"width: 606.609px; height: 29px;\"><span style=\"color: #000000;\"><strong>&nbsp;<\/strong><\/span><\/td>\n<\/tr>\n<\/tbody>\n<\/table>\n<p>-cena produktu zah\u0155\u0148a recykla\u010dn\u00fd poplatok v hodnote 0,10\u20ac bez DPH (0,12\u20ac s DPH)<\/p>\n","protected":false},"excerpt":{"rendered":"<p>LED stropn\u00e9 svietidlo Opal Slim 12W zna\u010dky NEDES, je elegantn\u00fdm modern\u00fdm a \u00fasporn\u00fdm osvetlen\u00edm, ktor\u00e9 je vhodn\u00e9 pre v\u0161etky interi\u00e9ry, kde poskytuje dostatok osvetlenia. TECHNICK\u00c9 PARAMETRE &nbsp; spotreba 12W sveteln\u00fd tok 900Lm rozmer (mm) \u00d8245 x 50 chromati\u010dnos\u0165 (farba svetla) 4000K &#8211; neutr\u00e1lna biela senzor nie uhol svetla 120\u00b0 nap\u00e4tie AC170 &#8211; 260V \u017eivotnos\u0165 25 [&hellip;]<\/p>\n","protected":false},"featured_media":12611,"comment_status":"closed","ping_status":"open","template":"","meta":[],"product_brand":[],"product_cat":[51],"product_tag":[],"class_list":{"0":"post-12610","1":"product","2":"type-product","3":"status-publish","4":"has-post-thumbnail","6":"product_cat-led-lcl4-series","8":"first","9":"instock","10":"purchasable","11":"product-type-simple"},"_links":{"self":[{"href":"https:\/\/nedes.significa.sk\/hu\/wp-json\/wp\/v2\/product\/12610","targetHints":{"allow":["GET"]}}],"collection":[{"href":"https:\/\/nedes.significa.sk\/hu\/wp-json\/wp\/v2\/product"}],"about":[{"href":"https:\/\/nedes.significa.sk\/hu\/wp-json\/wp\/v2\/types\/product"}],"replies":[{"embeddable":true,"href":"https:\/\/nedes.significa.sk\/hu\/wp-json\/wp\/v2\/comments?post=12610"}],"wp:featuredmedia":[{"embeddable":true,"href":"https:\/\/nedes.significa.sk\/hu\/wp-json\/wp\/v2\/media\/12611"}],"wp:attachment":[{"href":"https:\/\/nedes.significa.sk\/hu\/wp-json\/wp\/v2\/media?parent=12610"}],"wp:term":[{"taxonomy":"product_brand","embeddable":true,"href":"https:\/\/nedes.significa.sk\/hu\/wp-json\/wp\/v2\/product_brand?post=12610"},{"taxonomy":"product_cat","embeddable":true,"href":"https:\/\/nedes.significa.sk\/hu\/wp-json\/wp\/v2\/product_cat?post=12610"},{"taxonomy":"product_tag","embeddable":true,"href":"https:\/\/nedes.significa.sk\/hu\/wp-json\/wp\/v2\/product_tag?post=12610"}],"curies":[{"name":"wp","href":"https:\/\/api.w.org\/{rel}","templated":true}]}}