{"id":12772,"date":"2024-09-12T07:09:35","date_gmt":"2024-09-12T07:09:35","guid":{"rendered":"https:\/\/nedes.significa.sk\/produkty\/luxusny-stropny-kristalovy-luster-12-x-g9-ca032-800c\/"},"modified":"2024-09-12T07:09:39","modified_gmt":"2024-09-12T07:09:39","slug":"luxusny-stropny-kristalovy-luster-12-x-g9-ca032-800c","status":"publish","type":"product","link":"https:\/\/nedes.significa.sk\/hu\/produkty\/luxusny-stropny-kristalovy-luster-12-x-g9-ca032-800c\/","title":{"rendered":"Luxusn\u00fd stropn\u00fd kri\u0161t\u00e1\u013eov\u00fd luster 12 x G9 &#8211; CA032\/800C"},"content":{"rendered":"<div>\n<p style=\"text-align: justify;\"><span style=\"color: #000000;\"><strong>Stropn\u00e9 kry\u0161t\u00e1lov\u00e9 svietidlo<\/strong>&nbsp;zna\u010dky <strong>NEDES<\/strong>, je v\u010faka svojmu nad\u010dasov\u00e9mu dizajnu vhodn\u00e9 do ka\u017edej miestnosti, kde chcete vytvori\u0165 luxusn\u00fa atmosf\u00e9ru, najm\u00e4 do ob\u00fdva\u010dky, jed\u00e1lne, sp\u00e1lne \u010di predsiene. Toto svietidlo vynikaj\u00faco kombinuje modern\u00fd \u0161t\u00fdl s najvy\u0161\u0161ou kvalitou. <strong>Svietidlo<\/strong> prid\u00e1va eleganciu do V\u00e1\u0161ho interi\u00e9ru. Medzi k\u013e\u00fa\u010dov\u00e9 vlastnosti patr\u00ed <strong>modern\u00fd dizajn<\/strong>, <strong>\u00faspornos\u0165<\/strong> a <strong>spo\u013eahlivos\u0165<\/strong><strong>.<\/strong><\/span><\/p>\n<p style=\"text-align: justify;\"><span style=\"color: #000000;\">Je vyroben\u00e9 z <strong>kvalitn\u00e9ho kovu, vo farebnom preveden\u00ed &#8211; franc\u00fazska zlat\u00e1 a zdoben\u00e9 farebn\u00fdmi kry\u0161t\u00e1lmi.&nbsp;<\/strong><\/span><\/p>\n<p style=\"text-align: justify;\"><span style=\"color: #000000;\">Svietidlo vyzdvihuje eleganciu, preto sa st\u00e1va <strong>luxusnou dominantou<\/strong> modern\u00fdch priestorov.<\/span><\/p>\n<p style=\"text-align: justify;\"><span style=\"color: #000000;\">Mo\u017enos\u0165 pou\u017eitia LED \u017eiarovky s p\u00e4ticou <strong>G9<\/strong> z na\u0161ej ponuky.<\/span><\/p>\n<\/div>\n<table style=\"height: 207px; width: 813px;\">\n<tbody>\n<tr style=\"height: 23px;\">\n<td style=\"width: 204.844px; height: 23px;\"><span style=\"text-decoration: underline; font-size: 16px;\"><strong><span style=\"color: #000000; text-decoration: underline;\">TECHNICK\u00c9 PARAMETRE<\/span><\/strong><\/span><\/td>\n<td style=\"width: 607.156px; height: 23px;\">&nbsp;<\/td>\n<\/tr>\n<tr style=\"height: 23px;\">\n<td style=\"width: 204.844px; height: 23px;\"><span style=\"color: #000000;\">spotreba<\/span><\/td>\n<td style=\"width: 607.156px; height: 23px;\"><span style=\"color: #000000;\"><strong>max. 12x 40W<\/strong><\/span><\/td>\n<\/tr>\n<tr style=\"height: 23px;\">\n<td style=\"width: 204.844px; height: 23px;\"><span style=\"color: #000000;\">p\u00e4tica (z\u00e1vit)<\/span><\/td>\n<td style=\"width: 607.156px; height: 23px;\"><span style=\"color: #000000;\"><strong>G9<\/strong><\/span><\/td>\n<\/tr>\n<tr style=\"height: 23px;\">\n<td style=\"width: 204.844px; height: 23px;\"><span style=\"color: #000000;\">rozmer (mm)<\/span><\/td>\n<td style=\"width: 607.156px; height: 23px;\"><strong><span style=\"color: #000000;\">\u00d8800 x 400<\/span><\/strong><\/td>\n<\/tr>\n<tr style=\"height: 23px;\">\n<td style=\"width: 204.844px; height: 23px;\"><span style=\"color: #000000;\">nap\u00e4tie <\/span><\/td>\n<td style=\"width: 607.156px; height: 23px;\"><span style=\"color: #000000;\"><strong>230V<\/strong><\/span><\/td>\n<\/tr>\n<tr style=\"height: 23px;\">\n<td style=\"width: 204.844px; height: 23px;\"><span style=\"color: #000000;\">hmotnos\u0165 netto (g)<\/span><\/td>\n<td style=\"width: 607.156px; height: 23px;\"><span style=\"color: #000000;\"><strong>13210<\/strong><\/span><\/td>\n<\/tr>\n<tr style=\"height: 23px;\">\n<td style=\"width: 204.844px; height: 23px;\"><span style=\"color: #000000;\">krytie<\/span><\/td>\n<td style=\"width: 607.156px; height: 23px;\"><span style=\"color: #000000;\"><strong>IP20<\/strong><\/span><\/td>\n<\/tr>\n<tr style=\"height: 23px;\">\n<td style=\"width: 204.844px; height: 23px;\"><span style=\"color: #000000;\">materi\u00e1l<\/span><\/td>\n<td style=\"width: 607.156px; height: 23px;\"><span style=\"color: #000000;\"><strong>AL + kry\u0161t\u00e1l ( farebn\u00fd )<\/strong><\/span><\/td>\n<\/tr>\n<tr style=\"height: 23px;\">\n<td style=\"width: 204.844px; height: 23px;\"><span style=\"color: #000000;\">balenie<\/span><\/td>\n<td style=\"width: 607.156px; height: 23px;\"><span style=\"color: #000000;\"><strong>1<\/strong><\/span><\/td>\n<\/tr>\n<\/tbody>\n<\/table>\n<p>&nbsp;<\/p>\n","protected":false},"excerpt":{"rendered":"<p>Stropn\u00e9 kry\u0161t\u00e1lov\u00e9 svietidlo&nbsp;zna\u010dky NEDES, je v\u010faka svojmu nad\u010dasov\u00e9mu dizajnu vhodn\u00e9 do ka\u017edej miestnosti, kde chcete vytvori\u0165 luxusn\u00fa atmosf\u00e9ru, najm\u00e4 do ob\u00fdva\u010dky, jed\u00e1lne, sp\u00e1lne \u010di predsiene. Toto svietidlo vynikaj\u00faco kombinuje modern\u00fd \u0161t\u00fdl s najvy\u0161\u0161ou kvalitou. Svietidlo prid\u00e1va eleganciu do V\u00e1\u0161ho interi\u00e9ru. Medzi k\u013e\u00fa\u010dov\u00e9 vlastnosti patr\u00ed modern\u00fd dizajn, \u00faspornos\u0165 a spo\u013eahlivos\u0165. Je vyroben\u00e9 z kvalitn\u00e9ho kovu, vo [&hellip;]<\/p>\n","protected":false},"featured_media":12773,"comment_status":"closed","ping_status":"open","template":"","meta":[],"product_brand":[],"product_cat":[41],"product_tag":[],"class_list":{"0":"post-12772","1":"product","2":"type-product","3":"status-publish","4":"has-post-thumbnail","6":"product_cat-led-design-svietidla","8":"first","9":"instock","10":"purchasable","11":"product-type-simple"},"_links":{"self":[{"href":"https:\/\/nedes.significa.sk\/hu\/wp-json\/wp\/v2\/product\/12772","targetHints":{"allow":["GET"]}}],"collection":[{"href":"https:\/\/nedes.significa.sk\/hu\/wp-json\/wp\/v2\/product"}],"about":[{"href":"https:\/\/nedes.significa.sk\/hu\/wp-json\/wp\/v2\/types\/product"}],"replies":[{"embeddable":true,"href":"https:\/\/nedes.significa.sk\/hu\/wp-json\/wp\/v2\/comments?post=12772"}],"wp:featuredmedia":[{"embeddable":true,"href":"https:\/\/nedes.significa.sk\/hu\/wp-json\/wp\/v2\/media\/12773"}],"wp:attachment":[{"href":"https:\/\/nedes.significa.sk\/hu\/wp-json\/wp\/v2\/media?parent=12772"}],"wp:term":[{"taxonomy":"product_brand","embeddable":true,"href":"https:\/\/nedes.significa.sk\/hu\/wp-json\/wp\/v2\/product_brand?post=12772"},{"taxonomy":"product_cat","embeddable":true,"href":"https:\/\/nedes.significa.sk\/hu\/wp-json\/wp\/v2\/product_cat?post=12772"},{"taxonomy":"product_tag","embeddable":true,"href":"https:\/\/nedes.significa.sk\/hu\/wp-json\/wp\/v2\/product_tag?post=12772"}],"curies":[{"name":"wp","href":"https:\/\/api.w.org\/{rel}","templated":true}]}}