{"id":7447,"date":"2024-09-11T11:27:22","date_gmt":"2024-09-11T11:27:22","guid":{"rendered":"https:\/\/nedes.significa.sk\/?post_type=product&#038;p=7447"},"modified":"2024-09-11T20:39:35","modified_gmt":"2024-09-11T20:39:35","slug":"led-stolna-lampa-hazel-5w-stmievatelna-s-usb-dl1201-w","status":"publish","type":"product","link":"https:\/\/nedes.significa.sk\/hu\/produkty\/led-stolna-lampa-hazel-5w-stmievatelna-s-usb-dl1201-w\/","title":{"rendered":"LED stoln\u00e1 lampa HAZEL 5W stmievate\u013en\u00e1 s USB &#8211; DL1201\/W"},"content":{"rendered":"","protected":false},"excerpt":{"rendered":"<p><strong>LED stoln\u00e1 lampa HAZEL<\/strong>\u00a0zna\u010dky\u00a0<strong>NEDES,<\/strong>\u00a0pon\u00faka kvalitn\u00e9\u00a0<strong>LED svetlo,<\/strong>\u00a0vhodn\u00e9<strong>\u00a0pre<\/strong>\u00a0<strong>detsk\u00fa izbu<\/strong>,\u00a0<strong>kancel\u00e1riu,<\/strong>\u00a0\u010di\u00a0<strong>pracov\u0148u<\/strong>. T\u00e1to\u00a0<strong>dizajnov\u00e1 stoln\u00e1 LED lampi\u010dka<\/strong>\u00a0poskytuje\u00a0<strong>najkvalitnej\u0161ie osvetlenie<\/strong>\u00a0v\u00a0<strong>neutr\u00e1lnej bielej farbe<\/strong>.<\/p>\n<p>Je vybaven\u00e1 funkciami, ako je\u00a0<strong>stmievanie\u00a0<\/strong>a\u00a0<strong>bezdr\u00f4tov\u00e9 nab\u00edjanie<\/strong>\u00a0s\u00a0<strong>USB pripojen\u00edm<\/strong>, \u010do prin\u00e1\u0161a do V\u00e1\u0161ho interi\u00e9ru praktick\u00fd a funk\u010dn\u00fd rozmer. Ide\u00e1lne rie\u0161enie pre \u00fa\u010dinnn\u00e9 a multifunk\u010dn\u00e9<strong>\u00a0osvetlenie<\/strong>\u00a0miestnosti. V\u010faka svojej n\u00edzkej spotrebe energie, s\u00fa tieto\u00a0<strong>svietidl\u00e1\u00a0<\/strong>ob\u013e\u00faben\u00e9 na celom\u00a0<strong>svete.<\/strong><\/p>\n","protected":false},"featured_media":7448,"comment_status":"open","ping_status":"closed","template":"","meta":[],"product_brand":[],"product_cat":[59],"product_tag":[],"class_list":{"0":"post-7447","1":"product","2":"type-product","3":"status-publish","4":"has-post-thumbnail","6":"product_cat-akcia","8":"first","9":"instock","10":"sale","11":"taxable","12":"shipping-taxable","13":"purchasable","14":"product-type-simple"},"_links":{"self":[{"href":"https:\/\/nedes.significa.sk\/hu\/wp-json\/wp\/v2\/product\/7447","targetHints":{"allow":["GET"]}}],"collection":[{"href":"https:\/\/nedes.significa.sk\/hu\/wp-json\/wp\/v2\/product"}],"about":[{"href":"https:\/\/nedes.significa.sk\/hu\/wp-json\/wp\/v2\/types\/product"}],"replies":[{"embeddable":true,"href":"https:\/\/nedes.significa.sk\/hu\/wp-json\/wp\/v2\/comments?post=7447"}],"wp:featuredmedia":[{"embeddable":true,"href":"https:\/\/nedes.significa.sk\/hu\/wp-json\/wp\/v2\/media\/7448"}],"wp:attachment":[{"href":"https:\/\/nedes.significa.sk\/hu\/wp-json\/wp\/v2\/media?parent=7447"}],"wp:term":[{"taxonomy":"product_brand","embeddable":true,"href":"https:\/\/nedes.significa.sk\/hu\/wp-json\/wp\/v2\/product_brand?post=7447"},{"taxonomy":"product_cat","embeddable":true,"href":"https:\/\/nedes.significa.sk\/hu\/wp-json\/wp\/v2\/product_cat?post=7447"},{"taxonomy":"product_tag","embeddable":true,"href":"https:\/\/nedes.significa.sk\/hu\/wp-json\/wp\/v2\/product_tag?post=7447"}],"curies":[{"name":"wp","href":"https:\/\/api.w.org\/{rel}","templated":true}]}}