{"id":9906,"date":"2024-09-12T06:47:52","date_gmt":"2024-09-12T06:47:52","guid":{"rendered":"https:\/\/nedes.significa.sk\/produkty\/dialkovy-ovladac-pre-led-svietidlo-ufo-lu112-150w-rlu112\/"},"modified":"2024-09-12T06:47:58","modified_gmt":"2024-09-12T06:47:58","slug":"dialkovy-ovladac-pre-led-svietidlo-ufo-lu112-150w-rlu112","status":"publish","type":"product","link":"https:\/\/nedes.significa.sk\/hu\/produkty\/dialkovy-ovladac-pre-led-svietidlo-ufo-lu112-150w-rlu112\/","title":{"rendered":"Dia\u013ekov\u00fd ovl\u00e1da\u010d pre LED svietidlo UFO LU112 \/ 150W &#8211; RLU112"},"content":{"rendered":"<p><span style=\"color: #000000;\"><strong>Dia\u013ekov\u00fd ovl\u00e1da\u010d pre LED svietidlo UFO,<\/strong> je mal\u00fd bezdr\u00f4tov\u00fd ovl\u00e1da\u010d, ktor\u00fd umo\u017e\u0148uje pou\u017e\u00edvate\u013eovi pohodlne riadi\u0165 r\u00f4zne funkcie osvetlenia z dia\u013eky.<\/span><\/p>\n<p><span style=\"color: #000000;\">Tieto ovl\u00e1da\u010de maj\u00fa tla\u010didl\u00e1, ktor\u00e9 umo\u017e\u0148uj\u00fa zap\u00edna\u0165, vyp\u00edna\u0165 svetlo a in\u00e9 funkcie.&nbsp;<\/span><\/p>\n<p><span style=\"color: #000000;\">Jeho pou\u017eitie je u\u017eito\u010dn\u00e9 v pr\u00edpadoch, ke\u010f je <strong>svetlo<\/strong> umiestnen\u00e9 na \u0165a\u017eko dostupn\u00fdch miestach alebo v pr\u00edpadoch, ke\u010f chcete ma\u0165 jednoduch\u00fa a pohodln\u00fa mo\u017enos\u0165 ru\u010dn\u00e9ho ovl\u00e1dania.<\/span><\/p>\n<p><span style=\"color: #000000;\">Na\u0161e <strong>svietidl\u00e1<\/strong> a ostatn\u00e9 v\u00fdrobky s\u00fa ob\u013e\u00faben\u00e9 na celom <strong>svete<\/strong>.<\/span><\/p>\n<table style=\"height: 442px;\">\n<tbody>\n<tr style=\"height: 23px;\">\n<td style=\"width: 205px; height: 23px;\"><span style=\"text-decoration: underline; font-size: 16px;\"><strong><span style=\"color: #000000; text-decoration: underline;\">TECHNICK\u00c9 PARAMETRE<\/span><\/strong><\/span><\/td>\n<td style=\"width: 608px; height: 23px;\">&nbsp;<\/td>\n<\/tr>\n<tr style=\"height: 23px;\">\n<td style=\"width: 205px; height: 23px;\"><span style=\"color: #000000;\">nap\u00e1janie<\/span><\/td>\n<td style=\"width: 608px; height: 23px;\"><span style=\"color: #000000;\"><strong>1 x CR2025 &#8211; 3V (obsahuje)<\/strong><\/span><\/td>\n<\/tr>\n<tr style=\"height: 23px;\">\n<td style=\"width: 205px; height: 23px;\"><span style=\"color: #000000;\">pou\u017eitie pre<\/span><\/td>\n<td style=\"width: 608px; height: 23px;\"><span style=\"color: #000000;\"><strong>LU112\/SR<\/strong><\/span><\/td>\n<\/tr>\n<tr style=\"height: 23px;\">\n<td style=\"width: 205px; height: 23px;\"><span style=\"color: #000000;\">balenie<\/span><\/td>\n<td style=\"width: 608px; height: 23px;\"><span style=\"color: #000000;\"><strong>1\/100<\/strong><\/span><\/td>\n<\/tr>\n<\/tbody>\n<\/table>\n","protected":false},"excerpt":{"rendered":"<p>Dia\u013ekov\u00fd ovl\u00e1da\u010d pre LED svietidlo UFO, je mal\u00fd bezdr\u00f4tov\u00fd ovl\u00e1da\u010d, ktor\u00fd umo\u017e\u0148uje pou\u017e\u00edvate\u013eovi pohodlne riadi\u0165 r\u00f4zne funkcie osvetlenia z dia\u013eky. Tieto ovl\u00e1da\u010de maj\u00fa tla\u010didl\u00e1, ktor\u00e9 umo\u017e\u0148uj\u00fa zap\u00edna\u0165, vyp\u00edna\u0165 svetlo a in\u00e9 funkcie.&nbsp; Jeho pou\u017eitie je u\u017eito\u010dn\u00e9 v pr\u00edpadoch, ke\u010f je svetlo umiestnen\u00e9 na \u0165a\u017eko dostupn\u00fdch miestach alebo v pr\u00edpadoch, ke\u010f chcete ma\u0165 jednoduch\u00fa a pohodln\u00fa [&hellip;]<\/p>\n","protected":false},"featured_media":9907,"comment_status":"closed","ping_status":"open","template":"","meta":[],"product_brand":[],"product_cat":[112],"product_tag":[],"class_list":{"0":"post-9906","1":"product","2":"type-product","3":"status-publish","4":"has-post-thumbnail","6":"product_cat-prislusenstvo-led-svietidla-priemyselne","8":"first","9":"instock","10":"purchasable","11":"product-type-simple"},"_links":{"self":[{"href":"https:\/\/nedes.significa.sk\/hu\/wp-json\/wp\/v2\/product\/9906","targetHints":{"allow":["GET"]}}],"collection":[{"href":"https:\/\/nedes.significa.sk\/hu\/wp-json\/wp\/v2\/product"}],"about":[{"href":"https:\/\/nedes.significa.sk\/hu\/wp-json\/wp\/v2\/types\/product"}],"replies":[{"embeddable":true,"href":"https:\/\/nedes.significa.sk\/hu\/wp-json\/wp\/v2\/comments?post=9906"}],"wp:featuredmedia":[{"embeddable":true,"href":"https:\/\/nedes.significa.sk\/hu\/wp-json\/wp\/v2\/media\/9907"}],"wp:attachment":[{"href":"https:\/\/nedes.significa.sk\/hu\/wp-json\/wp\/v2\/media?parent=9906"}],"wp:term":[{"taxonomy":"product_brand","embeddable":true,"href":"https:\/\/nedes.significa.sk\/hu\/wp-json\/wp\/v2\/product_brand?post=9906"},{"taxonomy":"product_cat","embeddable":true,"href":"https:\/\/nedes.significa.sk\/hu\/wp-json\/wp\/v2\/product_cat?post=9906"},{"taxonomy":"product_tag","embeddable":true,"href":"https:\/\/nedes.significa.sk\/hu\/wp-json\/wp\/v2\/product_tag?post=9906"}],"curies":[{"name":"wp","href":"https:\/\/api.w.org\/{rel}","templated":true}]}}