{"id":9955,"date":"2024-09-12T06:48:17","date_gmt":"2024-09-12T06:48:17","guid":{"rendered":"https:\/\/nedes.significa.sk\/produkty\/led-pracovna-nabijacia-prenosna-lampa-wl03r\/"},"modified":"2024-09-12T06:48:20","modified_gmt":"2024-09-12T06:48:20","slug":"led-pracovna-nabijacia-prenosna-lampa-wl03r","status":"publish","type":"product","link":"https:\/\/nedes.significa.sk\/hu\/produkty\/led-pracovna-nabijacia-prenosna-lampa-wl03r\/","title":{"rendered":"LED pracovn\u00e1 nab\u00edjacia prenosn\u00e1 lampa &#8211; WL03R"},"content":{"rendered":"<table style=\"height: 322px; width: 825px;\">\n<tbody>\n<tr style=\"height: 23px;\">\n<td style=\"width: 202.828px; height: 23px;\"><span style=\"text-decoration: underline; font-size: 16px;\"><strong><span style=\"color: #000000; text-decoration: underline;\">TECHNICK\u00c9 PARAMETRE<\/span><\/strong><\/span><\/td>\n<td style=\"width: 621.172px; height: 23px;\">&nbsp;<\/td>\n<\/tr>\n<tr style=\"height: 23px;\">\n<td style=\"width: 202.828px; height: 23px;\"><span style=\"color: #000000;\">zdroj svetla<\/span><\/td>\n<td style=\"width: 621.172px; height: 23px;\"><span style=\"background-color: #ffffff; color: #000000;\"><strong>10W COB<\/strong><\/span><\/td>\n<\/tr>\n<tr style=\"height: 23px;\">\n<td style=\"width: 202.828px; height: 23px;\"><span style=\"color: #000000;\">sveteln\u00fd tok<\/span><\/td>\n<td style=\"width: 621.172px; height: 23px;\"><span style=\"color: #000000;\"><strong>400Lm<\/strong><\/span><\/td>\n<\/tr>\n<tr style=\"height: 23px;\">\n<td style=\"width: 202.828px; height: 23px;\"><span style=\"color: #000000;\">nap\u00e1janie<\/span><\/td>\n<td style=\"width: 621.172px; height: 23px;\"><span style=\"color: #000000;\"><strong>1xLi-Ion-2000mA(obsahuje)<\/strong><\/span><\/td>\n<\/tr>\n<tr style=\"height: 23px;\">\n<td style=\"width: 202.828px; height: 23px;\"><span style=\"color: #000000;\">funkcie svetla<\/span><\/td>\n<td style=\"width: 621.172px; height: 23px;\"><span style=\"color: #000000;\"><strong>0% &#8211; 100% (stmievate\u013en\u00e1) \/ vypnutie<\/strong><\/span><\/td>\n<\/tr>\n<tr style=\"height: 23px;\">\n<td style=\"width: 202.828px; height: 23px;\"><span style=\"color: #000000;\">senzor<\/span><\/td>\n<td style=\"width: 621.172px; height: 23px;\"><span style=\"color: #000000;\"><strong>nie<\/strong><\/span><\/td>\n<\/tr>\n<tr style=\"height: 23px;\">\n<td style=\"width: 202.828px; height: 23px;\"><span style=\"color: #000000;\">focus<\/span><\/td>\n<td style=\"width: 621.172px; height: 23px;\"><span style=\"color: #000000;\"><strong>nie<\/strong><\/span><\/td>\n<\/tr>\n<tr style=\"height: 23px;\">\n<td style=\"width: 202.828px; height: 23px;\"><span style=\"color: #000000;\">rozmer (mm)<\/span><\/td>\n<td style=\"width: 621.172px; height: 23px;\"><span style=\"color: #000000;\"><strong><span class=\"product_value\">378 x \u00d838<\/span><\/strong><\/span><\/td>\n<\/tr>\n<tr style=\"height: 23px;\">\n<td style=\"width: 202.828px; height: 23px;\"><span style=\"color: #000000;\">chromati\u010dnos\u0165 (farba svetla)<\/span><\/td>\n<td style=\"width: 621.172px; height: 23px;\"><span style=\"color: #000000;\"><strong>biela<\/strong><\/span><\/td>\n<\/tr>\n<tr style=\"height: 23px;\">\n<td style=\"width: 202.828px; height: 23px;\"><span style=\"color: #000000;\">dosvit<\/span><\/td>\n<td style=\"width: 621.172px; height: 23px;\"><span style=\"color: #000000;\"><strong>&#8211;<\/strong><\/span><\/td>\n<\/tr>\n<tr style=\"height: 23px;\">\n<td style=\"width: 202.828px; height: 23px;\"><span style=\"color: #000000;\">krytie<\/span><\/td>\n<td style=\"width: 621.172px; height: 23px;\"><span style=\"color: #000000;\"><strong>IPX4<\/strong><\/span><\/td>\n<\/tr>\n<tr style=\"height: 23px;\">\n<td style=\"width: 202.828px; height: 23px;\"><span style=\"color: #000000;\">materi\u00e1l<\/span><\/td>\n<td style=\"width: 621.172px; height: 23px;\"><span style=\"color: #000000;\"><strong>PC-ABS<\/strong><\/span><\/td>\n<\/tr>\n<tr style=\"height: 23px;\">\n<td style=\"width: 202.828px; height: 23px;\"><span style=\"color: #000000;\">uchytenie<\/span><\/td>\n<td style=\"width: 621.172px; height: 23px;\"><span style=\"color: #000000;\"><strong>ru\u010dn\u00e9\/magnet<\/strong><\/span><\/td>\n<\/tr>\n<tr style=\"height: 23px;\">\n<td style=\"width: 202.828px; height: 23px;\"><span style=\"color: #000000;\">balenie<\/span><\/td>\n<td style=\"width: 621.172px; height: 23px;\"><span style=\"color: #000000;\"><strong>1\/15\/45<\/strong><\/span><\/td>\n<\/tr>\n<tr>\n<td style=\"width: 202.828px;\"><span style=\"color: #000000;\">hmotnos\u0165 netto (g)<\/span><\/td>\n<td style=\"width: 621.172px;\"><span style=\"color: #000000;\"><strong>186<\/strong><\/span><\/td>\n<\/tr>\n<tr>\n<td style=\"width: 202.828px;\"><span style=\"color: #000000;\">LED s\u00fa nevymenite\u013en\u00e9<\/span><\/td>\n<td style=\"width: 621.172px;\"><span style=\"color: #000000;\"><strong>&nbsp;<\/strong><\/span><\/td>\n<\/tr>\n<\/tbody>\n<\/table>\n","protected":false},"excerpt":{"rendered":"<p>TECHNICK\u00c9 PARAMETRE &nbsp; zdroj svetla 10W COB sveteln\u00fd tok 400Lm nap\u00e1janie 1xLi-Ion-2000mA(obsahuje) funkcie svetla 0% &#8211; 100% (stmievate\u013en\u00e1) \/ vypnutie senzor nie focus nie rozmer (mm) 378 x \u00d838 chromati\u010dnos\u0165 (farba svetla) biela dosvit &#8211; krytie IPX4 materi\u00e1l PC-ABS uchytenie ru\u010dn\u00e9\/magnet balenie 1\/15\/45 hmotnos\u0165 netto (g) 186 LED s\u00fa nevymenite\u013en\u00e9 &nbsp;<\/p>\n","protected":false},"featured_media":9956,"comment_status":"closed","ping_status":"open","template":"","meta":[],"product_brand":[],"product_cat":[122],"product_tag":[],"class_list":{"0":"post-9955","1":"product","2":"type-product","3":"status-publish","4":"has-post-thumbnail","6":"product_cat-pracovne-svietidla","8":"first","9":"instock","10":"purchasable","11":"product-type-simple"},"_links":{"self":[{"href":"https:\/\/nedes.significa.sk\/hu\/wp-json\/wp\/v2\/product\/9955","targetHints":{"allow":["GET"]}}],"collection":[{"href":"https:\/\/nedes.significa.sk\/hu\/wp-json\/wp\/v2\/product"}],"about":[{"href":"https:\/\/nedes.significa.sk\/hu\/wp-json\/wp\/v2\/types\/product"}],"replies":[{"embeddable":true,"href":"https:\/\/nedes.significa.sk\/hu\/wp-json\/wp\/v2\/comments?post=9955"}],"wp:featuredmedia":[{"embeddable":true,"href":"https:\/\/nedes.significa.sk\/hu\/wp-json\/wp\/v2\/media\/9956"}],"wp:attachment":[{"href":"https:\/\/nedes.significa.sk\/hu\/wp-json\/wp\/v2\/media?parent=9955"}],"wp:term":[{"taxonomy":"product_brand","embeddable":true,"href":"https:\/\/nedes.significa.sk\/hu\/wp-json\/wp\/v2\/product_brand?post=9955"},{"taxonomy":"product_cat","embeddable":true,"href":"https:\/\/nedes.significa.sk\/hu\/wp-json\/wp\/v2\/product_cat?post=9955"},{"taxonomy":"product_tag","embeddable":true,"href":"https:\/\/nedes.significa.sk\/hu\/wp-json\/wp\/v2\/product_tag?post=9955"}],"curies":[{"name":"wp","href":"https:\/\/api.w.org\/{rel}","templated":true}]}}