{"id":9958,"date":"2024-09-12T06:48:17","date_gmt":"2024-09-12T06:48:17","guid":{"rendered":"https:\/\/nedes.significa.sk\/produkty\/led-pracovna-nabijacia-baterka-wl01r\/"},"modified":"2024-09-12T06:48:21","modified_gmt":"2024-09-12T06:48:21","slug":"led-pracovna-nabijacia-baterka-wl01r","status":"publish","type":"product","link":"https:\/\/nedes.significa.sk\/hu\/produkty\/led-pracovna-nabijacia-baterka-wl01r\/","title":{"rendered":"LED pracovn\u00e1 nab\u00edjacia baterka &#8211; WL01R"},"content":{"rendered":"<p><span style=\"color: #000000;\"><strong>LED pracovn\u00e9 nab\u00edjacie svietidlo<\/strong>&nbsp;zna\u010dky<strong> NEDES,<\/strong> je v\u00fdborn\u00fdm a praktick\u00fdm spolo\u010dn\u00edkom pre r\u00f4zne aktivity. <\/span><\/p>\n<p><span style=\"color: #000000;\">S ru\u010dnou poz\u00edciou, magnetom a pracovn\u00fdm re\u017eimom poskytuje ide\u00e1lne a spo\u013eahliv\u00e9 <strong>osvetlenie<\/strong> pri turistike, kempovan\u00ed, pr\u00e1ci, \u010di ryb\u00e1r\u010den\u00ed. <\/span><\/p>\n<p><span style=\"color: #000000;\">Toto<strong> svetlo<\/strong> zabezpe\u010duje v\u00fdborn\u00fd v\u00fdh\u013ead v r\u00f4znych situ\u00e1ciach.<\/span><\/p>\n<p><span style=\"color: #000000;\"> <strong>Nab\u00edjacia funkcia<\/strong> prid\u00e1va <strong>LED svietidlu<\/strong> \u010fal\u0161ie praktick\u00e9 funkcie. <\/span><\/p>\n<p><span style=\"color: #000000;\">Je skvel\u00fdm spolo\u010dn\u00edkom kamko\u013evek a taktie\u017e je ide\u00e1lne napr. na zavesenie a \u013eahk\u00e9 na bezprobl\u00e9mov\u00e9 pou\u017eitie. <\/span><\/p>\n<p><span style=\"color: #000000;\">Medzi k\u013e\u00fa\u010dov\u00e9 vlastnosti patr\u00ed <strong>jednoduch\u00fd<\/strong> a <strong>modern\u00fd dizajn<\/strong>, <strong>LED technol\u00f3gia<\/strong>,<strong> spo\u013eahlivos\u0165<\/strong> a v neposlednom rade <strong>cenov\u00e1 dostupnos\u0165<\/strong>. <\/span><\/p>\n<p><span style=\"color: #000000;\">Na\u0161e <strong>svietidl\u00e1<\/strong> s\u00fa ob\u013e\u00faben\u00e9 na celom <strong>svete.<\/strong>&nbsp;&nbsp;<\/span><\/p>\n<table style=\"height: 322px; width: 747px;\">\n<tbody>\n<tr style=\"height: 23px;\">\n<td style=\"width: 202.797px; height: 23px;\"><span style=\"text-decoration: underline; font-size: 16px;\"><strong><span style=\"color: #000000; text-decoration: underline;\">TECHNICK\u00c9 PARAMETRE<\/span><\/strong><\/span><\/td>\n<td style=\"width: 543.203px; height: 23px;\">&nbsp;<\/td>\n<\/tr>\n<tr style=\"height: 23px;\">\n<td style=\"width: 202.797px; height: 23px;\"><span style=\"color: #000000;\">zdroj svetla<\/span><\/td>\n<td style=\"width: 543.203px; height: 23px;\"><span style=\"background-color: #ffffff; color: #000000;\"><strong>5W COB + 1W LED<\/strong><\/span><\/td>\n<\/tr>\n<tr style=\"height: 23px;\">\n<td style=\"width: 202.797px; height: 23px;\"><span style=\"color: #000000;\">sveteln\u00fd tok<\/span><\/td>\n<td style=\"width: 543.203px; height: 23px;\"><span style=\"color: #000000;\"><strong>600Lm + 80Lm<\/strong><\/span><\/td>\n<\/tr>\n<tr style=\"height: 23px;\">\n<td style=\"width: 202.797px; height: 23px;\"><span style=\"color: #000000;\">nap\u00e1janie<\/span><\/td>\n<td style=\"width: 543.203px; height: 23px;\"><span style=\"color: #000000;\"><strong>1xLi-Ion-1800mA(obsahuje)<\/strong><\/span><\/td>\n<\/tr>\n<tr style=\"height: 23px;\">\n<td style=\"width: 202.797px; height: 23px;\"><span style=\"color: #000000;\">funkcie svetla<\/span><\/td>\n<td style=\"width: 543.203px; height: 23px;\"><span style=\"color: #000000;\"><strong>5WCOB 100% \/ 5WCOB 10% \/ 1W LED \/ vypnutie<\/strong><\/span><\/td>\n<\/tr>\n<tr style=\"height: 23px;\">\n<td style=\"width: 202.797px; height: 23px;\"><span style=\"color: #000000;\">senzor<\/span><\/td>\n<td style=\"width: 543.203px; height: 23px;\"><span style=\"color: #000000;\"><strong>nie<\/strong><\/span><\/td>\n<\/tr>\n<tr style=\"height: 23px;\">\n<td style=\"width: 202.797px; height: 23px;\"><span style=\"color: #000000;\">focus<\/span><\/td>\n<td style=\"width: 543.203px; height: 23px;\"><span style=\"color: #000000;\"><strong>nie<\/strong><\/span><\/td>\n<\/tr>\n<tr style=\"height: 23px;\">\n<td style=\"width: 202.797px; height: 23px;\"><span style=\"color: #000000;\">rozmer<\/span><\/td>\n<td style=\"width: 543.203px; height: 23px;\"><span style=\"color: #000000;\"><strong><span class=\"product_value\">158\/322 x \u00d846<\/span><\/strong><\/span><\/td>\n<\/tr>\n<tr style=\"height: 23px;\">\n<td style=\"width: 202.797px; height: 23px;\"><span style=\"color: #000000;\">chromati\u010dnos\u0165 (farba svetla)<\/span><\/td>\n<td style=\"width: 543.203px; height: 23px;\"><span style=\"color: #000000;\"><strong>biela<\/strong><\/span><\/td>\n<\/tr>\n<tr style=\"height: 23px;\">\n<td style=\"width: 202.797px; height: 23px;\"><span style=\"color: #000000;\">dosvit<\/span><\/td>\n<td style=\"width: 543.203px; height: 23px;\"><span style=\"color: #000000;\"><strong>&#8211;<\/strong><\/span><\/td>\n<\/tr>\n<tr style=\"height: 23px;\">\n<td style=\"width: 202.797px; height: 23px;\"><span style=\"color: #000000;\">krytie<\/span><\/td>\n<td style=\"width: 543.203px; height: 23px;\"><span style=\"color: #000000;\"><strong>IPX4<\/strong><\/span><\/td>\n<\/tr>\n<tr style=\"height: 23px;\">\n<td style=\"width: 202.797px; height: 23px;\"><span style=\"color: #000000;\">materi\u00e1l<\/span><\/td>\n<td style=\"width: 543.203px; height: 23px;\"><span style=\"color: #000000;\"><strong>kov<\/strong><\/span><\/td>\n<\/tr>\n<tr style=\"height: 23px;\">\n<td style=\"width: 202.797px; height: 23px;\"><span style=\"color: #000000;\">uchytenie<\/span><\/td>\n<td style=\"width: 543.203px; height: 23px;\"><span style=\"color: #000000;\"><strong>ru\u010dn\u00e9\/magnet<\/strong><\/span><\/td>\n<\/tr>\n<tr style=\"height: 23px;\">\n<td style=\"width: 202.797px; height: 23px;\"><span style=\"color: #000000;\">balenie<\/span><\/td>\n<td style=\"width: 543.203px; height: 23px;\"><span style=\"color: #000000;\"><strong>1\/20\/40<\/strong><\/span><\/td>\n<\/tr>\n<tr>\n<td style=\"width: 202.797px;\"><span style=\"color: #000000;\">hmotnos\u0165 netto (g)<\/span><\/td>\n<td style=\"width: 543.203px;\"><span style=\"color: #000000;\"><strong>258<\/strong><\/span><\/td>\n<\/tr>\n<tr>\n<td style=\"width: 202.797px;\"><span style=\"color: #000000;\">LED s\u00fa nevymenite\u013en\u00e9<\/span><\/td>\n<td style=\"width: 543.203px;\"><span style=\"color: #000000;\"><strong>&nbsp;<\/strong><\/span><\/td>\n<\/tr>\n<\/tbody>\n<\/table>\n","protected":false},"excerpt":{"rendered":"<p>LED pracovn\u00e9 nab\u00edjacie svietidlo&nbsp;zna\u010dky NEDES, je v\u00fdborn\u00fdm a praktick\u00fdm spolo\u010dn\u00edkom pre r\u00f4zne aktivity. S ru\u010dnou poz\u00edciou, magnetom a pracovn\u00fdm re\u017eimom poskytuje ide\u00e1lne a spo\u013eahliv\u00e9 osvetlenie pri turistike, kempovan\u00ed, pr\u00e1ci, \u010di ryb\u00e1r\u010den\u00ed. Toto svetlo zabezpe\u010duje v\u00fdborn\u00fd v\u00fdh\u013ead v r\u00f4znych situ\u00e1ciach. Nab\u00edjacia funkcia prid\u00e1va LED svietidlu \u010fal\u0161ie praktick\u00e9 funkcie. Je skvel\u00fdm spolo\u010dn\u00edkom kamko\u013evek a taktie\u017e je ide\u00e1lne [&hellip;]<\/p>\n","protected":false},"featured_media":9959,"comment_status":"closed","ping_status":"open","template":"","meta":[],"product_brand":[],"product_cat":[61],"product_tag":[],"class_list":{"0":"post-9958","1":"product","2":"type-product","3":"status-publish","4":"has-post-thumbnail","6":"product_cat-led-svietidla-rucne-pozicne","8":"first","9":"instock","10":"purchasable","11":"product-type-simple"},"_links":{"self":[{"href":"https:\/\/nedes.significa.sk\/hu\/wp-json\/wp\/v2\/product\/9958","targetHints":{"allow":["GET"]}}],"collection":[{"href":"https:\/\/nedes.significa.sk\/hu\/wp-json\/wp\/v2\/product"}],"about":[{"href":"https:\/\/nedes.significa.sk\/hu\/wp-json\/wp\/v2\/types\/product"}],"replies":[{"embeddable":true,"href":"https:\/\/nedes.significa.sk\/hu\/wp-json\/wp\/v2\/comments?post=9958"}],"wp:featuredmedia":[{"embeddable":true,"href":"https:\/\/nedes.significa.sk\/hu\/wp-json\/wp\/v2\/media\/9959"}],"wp:attachment":[{"href":"https:\/\/nedes.significa.sk\/hu\/wp-json\/wp\/v2\/media?parent=9958"}],"wp:term":[{"taxonomy":"product_brand","embeddable":true,"href":"https:\/\/nedes.significa.sk\/hu\/wp-json\/wp\/v2\/product_brand?post=9958"},{"taxonomy":"product_cat","embeddable":true,"href":"https:\/\/nedes.significa.sk\/hu\/wp-json\/wp\/v2\/product_cat?post=9958"},{"taxonomy":"product_tag","embeddable":true,"href":"https:\/\/nedes.significa.sk\/hu\/wp-json\/wp\/v2\/product_tag?post=9958"}],"curies":[{"name":"wp","href":"https:\/\/api.w.org\/{rel}","templated":true}]}}