{"id":9964,"date":"2024-09-12T06:48:17","date_gmt":"2024-09-12T06:48:17","guid":{"rendered":"https:\/\/nedes.significa.sk\/produkty\/led-prenosna-kempingova-lampa-fcl02\/"},"modified":"2024-09-12T06:48:23","modified_gmt":"2024-09-12T06:48:23","slug":"led-prenosna-kempingova-lampa-fcl02","status":"publish","type":"product","link":"https:\/\/nedes.significa.sk\/hu\/produkty\/led-prenosna-kempingova-lampa-fcl02\/","title":{"rendered":"LED prenosn\u00e1 kempingov\u00e1 lampa &#8211; FCL02"},"content":{"rendered":"<p><span style=\"color: #000000;\"><strong>LED kempingov\u00e9 svietidlo<\/strong><strong>&nbsp;<\/strong>zna\u010dky<strong> NEDES,<\/strong> je v\u00fdborn\u00fdm a praktick\u00fdm spolo\u010dn\u00edkom pre r\u00f4zne aktivity. <\/span><\/p>\n<p><span style=\"color: #000000;\">Je ide\u00e1lna a spo\u013eahliv\u00e1 ako <strong>exteri\u00e9rov\u00e9<\/strong> <strong>osvetlenie<\/strong> pri turistike, kempovan\u00ed, behu a ryb\u00e1r\u010den\u00ed, ale aj <strong>interi\u00e9rov\u00e9 osvetlenie <\/strong>v dielni, \u010di v gar\u00e1\u017ei. <\/span><\/p>\n<p><span style=\"color: #000000;\">Toto<strong> LED svetlo<\/strong> zabezpe\u010duje v\u00fdborn\u00fd v\u00fdh\u013ead v r\u00f4znych situ\u00e1ciach. <\/span><\/p>\n<p><span style=\"color: #000000;\">Medzi k\u013e\u00fa\u010dov\u00e9 vlastnosti patr\u00ed <strong>jednoduch\u00fd<\/strong> a <strong>modern\u00fd dizajn<\/strong>, <strong>LED technol\u00f3gia<\/strong>,<strong> spo\u013eahlivos\u0165<\/strong> a v neposlednom rade <strong>cenov\u00e1 dostupnos\u0165<\/strong>.<\/span><\/p>\n<p><span style=\"color: #000000;\">Je skvel\u00fdm spolo\u010dn\u00edkom kamko\u013evek.<\/span><\/p>\n<p><span style=\"color: #000000;\">M\u00e1 \u013eahk\u00e9 a bezprobl\u00e9mov\u00e9 pou\u017eitie. <\/span><\/p>\n<p><span style=\"color: #000000;\">Na\u0161e <strong>svietidl\u00e1<\/strong> s\u00fa ob\u013e\u00faben\u00e9 na celom <strong>svete.<\/strong><\/span><\/p>\n<table style=\"height: 322px; width: 1046px;\">\n<tbody>\n<tr style=\"height: 23px;\">\n<td style=\"width: 203.875px; height: 23px;\"><span style=\"text-decoration: underline; font-size: 16px;\"><strong><span style=\"color: #000000; text-decoration: underline;\">TECHNICK\u00c9 PARAMETRE<\/span><\/strong><\/span><\/td>\n<td style=\"width: 841.125px; height: 23px;\">&nbsp;<\/td>\n<\/tr>\n<tr style=\"height: 23px;\">\n<td style=\"width: 203.875px; height: 23px;\"><span style=\"color: #000000;\">zdroj svetla<\/span><\/td>\n<td style=\"width: 841.125px; height: 23px;\"><span style=\"color: #000000;\"><strong>1W CREE + \u010derven\u00e1 LED<\/strong><\/span><\/td>\n<\/tr>\n<tr style=\"height: 23px;\">\n<td style=\"width: 203.875px; height: 23px;\"><span style=\"color: #000000;\">sveteln\u00fd tok<\/span><\/td>\n<td style=\"width: 841.125px; height: 23px;\"><span style=\"color: #000000;\"><strong>10Lm<\/strong><\/span><\/td>\n<\/tr>\n<tr style=\"height: 23px;\">\n<td style=\"width: 203.875px; height: 23px;\"><span style=\"color: #000000;\">nap\u00e1janie<\/span><\/td>\n<td style=\"width: 841.125px; height: 23px;\"><span style=\"color: #000000;\"><strong>1 x D-1,5V(neobsahuje)<\/strong><\/span><\/td>\n<\/tr>\n<tr style=\"height: 23px;\">\n<td style=\"width: 203.875px; height: 23px;\"><span style=\"color: #000000;\">funkcie svetla<\/span><\/td>\n<td style=\"width: 841.125px; height: 23px;\"><span style=\"color: #000000;\"><strong>100% 1W CREE \/ \u010derven\u00e1 LED \/ vypnut\u00e9<\/strong><\/span><\/td>\n<\/tr>\n<tr style=\"height: 23px;\">\n<td style=\"width: 203.875px; height: 23px;\"><span style=\"color: #000000;\">senzor<\/span><\/td>\n<td style=\"width: 841.125px; height: 23px;\"><span style=\"color: #000000;\"><strong>nie<\/strong><\/span><\/td>\n<\/tr>\n<tr style=\"height: 23px;\">\n<td style=\"width: 203.875px; height: 23px;\"><span style=\"color: #000000;\">focus<\/span><\/td>\n<td style=\"width: 841.125px; height: 23px;\"><span style=\"color: #000000;\"><strong>nie<\/strong><\/span><\/td>\n<\/tr>\n<tr style=\"height: 23px;\">\n<td style=\"width: 203.875px; height: 23px;\"><span style=\"color: #000000;\">rozmer (mm)<\/span><\/td>\n<td style=\"width: 841.125px; height: 23px;\"><span style=\"color: #000000;\"><strong><span class=\"product_value\">\u00d895x275mm<\/span><\/strong><\/span><\/td>\n<\/tr>\n<tr style=\"height: 23px;\">\n<td style=\"width: 203.875px; height: 23px;\"><span style=\"color: #000000;\">chromati\u010dnos\u0165 (farba svetla)<\/span><\/td>\n<td style=\"width: 841.125px; height: 23px;\"><span style=\"color: #000000;\"><strong>biela \/ \u010derven\u00e1<\/strong><\/span><\/td>\n<\/tr>\n<tr style=\"height: 23px;\">\n<td style=\"width: 203.875px; height: 23px;\"><span style=\"color: #000000;\">dosvit<\/span><\/td>\n<td style=\"width: 841.125px; height: 23px;\"><span style=\"color: #000000;\"><strong>&#8211;<\/strong><\/span><\/td>\n<\/tr>\n<tr style=\"height: 23px;\">\n<td style=\"width: 203.875px; height: 23px;\"><span style=\"color: #000000;\">krytie<\/span><\/td>\n<td style=\"width: 841.125px; height: 23px;\"><span style=\"color: #000000;\"><strong>IPX4<\/strong><\/span><\/td>\n<\/tr>\n<tr style=\"height: 23px;\">\n<td style=\"width: 203.875px; height: 23px;\"><span style=\"color: #000000;\">materi\u00e1l<\/span><\/td>\n<td style=\"width: 841.125px; height: 23px;\"><span style=\"color: #000000;\"><strong>ABS &#8211; PC<\/strong><\/span><\/td>\n<\/tr>\n<tr style=\"height: 23px;\">\n<td style=\"width: 203.875px; height: 23px;\"><span style=\"color: #000000;\">uchytenie<\/span><\/td>\n<td style=\"width: 841.125px; height: 23px;\"><span style=\"color: #000000;\"><strong>na st\u00f4l<\/strong><\/span><\/td>\n<\/tr>\n<tr style=\"height: 23px;\">\n<td style=\"width: 203.875px; height: 23px;\"><span style=\"color: #000000;\">balenie<\/span><\/td>\n<td style=\"width: 841.125px; height: 23px;\"><span style=\"color: #000000;\"><strong>1\/8\/32<\/strong><\/span><\/td>\n<\/tr>\n<tr>\n<td style=\"width: 203.875px;\"><span style=\"color: #000000;\">hmotnos\u0165 netto (g)<\/span><\/td>\n<td style=\"width: 841.125px;\"><span style=\"color: #000000;\"><strong>308<\/strong><\/span><\/td>\n<\/tr>\n<tr>\n<td style=\"width: 203.875px;\"><span style=\"color: #000000;\">LED s\u00fa nevymenite\u013en\u00e9<\/span><\/td>\n<td style=\"width: 841.125px;\"><span style=\"color: #000000;\"><strong>&nbsp;<\/strong><\/span><\/td>\n<\/tr>\n<\/tbody>\n<\/table>\n","protected":false},"excerpt":{"rendered":"<p>LED kempingov\u00e9 svietidlo&nbsp;zna\u010dky NEDES, je v\u00fdborn\u00fdm a praktick\u00fdm spolo\u010dn\u00edkom pre r\u00f4zne aktivity. Je ide\u00e1lna a spo\u013eahliv\u00e1 ako exteri\u00e9rov\u00e9 osvetlenie pri turistike, kempovan\u00ed, behu a ryb\u00e1r\u010den\u00ed, ale aj interi\u00e9rov\u00e9 osvetlenie v dielni, \u010di v gar\u00e1\u017ei. Toto LED svetlo zabezpe\u010duje v\u00fdborn\u00fd v\u00fdh\u013ead v r\u00f4znych situ\u00e1ciach. Medzi k\u013e\u00fa\u010dov\u00e9 vlastnosti patr\u00ed jednoduch\u00fd a modern\u00fd dizajn, LED technol\u00f3gia, spo\u013eahlivos\u0165 a [&hellip;]<\/p>\n","protected":false},"featured_media":9965,"comment_status":"closed","ping_status":"open","template":"","meta":[],"product_brand":[],"product_cat":[121],"product_tag":[],"class_list":{"0":"post-9964","1":"product","2":"type-product","3":"status-publish","4":"has-post-thumbnail","6":"product_cat-kempingove-svietidla","8":"first","9":"instock","10":"purchasable","11":"product-type-simple"},"_links":{"self":[{"href":"https:\/\/nedes.significa.sk\/hu\/wp-json\/wp\/v2\/product\/9964","targetHints":{"allow":["GET"]}}],"collection":[{"href":"https:\/\/nedes.significa.sk\/hu\/wp-json\/wp\/v2\/product"}],"about":[{"href":"https:\/\/nedes.significa.sk\/hu\/wp-json\/wp\/v2\/types\/product"}],"replies":[{"embeddable":true,"href":"https:\/\/nedes.significa.sk\/hu\/wp-json\/wp\/v2\/comments?post=9964"}],"wp:featuredmedia":[{"embeddable":true,"href":"https:\/\/nedes.significa.sk\/hu\/wp-json\/wp\/v2\/media\/9965"}],"wp:attachment":[{"href":"https:\/\/nedes.significa.sk\/hu\/wp-json\/wp\/v2\/media?parent=9964"}],"wp:term":[{"taxonomy":"product_brand","embeddable":true,"href":"https:\/\/nedes.significa.sk\/hu\/wp-json\/wp\/v2\/product_brand?post=9964"},{"taxonomy":"product_cat","embeddable":true,"href":"https:\/\/nedes.significa.sk\/hu\/wp-json\/wp\/v2\/product_cat?post=9964"},{"taxonomy":"product_tag","embeddable":true,"href":"https:\/\/nedes.significa.sk\/hu\/wp-json\/wp\/v2\/product_tag?post=9964"}],"curies":[{"name":"wp","href":"https:\/\/api.w.org\/{rel}","templated":true}]}}